{"id":606,"date":"2020-01-28T19:43:28","date_gmt":"2020-01-28T19:43:28","guid":{"rendered":"http:\/\/teatrounam.com.mx\/fitu29\/?page_id=606"},"modified":"2020-02-05T00:31:32","modified_gmt":"2020-02-05T00:31:32","slug":"intervenciones-escenicas","status":"publish","type":"page","link":"https:\/\/teatrounam.com.mx\/fitu27\/intervenciones-escenicas\/","title":{"rendered":"Manifiesto 2020 \/ Intervenciones esc\u00e9nicas"},"content":{"rendered":"\t\t<div data-elementor-type=\"wp-page\" data-elementor-id=\"606\" class=\"elementor elementor-606\" data-elementor-settings=\"[]\">\n\t\t\t\t\t\t<div class=\"elementor-inner\">\n\t\t\t\t\t\t\t<div class=\"elementor-section-wrap\">\n\t\t\t\t\t\t\t<section class=\"elementor-section elementor-top-section elementor-element elementor-element-1ccf4f3 elementor-section-boxed elementor-section-height-default elementor-section-height-default\" data-id=\"1ccf4f3\" data-element_type=\"section\">\n\t\t\t\t\t\t<div class=\"elementor-container elementor-column-gap-default\">\n\t\t\t\t\t\t\t<div class=\"elementor-row\">\n\t\t\t\t\t<div class=\"elementor-column elementor-col-100 elementor-top-column elementor-element elementor-element-f7fdc1e\" data-id=\"f7fdc1e\" data-element_type=\"column\">\n\t\t\t<div class=\"elementor-column-wrap elementor-element-populated\">\n\t\t\t\t\t\t\t<div class=\"elementor-widget-wrap\">\n\t\t\t\t\t\t<div class=\"elementor-element elementor-element-3eb3afe elementor-widget elementor-widget-text-editor\" data-id=\"3eb3afe\" data-element_type=\"widget\" data-widget_type=\"text-editor.default\">\n\t\t\t\t<div class=\"elementor-widget-container\">\n\t\t\t\t\t<div class=\"elementor-text-editor elementor-clearfix\"><div class=\"page\" title=\"Page 34\"><div class=\"section\"><div class=\"layoutArea\"><div class=\"column\"><p>Todo manifiesto es una declaracio\u0301n de principios. De igual manera, todo festival es un caldo de cultivo, un terreno fe\u0301rtil para asistir a la propagacio\u0301n de ideas y atestiguar su metamorfosis en actos. Este an\u0303o, el Festival Internacional de Teatro Universitario ha decidido ser testigo de su propia transformacio\u0301n. Manifiesto 2020 propone una serie de intervenciones que abran camino al encuentro, al contagio y el pronunciamiento. Porque en un momento convulso no hay nada mejor que aferrarse al cambio. Seis colectivos nacionales e internacionales realizara\u0301n, desde sus muy diversas miradas, acciones que posicionan al festival ante su presente. Acciones que van de la investigacio\u0301n al juego, del performance al conversatorio, pasando por el chequeo me\u0301dico y el cada\u0301ver exquisito.<\/p><p><b>Mariana Ga\u0301ndara<\/b><\/p><\/div><\/div><\/div><\/div><\/div>\n\t\t\t\t<\/div>\n\t\t\t\t<\/div>\n\t\t\t\t\t\t<\/div>\n\t\t\t\t\t<\/div>\n\t\t<\/div>\n\t\t\t\t\t\t\t\t<\/div>\n\t\t\t\t\t<\/div>\n\t\t<\/section>\n\t\t\t\t<section class=\"elementor-section elementor-top-section elementor-element elementor-element-959dc3e elementor-section-boxed elementor-section-height-default elementor-section-height-default\" data-id=\"959dc3e\" data-element_type=\"section\">\n\t\t\t\t\t\t<div class=\"elementor-container elementor-column-gap-default\">\n\t\t\t\t\t\t\t<div class=\"elementor-row\">\n\t\t\t\t\t<div class=\"elementor-column elementor-col-100 elementor-top-column elementor-element elementor-element-cad903e\" data-id=\"cad903e\" data-element_type=\"column\">\n\t\t\t<div class=\"elementor-column-wrap elementor-element-populated\">\n\t\t\t\t\t\t\t<div class=\"elementor-widget-wrap\">\n\t\t\t\t\t\t<div class=\"elementor-element elementor-element-20678c4 elementor-grid-eael-col-3 elementor-grid-tablet-eael-col-2 elementor-grid-mobile-eael-col-1 elementor-widget elementor-widget-eael-post-grid\" data-id=\"20678c4\" data-element_type=\"widget\" data-settings=\"{&quot;eael_post_grid_columns&quot;:&quot;eael-col-3&quot;,&quot;eael_post_grid_columns_tablet&quot;:&quot;eael-col-2&quot;,&quot;eael_post_grid_columns_mobile&quot;:&quot;eael-col-1&quot;}\" data-widget_type=\"eael-post-grid.default\">\n\t\t\t\t<div class=\"elementor-widget-container\">\n\t\t\t<div id=\"eael-post-grid-20678c4\" class=\"eael-post-grid-container\">\n            <div class=\"eael-post-grid eael-post-appender eael-post-appender-20678c4 eael-post-grid-style-default\" data-layout-mode=\"masonry\"><article class=\"eael-grid-post eael-post-grid-column\" data-id=\"1558\">\n        <div class=\"eael-grid-post-holder\">\n            <div class=\"eael-grid-post-holder-inner\"><div class=\"eael-entry-media\"><div class=\"eael-entry-overlay fade-in\"><i class=\"fas fa-long-arrow-alt-right\" aria-hidden=\"true\"><\/i><a\n                            href=\"https:\/\/teatrounam.com.mx\/fitu27\/lagrimas-de-sangre\/\"\n                            \n                            \n                        ><\/a><\/div><div class=\"eael-entry-thumbnail\">\n                                <img src=\"https:\/\/teatrounam.com.mx\/fitu27\/wp-content\/uploads\/2020\/02\/Lagrimas-de-sangre-bueno2.png\" alt=\"\">\n                            <\/div><\/div><div class=\"eael-entry-wrapper\"><header class=\"eael-entry-header\"><h2 class=\"eael-entry-title\"><a\n                        class=\"eael-grid-post-link\"\n                        href=\"https:\/\/teatrounam.com.mx\/fitu27\/lagrimas-de-sangre\/\"\n                        title=\"L\u00e1grimas de sangre\"\n                        \n                        \n                        >L\u00e1grimas de sangre<\/a><\/h2><\/header><div class=\"eael-entry-content\">\n                        <div class=\"eael-grid-post-excerpt\"><p>Performance musical que canta a dos voces; una femenina y otra masculina, el tango La\u0301grimas de sangre. As\u00ed como en los antiguos show de variete\u0301, en la performance se encarna &hellip;<\/p><a\n                            href=\"https:\/\/teatrounam.com.mx\/fitu27\/lagrimas-de-sangre\/\"\n                            class=\"eael-post-elements-readmore-btn\"\n                            \n                            \n                            >Leer m\u00e1s<\/a><\/div>\n                    <\/div><\/div><\/div>\n        <\/div>\n    <\/article><article class=\"eael-grid-post eael-post-grid-column\" data-id=\"1571\">\n        <div class=\"eael-grid-post-holder\">\n            <div class=\"eael-grid-post-holder-inner\"><div class=\"eael-entry-media\"><div class=\"eael-entry-overlay fade-in\"><i class=\"fas fa-long-arrow-alt-right\" aria-hidden=\"true\"><\/i><a\n                            href=\"https:\/\/teatrounam.com.mx\/fitu27\/reflejos-acto-coral\/\"\n                            \n                            \n                        ><\/a><\/div><div class=\"eael-entry-thumbnail\">\n                                <img src=\"https:\/\/teatrounam.com.mx\/fitu27\/wp-content\/uploads\/2020\/01\/Reflejos-bueno.png\" alt=\"\">\n                            <\/div><\/div><div class=\"eael-entry-wrapper\"><header class=\"eael-entry-header\"><h2 class=\"eael-entry-title\"><a\n                        class=\"eael-grid-post-link\"\n                        href=\"https:\/\/teatrounam.com.mx\/fitu27\/reflejos-acto-coral\/\"\n                        title=\"Reflejos. Acto Coral\"\n                        \n                        \n                        >Reflejos. Acto Coral<\/a><\/h2><\/header><div class=\"eael-entry-content\">\n                        <div class=\"eael-grid-post-excerpt\"><p>Hay Encuentro Colegio de Literatura Drama\u0301tica y Teatro \u00bfCo\u0301mo el feminismo atraviesa los cuerpos de la comunidad de la UNAM, la Universidad ma\u0301s importante a nivel nacional? Es complejo imaginar &hellip;<\/p><a\n                            href=\"https:\/\/teatrounam.com.mx\/fitu27\/reflejos-acto-coral\/\"\n                            class=\"eael-post-elements-readmore-btn\"\n                            \n                            \n                            >Leer m\u00e1s<\/a><\/div>\n                    <\/div><\/div><\/div>\n        <\/div>\n    <\/article><article class=\"eael-grid-post eael-post-grid-column\" data-id=\"1592\">\n        <div class=\"eael-grid-post-holder\">\n            <div class=\"eael-grid-post-holder-inner\"><div class=\"eael-entry-media\"><div class=\"eael-entry-overlay fade-in\"><i class=\"fas fa-long-arrow-alt-right\" aria-hidden=\"true\"><\/i><a\n                            href=\"https:\/\/teatrounam.com.mx\/fitu27\/experiencias\/\"\n                            \n                            \n                        ><\/a><\/div><div class=\"eael-entry-thumbnail\">\n                                <img src=\"https:\/\/teatrounam.com.mx\/fitu27\/wp-content\/uploads\/2020\/01\/Experiencias-bueno.png\" alt=\"\">\n                            <\/div><\/div><div class=\"eael-entry-wrapper\"><header class=\"eael-entry-header\"><h2 class=\"eael-entry-title\"><a\n                        class=\"eael-grid-post-link\"\n                        href=\"https:\/\/teatrounam.com.mx\/fitu27\/experiencias\/\"\n                        title=\"Experiencias\"\n                        \n                        \n                        >Experiencias<\/a><\/h2><\/header><div class=\"eael-entry-content\">\n                        <div class=\"eael-grid-post-excerpt\"><p>Verbo Delta Surge a partir de la necesidad de abrir espacios de dia\u0301logo para la construccio\u0301n de un nuevo discurso art\u00edstico y social dentro del teatro. Grupo de profesionales de &hellip;<\/p><a\n                            href=\"https:\/\/teatrounam.com.mx\/fitu27\/experiencias\/\"\n                            class=\"eael-post-elements-readmore-btn\"\n                            \n                            \n                            >Leer m\u00e1s<\/a><\/div>\n                    <\/div><\/div><\/div>\n        <\/div>\n    <\/article><article class=\"eael-grid-post eael-post-grid-column\" data-id=\"622\">\n        <div class=\"eael-grid-post-holder\">\n            <div class=\"eael-grid-post-holder-inner\"><div class=\"eael-entry-media\"><div class=\"eael-entry-overlay fade-in\"><i class=\"fas fa-long-arrow-alt-right\" aria-hidden=\"true\"><\/i><a\n                            href=\"https:\/\/teatrounam.com.mx\/fitu27\/tejiendo-redes-mujeres-en-voz-alta\/\"\n                            \n                            \n                        ><\/a><\/div><div class=\"eael-entry-thumbnail\">\n                                <img src=\"https:\/\/teatrounam.com.mx\/fitu27\/wp-content\/uploads\/2020\/01\/tejiendo-redes-bueno.png\" alt=\"\">\n                            <\/div><\/div><div class=\"eael-entry-wrapper\"><header class=\"eael-entry-header\"><h2 class=\"eael-entry-title\"><a\n                        class=\"eael-grid-post-link\"\n                        href=\"https:\/\/teatrounam.com.mx\/fitu27\/tejiendo-redes-mujeres-en-voz-alta\/\"\n                        title=\"Tejiendo redes. Mujeres en voz alta\"\n                        \n                        \n                        >Tejiendo redes. Mujeres en voz alta<\/a><\/h2><\/header><div class=\"eael-entry-content\">\n                        <div class=\"eael-grid-post-excerpt\"><p>M\u00e9xico &#8211; Argentina A trave\u0301s de tres mesas de mujeres, se realiza una retrospec- tiva sobre los Ciclos de Lecturas Dramatizadas organizados por Tejiendo Redes en Me\u0301xico y en Argentina. &hellip;<\/p><a\n                            href=\"https:\/\/teatrounam.com.mx\/fitu27\/tejiendo-redes-mujeres-en-voz-alta\/\"\n                            class=\"eael-post-elements-readmore-btn\"\n                            \n                            \n                            >Leer m\u00e1s<\/a><\/div>\n                    <\/div><\/div><\/div>\n        <\/div>\n    <\/article><article class=\"eael-grid-post eael-post-grid-column\" data-id=\"619\">\n        <div class=\"eael-grid-post-holder\">\n            <div class=\"eael-grid-post-holder-inner\"><div class=\"eael-entry-media\"><div class=\"eael-entry-overlay fade-in\"><i class=\"fas fa-long-arrow-alt-right\" aria-hidden=\"true\"><\/i><a\n                            href=\"https:\/\/teatrounam.com.mx\/fitu27\/mujeres-del-mundo-unios\/\"\n                            \n                            \n                        ><\/a><\/div><div class=\"eael-entry-thumbnail\">\n                                <img src=\"https:\/\/teatrounam.com.mx\/fitu27\/wp-content\/uploads\/2020\/01\/Mujeres-del-mundo-bueno.png\" alt=\"\">\n                            <\/div><\/div><div class=\"eael-entry-wrapper\"><header class=\"eael-entry-header\"><h2 class=\"eael-entry-title\"><a\n                        class=\"eael-grid-post-link\"\n                        href=\"https:\/\/teatrounam.com.mx\/fitu27\/mujeres-del-mundo-unios\/\"\n                        title=\"Mujeres del mundo, un\u00edos\"\n                        \n                        \n                        >Mujeres del mundo, un\u00edos<\/a><\/h2><\/header><div class=\"eael-entry-content\">\n                        <div class=\"eael-grid-post-excerpt\"><p>Diferentes flashes durante el d\u00eda. Compa\u00f1\u00eda de teatro La Gritona, Chile. Acci\u00f3n femenina ejecutada en cualquier espacio de flujo constante de peatones en el que se mezclan la m\u00fasica, la &hellip;<\/p><a\n                            href=\"https:\/\/teatrounam.com.mx\/fitu27\/mujeres-del-mundo-unios\/\"\n                            class=\"eael-post-elements-readmore-btn\"\n                            \n                            \n                            >Leer m\u00e1s<\/a><\/div>\n                    <\/div><\/div><\/div>\n        <\/div>\n    <\/article><article class=\"eael-grid-post eael-post-grid-column\" data-id=\"613\">\n        <div class=\"eael-grid-post-holder\">\n            <div class=\"eael-grid-post-holder-inner\"><div class=\"eael-entry-media\"><div class=\"eael-entry-overlay fade-in\"><i class=\"fas fa-long-arrow-alt-right\" aria-hidden=\"true\"><\/i><a\n                            href=\"https:\/\/teatrounam.com.mx\/fitu27\/abyeccion-3-salud-publica-compania-cromagnon\/\"\n                            \n                            \n                        ><\/a><\/div><div class=\"eael-entry-thumbnail\">\n                                <img src=\"https:\/\/teatrounam.com.mx\/fitu27\/wp-content\/uploads\/2020\/01\/Abyeccion-bueno.png\" alt=\"\">\n                            <\/div><\/div><div class=\"eael-entry-wrapper\"><header class=\"eael-entry-header\"><h2 class=\"eael-entry-title\"><a\n                        class=\"eael-grid-post-link\"\n                        href=\"https:\/\/teatrounam.com.mx\/fitu27\/abyeccion-3-salud-publica-compania-cromagnon\/\"\n                        title=\"Abyecci\u00f3n 3: Salud P\u00fablica \/ Compa\u00f1\u00eda CroMagnon\"\n                        \n                        \n                        >Abyecci\u00f3n 3: Salud P\u00fablica \/ Compa\u00f1\u00eda CroMagnon<\/a><\/h2><\/header><div class=\"eael-entry-content\">\n                        <div class=\"eael-grid-post-excerpt\"><p>Performance que trata de responder a las preguntas: \u00bfde qu\u00e9 manera los imperativos de masculinidad afectan la salud f\u00edsica de los hombres? \u00bfQu\u00e9 otros h\u00e1bitos podr\u00edan mejorar el cuidado hacia &hellip;<\/p><a\n                            href=\"https:\/\/teatrounam.com.mx\/fitu27\/abyeccion-3-salud-publica-compania-cromagnon\/\"\n                            class=\"eael-post-elements-readmore-btn\"\n                            \n                            \n                            >Leer m\u00e1s<\/a><\/div>\n                    <\/div><\/div><\/div>\n        <\/div>\n    <\/article><article class=\"eael-grid-post eael-post-grid-column\" data-id=\"609\">\n        <div class=\"eael-grid-post-holder\">\n            <div class=\"eael-grid-post-holder-inner\"><div class=\"eael-entry-media\"><div class=\"eael-entry-overlay fade-in\"><i class=\"fas fa-long-arrow-alt-right\" aria-hidden=\"true\"><\/i><a\n                            href=\"https:\/\/teatrounam.com.mx\/fitu27\/utopia-colectivo-macramemacrame\/\"\n                            \n                            \n                        ><\/a><\/div><div class=\"eael-entry-thumbnail\">\n                                <img src=\"https:\/\/teatrounam.com.mx\/fitu27\/wp-content\/uploads\/2020\/02\/utopia-bueno-2.png\" alt=\"\">\n                            <\/div><\/div><div class=\"eael-entry-wrapper\"><header class=\"eael-entry-header\"><h2 class=\"eael-entry-title\"><a\n                        class=\"eael-grid-post-link\"\n                        href=\"https:\/\/teatrounam.com.mx\/fitu27\/utopia-colectivo-macramemacrame\/\"\n                        title=\"Utop\u00eda | Colectivo Macram\u00e9\"\n                        \n                        \n                        >Utop\u00eda | Colectivo Macram\u00e9<\/a><\/h2><\/header><div class=\"eael-entry-content\">\n                        <div class=\"eael-grid-post-excerpt\"><p>El presente es decepcionante y el futuro no existe. Qu\u00e9 l\u00e1stima. Lo necesitamos tanto. Esa idea. La hermosa noci\u00f3n del porvenir. Lo que a\u00fan no ha ocurrido. Lo que podr\u00eda &hellip;<\/p><a\n                            href=\"https:\/\/teatrounam.com.mx\/fitu27\/utopia-colectivo-macramemacrame\/\"\n                            class=\"eael-post-elements-readmore-btn\"\n                            \n                            \n                            >Leer m\u00e1s<\/a><\/div>\n                    <\/div><\/div><\/div>\n        <\/div>\n    <\/article><\/div>\n            <div class=\"clearfix\"><\/div>\n        <\/div>\t\t<\/div>\n\t\t\t\t<\/div>\n\t\t\t\t\t\t<\/div>\n\t\t\t\t\t<\/div>\n\t\t<\/div>\n\t\t\t\t\t\t\t\t<\/div>\n\t\t\t\t\t<\/div>\n\t\t<\/section>\n\t\t\t\t\t\t<\/div>\n\t\t\t\t\t\t<\/div>\n\t\t\t\t\t<\/div>\n\t\t","protected":false},"excerpt":{"rendered":"<p>Todo manifiesto es una declaracio\u0301n de principios. De igual manera, todo festival es un caldo de cultivo, un terreno fe\u0301rtil para asistir a la propagacio\u0301n de ideas y atestiguar su &hellip; <\/p>\n","protected":false},"author":1,"featured_media":0,"parent":0,"menu_order":0,"comment_status":"closed","ping_status":"closed","template":"","meta":{"spay_email":""},"yoast_head":"<!-- This site is optimized with the Yoast SEO plugin v16.1.1 - https:\/\/yoast.com\/wordpress\/plugins\/seo\/ -->\n<title>Manifiesto 2020 \/ Intervenciones esc\u00e9nicas - 27 Festival Internacional de Teatro Universitario<\/title>\n<meta property=\"og:locale\" content=\"es_MX\" \/>\n<meta property=\"og:type\" content=\"article\" \/>\n<meta property=\"og:title\" content=\"Manifiesto 2020 \/ Intervenciones esc\u00e9nicas - 27 Festival Internacional de Teatro Universitario\" \/>\n<meta property=\"og:description\" content=\"Todo manifiesto es una declaracio\u0301n de principios. De igual manera, todo festival es un caldo de cultivo, un terreno fe\u0301rtil para asistir a la propagacio\u0301n de ideas y atestiguar su &hellip;\" \/>\n<meta property=\"og:url\" content=\"https:\/\/teatrounam.com.mx\/fitu27\/intervenciones-escenicas\/\" \/>\n<meta property=\"og:site_name\" content=\"27 Festival Internacional de Teatro Universitario\" \/>\n<meta property=\"article:modified_time\" content=\"2020-02-05T00:31:32+00:00\" \/>\n<meta name=\"twitter:card\" content=\"summary_large_image\" \/>\n<meta name=\"twitter:label1\" content=\"Tiempo de lectura\">\n\t<meta name=\"twitter:data1\" content=\"1 minuto\">\n<script type=\"application\/ld+json\" class=\"yoast-schema-graph\">{\"@context\":\"https:\/\/schema.org\",\"@graph\":[{\"@type\":\"WebSite\",\"@id\":\"http:\/\/teatrounam.com.mx\/fitu27\/#website\",\"url\":\"http:\/\/teatrounam.com.mx\/fitu27\/\",\"name\":\"27 Festival Internacional de Teatro Universitario\",\"description\":\"Del 7 al 16 de febrero 2020\",\"potentialAction\":[{\"@type\":\"SearchAction\",\"target\":\"http:\/\/teatrounam.com.mx\/fitu27\/?s={search_term_string}\",\"query-input\":\"required name=search_term_string\"}],\"inLanguage\":\"es-MX\"},{\"@type\":\"WebPage\",\"@id\":\"https:\/\/teatrounam.com.mx\/fitu27\/intervenciones-escenicas\/#webpage\",\"url\":\"https:\/\/teatrounam.com.mx\/fitu27\/intervenciones-escenicas\/\",\"name\":\"Manifiesto 2020 \/ Intervenciones esc\\u00e9nicas - 27 Festival Internacional de Teatro Universitario\",\"isPartOf\":{\"@id\":\"http:\/\/teatrounam.com.mx\/fitu27\/#website\"},\"datePublished\":\"2020-01-28T19:43:28+00:00\",\"dateModified\":\"2020-02-05T00:31:32+00:00\",\"breadcrumb\":{\"@id\":\"https:\/\/teatrounam.com.mx\/fitu27\/intervenciones-escenicas\/#breadcrumb\"},\"inLanguage\":\"es-MX\",\"potentialAction\":[{\"@type\":\"ReadAction\",\"target\":[\"https:\/\/teatrounam.com.mx\/fitu27\/intervenciones-escenicas\/\"]}]},{\"@type\":\"BreadcrumbList\",\"@id\":\"https:\/\/teatrounam.com.mx\/fitu27\/intervenciones-escenicas\/#breadcrumb\",\"itemListElement\":[{\"@type\":\"ListItem\",\"position\":1,\"item\":{\"@type\":\"WebPage\",\"@id\":\"http:\/\/teatrounam.com.mx\/fitu27\/\",\"url\":\"http:\/\/teatrounam.com.mx\/fitu27\/\",\"name\":\"Home\"}},{\"@type\":\"ListItem\",\"position\":2,\"item\":{\"@type\":\"WebPage\",\"@id\":\"https:\/\/teatrounam.com.mx\/fitu27\/intervenciones-escenicas\/\",\"url\":\"https:\/\/teatrounam.com.mx\/fitu27\/intervenciones-escenicas\/\",\"name\":\"Manifiesto 2020 \/ Intervenciones esc\\u00e9nicas\"}}]}]}<\/script>\n<!-- \/ Yoast SEO plugin. -->","_links":{"self":[{"href":"https:\/\/teatrounam.com.mx\/fitu27\/wp-json\/wp\/v2\/pages\/606"}],"collection":[{"href":"https:\/\/teatrounam.com.mx\/fitu27\/wp-json\/wp\/v2\/pages"}],"about":[{"href":"https:\/\/teatrounam.com.mx\/fitu27\/wp-json\/wp\/v2\/types\/page"}],"author":[{"embeddable":true,"href":"https:\/\/teatrounam.com.mx\/fitu27\/wp-json\/wp\/v2\/users\/1"}],"replies":[{"embeddable":true,"href":"https:\/\/teatrounam.com.mx\/fitu27\/wp-json\/wp\/v2\/comments?post=606"}],"version-history":[{"count":10,"href":"https:\/\/teatrounam.com.mx\/fitu27\/wp-json\/wp\/v2\/pages\/606\/revisions"}],"predecessor-version":[{"id":1737,"href":"https:\/\/teatrounam.com.mx\/fitu27\/wp-json\/wp\/v2\/pages\/606\/revisions\/1737"}],"wp:attachment":[{"href":"https:\/\/teatrounam.com.mx\/fitu27\/wp-json\/wp\/v2\/media?parent=606"}],"curies":[{"name":"wp","href":"https:\/\/api.w.org\/{rel}","templated":true}]}}