{"id":392,"date":"2020-01-24T20:22:31","date_gmt":"2020-01-24T20:22:31","guid":{"rendered":"http:\/\/teatrounam.com.mx\/fitu29\/?page_id=392"},"modified":"2020-02-04T23:49:08","modified_gmt":"2020-02-04T23:49:08","slug":"trabajo-en-grupos-y-companias","status":"publish","type":"page","link":"https:\/\/teatrounam.com.mx\/fitu27\/trabajo-en-grupos-y-companias\/","title":{"rendered":"Trabajo en grupos y compa\u00f1\u00edas"},"content":{"rendered":"\t\t<div data-elementor-type=\"wp-page\" data-elementor-id=\"392\" class=\"elementor elementor-392\" data-elementor-settings=\"[]\">\n\t\t\t\t\t\t<div class=\"elementor-inner\">\n\t\t\t\t\t\t\t<div class=\"elementor-section-wrap\">\n\t\t\t\t\t\t\t<section class=\"elementor-section elementor-top-section elementor-element elementor-element-2bda5cc elementor-section-boxed elementor-section-height-default elementor-section-height-default\" data-id=\"2bda5cc\" data-element_type=\"section\">\n\t\t\t\t\t\t<div class=\"elementor-container elementor-column-gap-default\">\n\t\t\t\t\t\t\t<div class=\"elementor-row\">\n\t\t\t\t\t<div class=\"elementor-column elementor-col-100 elementor-top-column elementor-element elementor-element-1ca655b\" data-id=\"1ca655b\" data-element_type=\"column\">\n\t\t\t<div class=\"elementor-column-wrap elementor-element-populated\">\n\t\t\t\t\t\t\t<div class=\"elementor-widget-wrap\">\n\t\t\t\t\t\t<div class=\"elementor-element elementor-element-39513f3 elementor-widget elementor-widget-heading\" data-id=\"39513f3\" data-element_type=\"widget\" data-widget_type=\"heading.default\">\n\t\t\t\t<div class=\"elementor-widget-container\">\n\t\t\t<h2 class=\"elementor-heading-title elementor-size-default\">Eventos de trabajo en grupo y compa\u00f1\u00edas<\/h2>\t\t<\/div>\n\t\t\t\t<\/div>\n\t\t\t\t\t\t<\/div>\n\t\t\t\t\t<\/div>\n\t\t<\/div>\n\t\t\t\t\t\t\t\t<\/div>\n\t\t\t\t\t<\/div>\n\t\t<\/section>\n\t\t\t\t<section class=\"elementor-section elementor-top-section elementor-element elementor-element-959dc3e elementor-section-boxed elementor-section-height-default elementor-section-height-default\" data-id=\"959dc3e\" data-element_type=\"section\">\n\t\t\t\t\t\t<div class=\"elementor-container elementor-column-gap-default\">\n\t\t\t\t\t\t\t<div class=\"elementor-row\">\n\t\t\t\t\t<div class=\"elementor-column elementor-col-100 elementor-top-column elementor-element elementor-element-cad903e\" data-id=\"cad903e\" data-element_type=\"column\">\n\t\t\t<div class=\"elementor-column-wrap elementor-element-populated\">\n\t\t\t\t\t\t\t<div class=\"elementor-widget-wrap\">\n\t\t\t\t\t\t<div class=\"elementor-element elementor-element-20678c4 elementor-grid-eael-col-3 elementor-grid-tablet-eael-col-2 elementor-grid-mobile-eael-col-1 elementor-widget elementor-widget-eael-post-grid\" data-id=\"20678c4\" data-element_type=\"widget\" data-settings=\"{&quot;eael_post_grid_columns&quot;:&quot;eael-col-3&quot;,&quot;eael_post_grid_columns_tablet&quot;:&quot;eael-col-2&quot;,&quot;eael_post_grid_columns_mobile&quot;:&quot;eael-col-1&quot;}\" data-widget_type=\"eael-post-grid.default\">\n\t\t\t\t<div class=\"elementor-widget-container\">\n\t\t\t<div id=\"eael-post-grid-20678c4\" class=\"eael-post-grid-container\">\n            <div class=\"eael-post-grid eael-post-appender eael-post-appender-20678c4 eael-post-grid-style-default\" data-layout-mode=\"masonry\"><article class=\"eael-grid-post eael-post-grid-column\" data-id=\"634\">\n        <div class=\"eael-grid-post-holder\">\n            <div class=\"eael-grid-post-holder-inner\"><div class=\"eael-entry-media\"><div class=\"eael-entry-overlay fade-in\"><i class=\"fas fa-long-arrow-alt-right\" aria-hidden=\"true\"><\/i><a\n                            href=\"https:\/\/teatrounam.com.mx\/fitu27\/irremediable-frescura\/\"\n                            \n                            \n                        ><\/a><\/div><div class=\"eael-entry-thumbnail\">\n                                <img src=\"https:\/\/teatrounam.com.mx\/fitu27\/wp-content\/uploads\/2020\/01\/Irremediable-frescura.png\" alt=\"\">\n                            <\/div><\/div><div class=\"eael-entry-wrapper\"><header class=\"eael-entry-header\"><h2 class=\"eael-entry-title\"><a\n                        class=\"eael-grid-post-link\"\n                        href=\"https:\/\/teatrounam.com.mx\/fitu27\/irremediable-frescura\/\"\n                        title=\"Irremediable frescura\"\n                        \n                        \n                        >Irremediable frescura<\/a><\/h2><\/header><div class=\"eael-entry-content\">\n                        <div class=\"eael-grid-post-excerpt\"><p>Irremediable frescura. Conversatorio con grupos y creadores de reci\u00e9n egreso. Modera: Diego \u00c1lvarez Robledo La experiencia no es la \u00fanica manera de acceder a la verdad. Todo intento produce conocimiento &hellip;<\/p><a\n                            href=\"https:\/\/teatrounam.com.mx\/fitu27\/irremediable-frescura\/\"\n                            class=\"eael-post-elements-readmore-btn\"\n                            \n                            \n                            >Leer m\u00e1s<\/a><\/div>\n                    <\/div><\/div><\/div>\n        <\/div>\n    <\/article><article class=\"eael-grid-post eael-post-grid-column\" data-id=\"631\">\n        <div class=\"eael-grid-post-holder\">\n            <div class=\"eael-grid-post-holder-inner\"><div class=\"eael-entry-media\"><div class=\"eael-entry-overlay fade-in\"><i class=\"fas fa-long-arrow-alt-right\" aria-hidden=\"true\"><\/i><a\n                            href=\"https:\/\/teatrounam.com.mx\/fitu27\/crear-en-compania\/\"\n                            \n                            \n                        ><\/a><\/div><div class=\"eael-entry-thumbnail\">\n                                <img src=\"https:\/\/teatrounam.com.mx\/fitu27\/wp-content\/uploads\/2020\/01\/Crear-en-compan\u0303ia.jpg\" alt=\"\">\n                            <\/div><\/div><div class=\"eael-entry-wrapper\"><header class=\"eael-entry-header\"><h2 class=\"eael-entry-title\"><a\n                        class=\"eael-grid-post-link\"\n                        href=\"https:\/\/teatrounam.com.mx\/fitu27\/crear-en-compania\/\"\n                        title=\"Crear en compa\u00f1\u00eda\"\n                        \n                        \n                        >Crear en compa\u00f1\u00eda<\/a><\/h2><\/header><div class=\"eael-entry-content\">\n                        <div class=\"eael-grid-post-excerpt\"><p>Crear en compa\u00f1\u00eda. Teatro Petra con Jorge Dubatti Hay que enfrentar la realidad. La poes\u00eda, el humor y la libertad han sido las principales herramientas de Teatro Petra para embestirla. &hellip;<\/p><a\n                            href=\"https:\/\/teatrounam.com.mx\/fitu27\/crear-en-compania\/\"\n                            class=\"eael-post-elements-readmore-btn\"\n                            \n                            \n                            >Leer m\u00e1s<\/a><\/div>\n                    <\/div><\/div><\/div>\n        <\/div>\n    <\/article><article class=\"eael-grid-post eael-post-grid-column\" data-id=\"628\">\n        <div class=\"eael-grid-post-holder\">\n            <div class=\"eael-grid-post-holder-inner\"><div class=\"eael-entry-media\"><div class=\"eael-entry-overlay fade-in\"><i class=\"fas fa-long-arrow-alt-right\" aria-hidden=\"true\"><\/i><a\n                            href=\"https:\/\/teatrounam.com.mx\/fitu27\/historia-patria-no-oficial\/\"\n                            \n                            \n                        ><\/a><\/div><div class=\"eael-entry-thumbnail\">\n                                <img src=\"https:\/\/teatrounam.com.mx\/fitu27\/wp-content\/uploads\/2020\/01\/historia-patria.png\" alt=\"\">\n                            <\/div><\/div><div class=\"eael-entry-wrapper\"><header class=\"eael-entry-header\"><h2 class=\"eael-entry-title\"><a\n                        class=\"eael-grid-post-link\"\n                        href=\"https:\/\/teatrounam.com.mx\/fitu27\/historia-patria-no-oficial\/\"\n                        title=\"Historia Patria (no oficial)\"\n                        \n                        \n                        >Historia Patria (no oficial)<\/a><\/h2><\/header><div class=\"eael-entry-content\">\n                        <div class=\"eael-grid-post-excerpt\"><p>Escrita y dirigida por Fabio Rubiano Orjuela. Coproducci\u00f3n de Teatro Petra y el Teatro Colsubsidio. Uno de los mayores miedos al comenzar el siglo xix en estos territorios se centraba &hellip;<\/p><a\n                            href=\"https:\/\/teatrounam.com.mx\/fitu27\/historia-patria-no-oficial\/\"\n                            class=\"eael-post-elements-readmore-btn\"\n                            \n                            \n                            >Leer m\u00e1s<\/a><\/div>\n                    <\/div><\/div><\/div>\n        <\/div>\n    <\/article><\/div>\n            <div class=\"clearfix\"><\/div>\n        <\/div>\t\t<\/div>\n\t\t\t\t<\/div>\n\t\t\t\t\t\t<\/div>\n\t\t\t\t\t<\/div>\n\t\t<\/div>\n\t\t\t\t\t\t\t\t<\/div>\n\t\t\t\t\t<\/div>\n\t\t<\/section>\n\t\t\t\t\t\t<\/div>\n\t\t\t\t\t\t<\/div>\n\t\t\t\t\t<\/div>\n\t\t","protected":false},"excerpt":{"rendered":"<p>Eventos de trabajo en grupo y compa\u00f1\u00edas Taller salvaje CDMX| La Liga Teatro El\u00e1stico. Taller impartido por Jacqueline Seraf\u00edn,&nbsp;Iker Vicente y Humberto Galicia, integrantes de La Liga Teatro El\u00e1stico. En &hellip; <\/p>\n","protected":false},"author":1,"featured_media":0,"parent":0,"menu_order":0,"comment_status":"closed","ping_status":"closed","template":"","meta":{"spay_email":""},"yoast_head":"<!-- This site is optimized with the Yoast SEO plugin v16.1.1 - https:\/\/yoast.com\/wordpress\/plugins\/seo\/ -->\n<title>Trabajo en grupos y compa\u00f1\u00edas - 27 Festival Internacional de Teatro Universitario<\/title>\n<meta property=\"og:locale\" content=\"es_MX\" \/>\n<meta property=\"og:type\" content=\"article\" \/>\n<meta property=\"og:title\" content=\"Trabajo en grupos y compa\u00f1\u00edas - 27 Festival Internacional de Teatro Universitario\" \/>\n<meta property=\"og:description\" content=\"Eventos de trabajo en grupo y compa\u00f1\u00edas Taller salvaje CDMX| La Liga Teatro El\u00e1stico. Taller impartido por Jacqueline Seraf\u00edn,&nbsp;Iker Vicente y Humberto Galicia, integrantes de La Liga Teatro El\u00e1stico. En &hellip;\" \/>\n<meta property=\"og:url\" content=\"https:\/\/teatrounam.com.mx\/fitu27\/trabajo-en-grupos-y-companias\/\" \/>\n<meta property=\"og:site_name\" content=\"27 Festival Internacional de Teatro Universitario\" \/>\n<meta property=\"article:modified_time\" content=\"2020-02-04T23:49:08+00:00\" \/>\n<meta property=\"og:image\" content=\"http:\/\/teatrounam.com.mx\/fitu29\/wp-content\/uploads\/2020\/01\/ligachico-300x128.jpg\" \/>\n<meta name=\"twitter:card\" content=\"summary_large_image\" \/>\n<meta name=\"twitter:label1\" content=\"Tiempo de lectura\">\n\t<meta name=\"twitter:data1\" content=\"1 minuto\">\n<script type=\"application\/ld+json\" class=\"yoast-schema-graph\">{\"@context\":\"https:\/\/schema.org\",\"@graph\":[{\"@type\":\"WebSite\",\"@id\":\"http:\/\/teatrounam.com.mx\/fitu27\/#website\",\"url\":\"http:\/\/teatrounam.com.mx\/fitu27\/\",\"name\":\"27 Festival Internacional de Teatro Universitario\",\"description\":\"Del 7 al 16 de febrero 2020\",\"potentialAction\":[{\"@type\":\"SearchAction\",\"target\":\"http:\/\/teatrounam.com.mx\/fitu27\/?s={search_term_string}\",\"query-input\":\"required name=search_term_string\"}],\"inLanguage\":\"es-MX\"},{\"@type\":\"ImageObject\",\"@id\":\"https:\/\/teatrounam.com.mx\/fitu27\/trabajo-en-grupos-y-companias\/#primaryimage\",\"inLanguage\":\"es-MX\",\"url\":\"http:\/\/teatrounam.com.mx\/fitu29\/wp-content\/uploads\/2020\/01\/ligachico-300x128.jpg\",\"contentUrl\":\"http:\/\/teatrounam.com.mx\/fitu29\/wp-content\/uploads\/2020\/01\/ligachico-300x128.jpg\"},{\"@type\":\"WebPage\",\"@id\":\"https:\/\/teatrounam.com.mx\/fitu27\/trabajo-en-grupos-y-companias\/#webpage\",\"url\":\"https:\/\/teatrounam.com.mx\/fitu27\/trabajo-en-grupos-y-companias\/\",\"name\":\"Trabajo en grupos y compa\\u00f1\\u00edas - 27 Festival Internacional de Teatro Universitario\",\"isPartOf\":{\"@id\":\"http:\/\/teatrounam.com.mx\/fitu27\/#website\"},\"primaryImageOfPage\":{\"@id\":\"https:\/\/teatrounam.com.mx\/fitu27\/trabajo-en-grupos-y-companias\/#primaryimage\"},\"datePublished\":\"2020-01-24T20:22:31+00:00\",\"dateModified\":\"2020-02-04T23:49:08+00:00\",\"breadcrumb\":{\"@id\":\"https:\/\/teatrounam.com.mx\/fitu27\/trabajo-en-grupos-y-companias\/#breadcrumb\"},\"inLanguage\":\"es-MX\",\"potentialAction\":[{\"@type\":\"ReadAction\",\"target\":[\"https:\/\/teatrounam.com.mx\/fitu27\/trabajo-en-grupos-y-companias\/\"]}]},{\"@type\":\"BreadcrumbList\",\"@id\":\"https:\/\/teatrounam.com.mx\/fitu27\/trabajo-en-grupos-y-companias\/#breadcrumb\",\"itemListElement\":[{\"@type\":\"ListItem\",\"position\":1,\"item\":{\"@type\":\"WebPage\",\"@id\":\"http:\/\/teatrounam.com.mx\/fitu27\/\",\"url\":\"http:\/\/teatrounam.com.mx\/fitu27\/\",\"name\":\"Home\"}},{\"@type\":\"ListItem\",\"position\":2,\"item\":{\"@type\":\"WebPage\",\"@id\":\"https:\/\/teatrounam.com.mx\/fitu27\/trabajo-en-grupos-y-companias\/\",\"url\":\"https:\/\/teatrounam.com.mx\/fitu27\/trabajo-en-grupos-y-companias\/\",\"name\":\"Trabajo en grupos y compa\\u00f1\\u00edas\"}}]}]}<\/script>\n<!-- \/ Yoast SEO plugin. -->","_links":{"self":[{"href":"https:\/\/teatrounam.com.mx\/fitu27\/wp-json\/wp\/v2\/pages\/392"}],"collection":[{"href":"https:\/\/teatrounam.com.mx\/fitu27\/wp-json\/wp\/v2\/pages"}],"about":[{"href":"https:\/\/teatrounam.com.mx\/fitu27\/wp-json\/wp\/v2\/types\/page"}],"author":[{"embeddable":true,"href":"https:\/\/teatrounam.com.mx\/fitu27\/wp-json\/wp\/v2\/users\/1"}],"replies":[{"embeddable":true,"href":"https:\/\/teatrounam.com.mx\/fitu27\/wp-json\/wp\/v2\/comments?post=392"}],"version-history":[{"count":4,"href":"https:\/\/teatrounam.com.mx\/fitu27\/wp-json\/wp\/v2\/pages\/392\/revisions"}],"predecessor-version":[{"id":1672,"href":"https:\/\/teatrounam.com.mx\/fitu27\/wp-json\/wp\/v2\/pages\/392\/revisions\/1672"}],"wp:attachment":[{"href":"https:\/\/teatrounam.com.mx\/fitu27\/wp-json\/wp\/v2\/media?parent=392"}],"curies":[{"name":"wp","href":"https:\/\/api.w.org\/{rel}","templated":true}]}}