{"id":1746,"date":"2020-02-05T00:41:41","date_gmt":"2020-02-05T00:41:41","guid":{"rendered":"http:\/\/teatrounam.com.mx\/fitu29\/?page_id=1746"},"modified":"2020-02-05T00:50:11","modified_gmt":"2020-02-05T00:50:11","slug":"actividades-especiales","status":"publish","type":"page","link":"https:\/\/teatrounam.com.mx\/fitu27\/actividades-especiales\/","title":{"rendered":"Actividades especiales"},"content":{"rendered":"\t\t<div data-elementor-type=\"wp-page\" data-elementor-id=\"1746\" class=\"elementor elementor-1746\" data-elementor-settings=\"[]\">\n\t\t\t\t\t\t<div class=\"elementor-inner\">\n\t\t\t\t\t\t\t<div class=\"elementor-section-wrap\">\n\t\t\t\t\t\t\t<section class=\"elementor-section elementor-top-section elementor-element elementor-element-2bfe98d elementor-section-boxed elementor-section-height-default elementor-section-height-default\" data-id=\"2bfe98d\" data-element_type=\"section\">\n\t\t\t\t\t\t<div class=\"elementor-container elementor-column-gap-default\">\n\t\t\t\t\t\t\t<div class=\"elementor-row\">\n\t\t\t\t\t<div class=\"elementor-column elementor-col-100 elementor-top-column elementor-element elementor-element-c86e16e\" data-id=\"c86e16e\" data-element_type=\"column\">\n\t\t\t<div class=\"elementor-column-wrap elementor-element-populated\">\n\t\t\t\t\t\t\t<div class=\"elementor-widget-wrap\">\n\t\t\t\t\t\t<div class=\"elementor-element elementor-element-ab71185 elementor-widget elementor-widget-text-editor\" data-id=\"ab71185\" data-element_type=\"widget\" data-widget_type=\"text-editor.default\">\n\t\t\t\t<div class=\"elementor-widget-container\">\n\t\t\t\t\t<div class=\"elementor-text-editor elementor-clearfix\"><h5><b>Jornada Inaugural, Viernes 7<\/b><\/h5><p>\u00a0<\/p><p><b> <\/b><b>Utop\u00eda<\/b><\/p><p>Ejercicios de arte participativo<\/p><p>Colectivo Macram\u00e9<\/p><p>M\u00e9xico<\/p><p>Explanada Foro Sor Juana In\u00e9s de la Cruz<\/p><p>11-14.00 y de 16-19 h<\/p><p>\u00a0<\/p><p><b>Apertura de la exposicio\u0301n Jardi\u0301n sonoro<\/b><\/p><p>Creacio\u0301n colectiva<\/p><p>Argentina<\/p><p>Jardi\u0301n Julio Castillo del CCU<\/p><p>12 h<\/p><p>\u00a0\u00a0\u00a0\u00a0\u00a0\u00a0\u00a0\u00a0 <\/p><p><b>La\u0301grimas de Sangre<\/b><\/p><p>Performance<\/p><p>Julia Antivilo<\/p><p>M\u00e9xico &#8211; Chile<\/p><p>Explanada del CUT<\/p><p>14 h<\/p><p>\u00a0<\/p><p><b>Apertura de la Exposicio\u0301n: <\/b><\/p><p><b>Del susurro al grito. Jo\u0301venes creadoras de la escena actual<\/b><\/p><p>Fuente de la Explanada del CCU y Vesti\u0301bulo del Teatro Juan Ruiz de Alarco\u0301n<\/p><p>17 h<\/p><p>\u00a0<\/p><h5><b>Jornada de clausura, Domingo 16<\/b><\/h5><p><b>Ceremonia de Premiacio\u0301n<\/b><\/p><p>Entrega del reconocimiento Luisa Josefina Herna\u0301ndez a la actividad acade\u0301mica<\/p><p>Sala Miguel Covarrubias<\/p><p>19 h<\/p><\/div>\n\t\t\t\t<\/div>\n\t\t\t\t<\/div>\n\t\t\t\t\t\t<\/div>\n\t\t\t\t\t<\/div>\n\t\t<\/div>\n\t\t\t\t\t\t\t\t<\/div>\n\t\t\t\t\t<\/div>\n\t\t<\/section>\n\t\t\t\t\t\t<\/div>\n\t\t\t\t\t\t<\/div>\n\t\t\t\t\t<\/div>\n\t\t","protected":false},"excerpt":{"rendered":"<p>Jornada Inaugural, Viernes 7 \u00a0 Utop\u00eda Ejercicios de arte participativo Colectivo Macram\u00e9 M\u00e9xico Explanada Foro Sor Juana In\u00e9s de la Cruz 11-14.00 y de 16-19 h \u00a0 Apertura de la &hellip; <\/p>\n","protected":false},"author":1,"featured_media":0,"parent":0,"menu_order":0,"comment_status":"closed","ping_status":"closed","template":"","meta":{"spay_email":""},"yoast_head":"<!-- This site is optimized with the Yoast SEO plugin v16.1.1 - https:\/\/yoast.com\/wordpress\/plugins\/seo\/ -->\n<title>Actividades especiales - 27 Festival Internacional de Teatro Universitario<\/title>\n<meta property=\"og:locale\" content=\"es_MX\" \/>\n<meta property=\"og:type\" content=\"article\" \/>\n<meta property=\"og:title\" content=\"Actividades especiales - 27 Festival Internacional de Teatro Universitario\" \/>\n<meta property=\"og:description\" content=\"Jornada Inaugural, Viernes 7 \u00a0 Utop\u00eda Ejercicios de arte participativo Colectivo Macram\u00e9 M\u00e9xico Explanada Foro Sor Juana In\u00e9s de la Cruz 11-14.00 y de 16-19 h \u00a0 Apertura de la &hellip;\" \/>\n<meta property=\"og:url\" content=\"https:\/\/teatrounam.com.mx\/fitu27\/actividades-especiales\/\" \/>\n<meta property=\"og:site_name\" content=\"27 Festival Internacional de Teatro Universitario\" \/>\n<meta property=\"article:modified_time\" content=\"2020-02-05T00:50:11+00:00\" \/>\n<meta name=\"twitter:card\" content=\"summary_large_image\" \/>\n<meta name=\"twitter:label1\" content=\"Tiempo de lectura\">\n\t<meta name=\"twitter:data1\" content=\"1 minuto\">\n<script type=\"application\/ld+json\" class=\"yoast-schema-graph\">{\"@context\":\"https:\/\/schema.org\",\"@graph\":[{\"@type\":\"WebSite\",\"@id\":\"http:\/\/teatrounam.com.mx\/fitu27\/#website\",\"url\":\"http:\/\/teatrounam.com.mx\/fitu27\/\",\"name\":\"27 Festival Internacional de Teatro Universitario\",\"description\":\"Del 7 al 16 de febrero 2020\",\"potentialAction\":[{\"@type\":\"SearchAction\",\"target\":\"http:\/\/teatrounam.com.mx\/fitu27\/?s={search_term_string}\",\"query-input\":\"required name=search_term_string\"}],\"inLanguage\":\"es-MX\"},{\"@type\":\"WebPage\",\"@id\":\"https:\/\/teatrounam.com.mx\/fitu27\/actividades-especiales\/#webpage\",\"url\":\"https:\/\/teatrounam.com.mx\/fitu27\/actividades-especiales\/\",\"name\":\"Actividades especiales - 27 Festival Internacional de Teatro Universitario\",\"isPartOf\":{\"@id\":\"http:\/\/teatrounam.com.mx\/fitu27\/#website\"},\"datePublished\":\"2020-02-05T00:41:41+00:00\",\"dateModified\":\"2020-02-05T00:50:11+00:00\",\"breadcrumb\":{\"@id\":\"https:\/\/teatrounam.com.mx\/fitu27\/actividades-especiales\/#breadcrumb\"},\"inLanguage\":\"es-MX\",\"potentialAction\":[{\"@type\":\"ReadAction\",\"target\":[\"https:\/\/teatrounam.com.mx\/fitu27\/actividades-especiales\/\"]}]},{\"@type\":\"BreadcrumbList\",\"@id\":\"https:\/\/teatrounam.com.mx\/fitu27\/actividades-especiales\/#breadcrumb\",\"itemListElement\":[{\"@type\":\"ListItem\",\"position\":1,\"item\":{\"@type\":\"WebPage\",\"@id\":\"http:\/\/teatrounam.com.mx\/fitu27\/\",\"url\":\"http:\/\/teatrounam.com.mx\/fitu27\/\",\"name\":\"Home\"}},{\"@type\":\"ListItem\",\"position\":2,\"item\":{\"@type\":\"WebPage\",\"@id\":\"https:\/\/teatrounam.com.mx\/fitu27\/actividades-especiales\/\",\"url\":\"https:\/\/teatrounam.com.mx\/fitu27\/actividades-especiales\/\",\"name\":\"Actividades especiales\"}}]}]}<\/script>\n<!-- \/ Yoast SEO plugin. -->","_links":{"self":[{"href":"https:\/\/teatrounam.com.mx\/fitu27\/wp-json\/wp\/v2\/pages\/1746"}],"collection":[{"href":"https:\/\/teatrounam.com.mx\/fitu27\/wp-json\/wp\/v2\/pages"}],"about":[{"href":"https:\/\/teatrounam.com.mx\/fitu27\/wp-json\/wp\/v2\/types\/page"}],"author":[{"embeddable":true,"href":"https:\/\/teatrounam.com.mx\/fitu27\/wp-json\/wp\/v2\/users\/1"}],"replies":[{"embeddable":true,"href":"https:\/\/teatrounam.com.mx\/fitu27\/wp-json\/wp\/v2\/comments?post=1746"}],"version-history":[{"count":4,"href":"https:\/\/teatrounam.com.mx\/fitu27\/wp-json\/wp\/v2\/pages\/1746\/revisions"}],"predecessor-version":[{"id":1750,"href":"https:\/\/teatrounam.com.mx\/fitu27\/wp-json\/wp\/v2\/pages\/1746\/revisions\/1750"}],"wp:attachment":[{"href":"https:\/\/teatrounam.com.mx\/fitu27\/wp-json\/wp\/v2\/media?parent=1746"}],"curies":[{"name":"wp","href":"https:\/\/api.w.org\/{rel}","templated":true}]}}