{"id":1732,"date":"2020-02-05T00:28:01","date_gmt":"2020-02-05T00:28:01","guid":{"rendered":"http:\/\/teatrounam.com.mx\/fitu29\/?page_id=1732"},"modified":"2020-02-05T00:28:41","modified_gmt":"2020-02-05T00:28:41","slug":"conferencias","status":"publish","type":"page","link":"https:\/\/teatrounam.com.mx\/fitu27\/conferencias\/","title":{"rendered":"Conferencias"},"content":{"rendered":"\t\t<div data-elementor-type=\"wp-page\" data-elementor-id=\"1732\" class=\"elementor elementor-1732\" data-elementor-settings=\"[]\">\n\t\t\t\t\t\t<div class=\"elementor-inner\">\n\t\t\t\t\t\t\t<div class=\"elementor-section-wrap\">\n\t\t\t\t\t\t\t<section class=\"elementor-section elementor-top-section elementor-element elementor-element-959dc3e elementor-section-boxed elementor-section-height-default elementor-section-height-default\" data-id=\"959dc3e\" data-element_type=\"section\">\n\t\t\t\t\t\t<div class=\"elementor-container elementor-column-gap-default\">\n\t\t\t\t\t\t\t<div class=\"elementor-row\">\n\t\t\t\t\t<div class=\"elementor-column elementor-col-100 elementor-top-column elementor-element elementor-element-cad903e\" data-id=\"cad903e\" data-element_type=\"column\">\n\t\t\t<div class=\"elementor-column-wrap elementor-element-populated\">\n\t\t\t\t\t\t\t<div class=\"elementor-widget-wrap\">\n\t\t\t\t\t\t<div class=\"elementor-element elementor-element-20678c4 elementor-grid-eael-col-3 elementor-grid-tablet-eael-col-2 elementor-grid-mobile-eael-col-1 elementor-widget elementor-widget-eael-post-grid\" data-id=\"20678c4\" data-element_type=\"widget\" data-settings=\"{&quot;eael_post_grid_columns&quot;:&quot;eael-col-3&quot;,&quot;eael_post_grid_columns_tablet&quot;:&quot;eael-col-2&quot;,&quot;eael_post_grid_columns_mobile&quot;:&quot;eael-col-1&quot;}\" data-widget_type=\"eael-post-grid.default\">\n\t\t\t\t<div class=\"elementor-widget-container\">\n\t\t\t<div id=\"eael-post-grid-20678c4\" class=\"eael-post-grid-container\">\n            <div class=\"eael-post-grid eael-post-appender eael-post-appender-20678c4 eael-post-grid-style-default\" data-layout-mode=\"masonry\"><article class=\"eael-grid-post eael-post-grid-column\" data-id=\"1483\">\n        <div class=\"eael-grid-post-holder\">\n            <div class=\"eael-grid-post-holder-inner\"><div class=\"eael-entry-media\"><div class=\"eael-entry-overlay fade-in\"><i class=\"fas fa-long-arrow-alt-right\" aria-hidden=\"true\"><\/i><a\n                            href=\"https:\/\/teatrounam.com.mx\/fitu27\/la-potencia-de-lo-minimo\/\"\n                            \n                            \n                        ><\/a><\/div><div class=\"eael-entry-thumbnail\">\n                                <img src=\"https:\/\/teatrounam.com.mx\/fitu27\/wp-content\/uploads\/2020\/02\/la-potencia-de-lo-minimo.png\" alt=\"\">\n                            <\/div><\/div><div class=\"eael-entry-wrapper\"><header class=\"eael-entry-header\"><h2 class=\"eael-entry-title\"><a\n                        class=\"eael-grid-post-link\"\n                        href=\"https:\/\/teatrounam.com.mx\/fitu27\/la-potencia-de-lo-minimo\/\"\n                        title=\"La potencia de lo m\u00ednimo\"\n                        \n                        \n                        >La potencia de lo m\u00ednimo<\/a><\/h2><\/header><div class=\"eael-entry-content\">\n                        <div class=\"eael-grid-post-excerpt\"><p>Francia. Pascal Rambert en conversacio\u0301n con Sof\u00eda Espinosa. Pascal es uno de los ma\u0301s reconocidos dramaturgos y directores franceses, su bu\u0301squeda es la de provocar el mayor impacto con las &hellip;<\/p><a\n                            href=\"https:\/\/teatrounam.com.mx\/fitu27\/la-potencia-de-lo-minimo\/\"\n                            class=\"eael-post-elements-readmore-btn\"\n                            \n                            \n                            >Leer m\u00e1s<\/a><\/div>\n                    <\/div><\/div><\/div>\n        <\/div>\n    <\/article><article class=\"eael-grid-post eael-post-grid-column\" data-id=\"1492\">\n        <div class=\"eael-grid-post-holder\">\n            <div class=\"eael-grid-post-holder-inner\"><div class=\"eael-entry-media\"><div class=\"eael-entry-overlay fade-in\"><i class=\"fas fa-long-arrow-alt-right\" aria-hidden=\"true\"><\/i><a\n                            href=\"https:\/\/teatrounam.com.mx\/fitu27\/diez-preguntas-que-me-gustaria-responder-sobre-teatro-y-produccion-de-conocimiento\/\"\n                            \n                            \n                        ><\/a><\/div><div class=\"eael-entry-thumbnail\">\n                                <img src=\"https:\/\/teatrounam.com.mx\/fitu27\/wp-content\/uploads\/2020\/02\/Diez-preguntas-que-me-gustaria.png\" alt=\"\">\n                            <\/div><\/div><div class=\"eael-entry-wrapper\"><header class=\"eael-entry-header\"><h2 class=\"eael-entry-title\"><a\n                        class=\"eael-grid-post-link\"\n                        href=\"https:\/\/teatrounam.com.mx\/fitu27\/diez-preguntas-que-me-gustaria-responder-sobre-teatro-y-produccion-de-conocimiento\/\"\n                        title=\"Diez preguntas que me gustar\u00eda responder sobre teatro y produccio\u0301n de conocimiento\"\n                        \n                        \n                        >Diez preguntas que me gustar\u00eda responder sobre teatro y produccio\u0301n de conocimiento<\/a><\/h2><\/header><div class=\"eael-entry-content\">\n                        <div class=\"eael-grid-post-excerpt\"><p>Universidad de Buenos Aires, Argentina. Imparte Jorge Dubatti. Dentro del vasto campo de las relaciones entre teatro y produccio\u0301n de conocimiento, Dubatti elige diez interrogantes fundamentales que contesta en esta &hellip;<\/p><a\n                            href=\"https:\/\/teatrounam.com.mx\/fitu27\/diez-preguntas-que-me-gustaria-responder-sobre-teatro-y-produccion-de-conocimiento\/\"\n                            class=\"eael-post-elements-readmore-btn\"\n                            \n                            \n                            >Leer m\u00e1s<\/a><\/div>\n                    <\/div><\/div><\/div>\n        <\/div>\n    <\/article><article class=\"eael-grid-post eael-post-grid-column\" data-id=\"647\">\n        <div class=\"eael-grid-post-holder\">\n            <div class=\"eael-grid-post-holder-inner\"><div class=\"eael-entry-media\"><div class=\"eael-entry-overlay fade-in\"><i class=\"fas fa-long-arrow-alt-right\" aria-hidden=\"true\"><\/i><a\n                            href=\"https:\/\/teatrounam.com.mx\/fitu27\/escribir-teatro-para-ninos-una-conquista-de-la-libertad\/\"\n                            \n                            \n                        ><\/a><\/div><div class=\"eael-entry-thumbnail\">\n                                <img src=\"https:\/\/teatrounam.com.mx\/fitu27\/wp-content\/uploads\/2020\/01\/Escribir-teatro-para-nin\u0303os.png\" alt=\"\">\n                            <\/div><\/div><div class=\"eael-entry-wrapper\"><header class=\"eael-entry-header\"><h2 class=\"eael-entry-title\"><a\n                        class=\"eael-grid-post-link\"\n                        href=\"https:\/\/teatrounam.com.mx\/fitu27\/escribir-teatro-para-ninos-una-conquista-de-la-libertad\/\"\n                        title=\"Escribir teatro para j\u00f3venes, una conquista de la libertad\"\n                        \n                        \n                        >Escribir teatro para j\u00f3venes, una conquista de la libertad<\/a><\/h2><\/header><div class=\"eael-entry-content\">\n                        <div class=\"eael-grid-post-excerpt\"><p>Conferencia de Suzanne Lebeau. Suzanne Lebeau empez\u00f3 a escribir teatro para ni\u00f1os como todo lo que hacemos: con muy buenas intenciones y un conocimiento m\u00ednimo de qui\u00e9nes son los ni\u00f1os. &hellip;<\/p><a\n                            href=\"https:\/\/teatrounam.com.mx\/fitu27\/escribir-teatro-para-ninos-una-conquista-de-la-libertad\/\"\n                            class=\"eael-post-elements-readmore-btn\"\n                            \n                            \n                            >Leer m\u00e1s<\/a><\/div>\n                    <\/div><\/div><\/div>\n        <\/div>\n    <\/article><article class=\"eael-grid-post eael-post-grid-column\" data-id=\"631\">\n        <div class=\"eael-grid-post-holder\">\n            <div class=\"eael-grid-post-holder-inner\"><div class=\"eael-entry-media\"><div class=\"eael-entry-overlay fade-in\"><i class=\"fas fa-long-arrow-alt-right\" aria-hidden=\"true\"><\/i><a\n                            href=\"https:\/\/teatrounam.com.mx\/fitu27\/crear-en-compania\/\"\n                            \n                            \n                        ><\/a><\/div><div class=\"eael-entry-thumbnail\">\n                                <img src=\"https:\/\/teatrounam.com.mx\/fitu27\/wp-content\/uploads\/2020\/01\/Crear-en-compan\u0303ia.jpg\" alt=\"\">\n                            <\/div><\/div><div class=\"eael-entry-wrapper\"><header class=\"eael-entry-header\"><h2 class=\"eael-entry-title\"><a\n                        class=\"eael-grid-post-link\"\n                        href=\"https:\/\/teatrounam.com.mx\/fitu27\/crear-en-compania\/\"\n                        title=\"Crear en compa\u00f1\u00eda\"\n                        \n                        \n                        >Crear en compa\u00f1\u00eda<\/a><\/h2><\/header><div class=\"eael-entry-content\">\n                        <div class=\"eael-grid-post-excerpt\"><p>Crear en compa\u00f1\u00eda. Teatro Petra con Jorge Dubatti Hay que enfrentar la realidad. La poes\u00eda, el humor y la libertad han sido las principales herramientas de Teatro Petra para embestirla. &hellip;<\/p><a\n                            href=\"https:\/\/teatrounam.com.mx\/fitu27\/crear-en-compania\/\"\n                            class=\"eael-post-elements-readmore-btn\"\n                            \n                            \n                            >Leer m\u00e1s<\/a><\/div>\n                    <\/div><\/div><\/div>\n        <\/div>\n    <\/article><\/div>\n            <div class=\"clearfix\"><\/div>\n        <\/div>\t\t<\/div>\n\t\t\t\t<\/div>\n\t\t\t\t\t\t<\/div>\n\t\t\t\t\t<\/div>\n\t\t<\/div>\n\t\t\t\t\t\t\t\t<\/div>\n\t\t\t\t\t<\/div>\n\t\t<\/section>\n\t\t\t\t\t\t<\/div>\n\t\t\t\t\t\t<\/div>\n\t\t\t\t\t<\/div>\n\t\t","protected":false},"excerpt":{"rendered":"<p>La potencia de lo m\u00ednimo Francia. Pascal Rambert en conversacio\u0301n con Sof\u00eda Espinosa. Pascal es uno de los ma\u0301s reconocidos dramaturgos y directores franceses, su bu\u0301squeda es la de provocar &hellip; <\/p>\n","protected":false},"author":1,"featured_media":0,"parent":0,"menu_order":0,"comment_status":"closed","ping_status":"closed","template":"","meta":{"spay_email":""},"yoast_head":"<!-- This site is optimized with the Yoast SEO plugin v16.1.1 - https:\/\/yoast.com\/wordpress\/plugins\/seo\/ -->\n<title>Conferencias - 27 Festival Internacional de Teatro Universitario<\/title>\n<meta property=\"og:locale\" content=\"es_MX\" \/>\n<meta property=\"og:type\" content=\"article\" \/>\n<meta property=\"og:title\" content=\"Conferencias - 27 Festival Internacional de Teatro Universitario\" \/>\n<meta property=\"og:description\" content=\"La potencia de lo m\u00ednimo Francia. Pascal Rambert en conversacio\u0301n con Sof\u00eda Espinosa. Pascal es uno de los ma\u0301s reconocidos dramaturgos y directores franceses, su bu\u0301squeda es la de provocar &hellip;\" \/>\n<meta property=\"og:url\" content=\"https:\/\/teatrounam.com.mx\/fitu27\/conferencias\/\" \/>\n<meta property=\"og:site_name\" content=\"27 Festival Internacional de Teatro Universitario\" \/>\n<meta property=\"article:modified_time\" content=\"2020-02-05T00:28:41+00:00\" \/>\n<meta property=\"og:image\" content=\"http:\/\/teatrounam.com.mx\/fitu29\/wp-content\/uploads\/2020\/02\/la-potencia-de-lo-minimo.png\" \/>\n<meta name=\"twitter:card\" content=\"summary_large_image\" \/>\n<meta name=\"twitter:label1\" content=\"Tiempo de lectura\">\n\t<meta name=\"twitter:data1\" content=\"1 minuto\">\n<script type=\"application\/ld+json\" class=\"yoast-schema-graph\">{\"@context\":\"https:\/\/schema.org\",\"@graph\":[{\"@type\":\"WebSite\",\"@id\":\"http:\/\/teatrounam.com.mx\/fitu27\/#website\",\"url\":\"http:\/\/teatrounam.com.mx\/fitu27\/\",\"name\":\"27 Festival Internacional de Teatro Universitario\",\"description\":\"Del 7 al 16 de febrero 2020\",\"potentialAction\":[{\"@type\":\"SearchAction\",\"target\":\"http:\/\/teatrounam.com.mx\/fitu27\/?s={search_term_string}\",\"query-input\":\"required name=search_term_string\"}],\"inLanguage\":\"es-MX\"},{\"@type\":\"ImageObject\",\"@id\":\"https:\/\/teatrounam.com.mx\/fitu27\/conferencias\/#primaryimage\",\"inLanguage\":\"es-MX\",\"url\":\"http:\/\/teatrounam.com.mx\/fitu29\/wp-content\/uploads\/2020\/02\/la-potencia-de-lo-minimo.png\",\"contentUrl\":\"http:\/\/teatrounam.com.mx\/fitu29\/wp-content\/uploads\/2020\/02\/la-potencia-de-lo-minimo.png\"},{\"@type\":\"WebPage\",\"@id\":\"https:\/\/teatrounam.com.mx\/fitu27\/conferencias\/#webpage\",\"url\":\"https:\/\/teatrounam.com.mx\/fitu27\/conferencias\/\",\"name\":\"Conferencias - 27 Festival Internacional de Teatro Universitario\",\"isPartOf\":{\"@id\":\"http:\/\/teatrounam.com.mx\/fitu27\/#website\"},\"primaryImageOfPage\":{\"@id\":\"https:\/\/teatrounam.com.mx\/fitu27\/conferencias\/#primaryimage\"},\"datePublished\":\"2020-02-05T00:28:01+00:00\",\"dateModified\":\"2020-02-05T00:28:41+00:00\",\"breadcrumb\":{\"@id\":\"https:\/\/teatrounam.com.mx\/fitu27\/conferencias\/#breadcrumb\"},\"inLanguage\":\"es-MX\",\"potentialAction\":[{\"@type\":\"ReadAction\",\"target\":[\"https:\/\/teatrounam.com.mx\/fitu27\/conferencias\/\"]}]},{\"@type\":\"BreadcrumbList\",\"@id\":\"https:\/\/teatrounam.com.mx\/fitu27\/conferencias\/#breadcrumb\",\"itemListElement\":[{\"@type\":\"ListItem\",\"position\":1,\"item\":{\"@type\":\"WebPage\",\"@id\":\"http:\/\/teatrounam.com.mx\/fitu27\/\",\"url\":\"http:\/\/teatrounam.com.mx\/fitu27\/\",\"name\":\"Home\"}},{\"@type\":\"ListItem\",\"position\":2,\"item\":{\"@type\":\"WebPage\",\"@id\":\"https:\/\/teatrounam.com.mx\/fitu27\/conferencias\/\",\"url\":\"https:\/\/teatrounam.com.mx\/fitu27\/conferencias\/\",\"name\":\"Conferencias\"}}]}]}<\/script>\n<!-- \/ Yoast SEO plugin. -->","_links":{"self":[{"href":"https:\/\/teatrounam.com.mx\/fitu27\/wp-json\/wp\/v2\/pages\/1732"}],"collection":[{"href":"https:\/\/teatrounam.com.mx\/fitu27\/wp-json\/wp\/v2\/pages"}],"about":[{"href":"https:\/\/teatrounam.com.mx\/fitu27\/wp-json\/wp\/v2\/types\/page"}],"author":[{"embeddable":true,"href":"https:\/\/teatrounam.com.mx\/fitu27\/wp-json\/wp\/v2\/users\/1"}],"replies":[{"embeddable":true,"href":"https:\/\/teatrounam.com.mx\/fitu27\/wp-json\/wp\/v2\/comments?post=1732"}],"version-history":[{"count":2,"href":"https:\/\/teatrounam.com.mx\/fitu27\/wp-json\/wp\/v2\/pages\/1732\/revisions"}],"predecessor-version":[{"id":1734,"href":"https:\/\/teatrounam.com.mx\/fitu27\/wp-json\/wp\/v2\/pages\/1732\/revisions\/1734"}],"wp:attachment":[{"href":"https:\/\/teatrounam.com.mx\/fitu27\/wp-json\/wp\/v2\/media?parent=1732"}],"curies":[{"name":"wp","href":"https:\/\/api.w.org\/{rel}","templated":true}]}}