{"id":1726,"date":"2020-02-05T00:25:53","date_gmt":"2020-02-05T00:25:53","guid":{"rendered":"http:\/\/teatrounam.com.mx\/fitu29\/?page_id=1726"},"modified":"2020-02-05T00:29:13","modified_gmt":"2020-02-05T00:29:13","slug":"presentaciones-editoriales","status":"publish","type":"page","link":"https:\/\/teatrounam.com.mx\/fitu27\/presentaciones-editoriales\/","title":{"rendered":"Presentaciones editoriales"},"content":{"rendered":"\t\t<div data-elementor-type=\"wp-page\" data-elementor-id=\"1726\" class=\"elementor elementor-1726\" data-elementor-settings=\"[]\">\n\t\t\t\t\t\t<div class=\"elementor-inner\">\n\t\t\t\t\t\t\t<div class=\"elementor-section-wrap\">\n\t\t\t\t\t\t\t<section class=\"elementor-section elementor-top-section elementor-element elementor-element-959dc3e elementor-section-boxed elementor-section-height-default elementor-section-height-default\" data-id=\"959dc3e\" data-element_type=\"section\">\n\t\t\t\t\t\t<div class=\"elementor-container elementor-column-gap-default\">\n\t\t\t\t\t\t\t<div class=\"elementor-row\">\n\t\t\t\t\t<div class=\"elementor-column elementor-col-100 elementor-top-column elementor-element elementor-element-cad903e\" data-id=\"cad903e\" data-element_type=\"column\">\n\t\t\t<div class=\"elementor-column-wrap elementor-element-populated\">\n\t\t\t\t\t\t\t<div class=\"elementor-widget-wrap\">\n\t\t\t\t\t\t<div class=\"elementor-element elementor-element-20678c4 elementor-grid-eael-col-3 elementor-grid-tablet-eael-col-2 elementor-grid-mobile-eael-col-1 elementor-widget elementor-widget-eael-post-grid\" data-id=\"20678c4\" data-element_type=\"widget\" data-settings=\"{&quot;eael_post_grid_columns&quot;:&quot;eael-col-3&quot;,&quot;eael_post_grid_columns_tablet&quot;:&quot;eael-col-2&quot;,&quot;eael_post_grid_columns_mobile&quot;:&quot;eael-col-1&quot;}\" data-widget_type=\"eael-post-grid.default\">\n\t\t\t\t<div class=\"elementor-widget-container\">\n\t\t\t<div id=\"eael-post-grid-20678c4\" class=\"eael-post-grid-container\">\n            <div class=\"eael-post-grid eael-post-appender eael-post-appender-20678c4 eael-post-grid-style-default\" data-layout-mode=\"masonry\"><article class=\"eael-grid-post eael-post-grid-column\" data-id=\"651\">\n        <div class=\"eael-grid-post-holder\">\n            <div class=\"eael-grid-post-holder-inner\"><div class=\"eael-entry-media\"><div class=\"eael-entry-overlay fade-in\"><i class=\"fas fa-long-arrow-alt-right\" aria-hidden=\"true\"><\/i><a\n                            href=\"https:\/\/teatrounam.com.mx\/fitu27\/presentacion-del-libro-escribir-teatro-para-ninos-una-conquista-de-la-libertad-de-suzanne-lebeau\/\"\n                            \n                            \n                        ><\/a><\/div><div class=\"eael-entry-thumbnail\">\n                                <img src=\"https:\/\/teatrounam.com.mx\/fitu27\/wp-content\/uploads\/2020\/01\/escribir-para-publcios-jovenes-1.png\" alt=\"\">\n                            <\/div><\/div><div class=\"eael-entry-wrapper\"><header class=\"eael-entry-header\"><h2 class=\"eael-entry-title\"><a\n                        class=\"eael-grid-post-link\"\n                        href=\"https:\/\/teatrounam.com.mx\/fitu27\/presentacion-del-libro-escribir-teatro-para-ninos-una-conquista-de-la-libertad-de-suzanne-lebeau\/\"\n                        title=\"Presentaci\u00f3n editorial \u201cEscribir teatro para j\u00f3venes, una conquista de la libertad\u201d de Suzanne Lebeau\"\n                        \n                        \n                        >Presentaci\u00f3n editorial \u201cEscribir teatro para j\u00f3venes, una conquista de la libertad\u201d de Suzanne Lebeau<\/a><\/h2><\/header><div class=\"eael-entry-content\">\n                        <div class=\"eael-grid-post-excerpt\"><p>\u201cEscribir teatro para ni\u00f1os, una conquista de la libertad\u201d de Suzanne Lebeau. Con: Suzanne Lebeau, Amaranta Leyva y Luisa Huertas. Modera: Jaime Chabaud. Al inicio de su carrera, Suzanne Lebeau &hellip;<\/p><a\n                            href=\"https:\/\/teatrounam.com.mx\/fitu27\/presentacion-del-libro-escribir-teatro-para-ninos-una-conquista-de-la-libertad-de-suzanne-lebeau\/\"\n                            class=\"eael-post-elements-readmore-btn\"\n                            \n                            \n                            >Leer m\u00e1s<\/a><\/div>\n                    <\/div><\/div><\/div>\n        <\/div>\n    <\/article><article class=\"eael-grid-post eael-post-grid-column\" data-id=\"600\">\n        <div class=\"eael-grid-post-holder\">\n            <div class=\"eael-grid-post-holder-inner\"><div class=\"eael-entry-media\"><div class=\"eael-entry-overlay fade-in\"><i class=\"fas fa-long-arrow-alt-right\" aria-hidden=\"true\"><\/i><a\n                            href=\"https:\/\/teatrounam.com.mx\/fitu27\/presentacion-del-libro-rituales-de-tinta-antologia-de-dramaturgas-mexicanas-compilacion-y-prologo-de-gabriela-ynclan\/\"\n                            \n                            \n                        ><\/a><\/div><div class=\"eael-entry-thumbnail\">\n                                <img src=\"https:\/\/teatrounam.com.mx\/fitu27\/wp-content\/uploads\/2020\/01\/rituales-de-tinta.png\" alt=\"\">\n                            <\/div><\/div><div class=\"eael-entry-wrapper\"><header class=\"eael-entry-header\"><h2 class=\"eael-entry-title\"><a\n                        class=\"eael-grid-post-link\"\n                        href=\"https:\/\/teatrounam.com.mx\/fitu27\/presentacion-del-libro-rituales-de-tinta-antologia-de-dramaturgas-mexicanas-compilacion-y-prologo-de-gabriela-ynclan\/\"\n                        title=\"Rituales de tinta. Antolog\u00eda de dramaturgas mexicanas.\"\n                        \n                        \n                        >Rituales de tinta. Antolog\u00eda de dramaturgas mexicanas.<\/a><\/h2><\/header><div class=\"eael-entry-content\">\n                        <div class=\"eael-grid-post-excerpt\"><p>Compilacio\u0301n y pro\u0301logo de Gabriela Yncla\u0301n. Participan: Gabriela Yncl\u00e1n, Camila Villegas y Reyna Barrera. Modera: Jorge Robles, director editorial de la Universidad Aut\u00f3noma del Estado de M\u00e9xico. Con el prop\u00f3sito &hellip;<\/p><a\n                            href=\"https:\/\/teatrounam.com.mx\/fitu27\/presentacion-del-libro-rituales-de-tinta-antologia-de-dramaturgas-mexicanas-compilacion-y-prologo-de-gabriela-ynclan\/\"\n                            class=\"eael-post-elements-readmore-btn\"\n                            \n                            \n                            >Leer m\u00e1s<\/a><\/div>\n                    <\/div><\/div><\/div>\n        <\/div>\n    <\/article><article class=\"eael-grid-post eael-post-grid-column\" data-id=\"592\">\n        <div class=\"eael-grid-post-holder\">\n            <div class=\"eael-grid-post-holder-inner\"><div class=\"eael-entry-media\"><div class=\"eael-entry-overlay fade-in\"><i class=\"fas fa-long-arrow-alt-right\" aria-hidden=\"true\"><\/i><a\n                            href=\"https:\/\/teatrounam.com.mx\/fitu27\/venta-de-libros-especializados\/\"\n                            \n                            \n                        ><\/a><\/div><div class=\"eael-entry-thumbnail\">\n                                <img src=\"https:\/\/teatrounam.com.mx\/fitu27\/wp-content\/uploads\/2020\/01\/venta-de-libros-especializados.png\" alt=\"\">\n                            <\/div><\/div><div class=\"eael-entry-wrapper\"><header class=\"eael-entry-header\"><h2 class=\"eael-entry-title\"><a\n                        class=\"eael-grid-post-link\"\n                        href=\"https:\/\/teatrounam.com.mx\/fitu27\/venta-de-libros-especializados\/\"\n                        title=\"Venta de libros especializados\"\n                        \n                        \n                        >Venta de libros especializados<\/a><\/h2><\/header><div class=\"eael-entry-content\">\n                        <div class=\"eael-grid-post-excerpt\"><p>Editoriales participantes: Paso de Gato Ediciones El Milagro Publicaciones y Fomento Editorial UNAM Librer\u00eda MUAC Libros de Godot Del 7 al 16 | horario Exterior de la Sala Carlos Ch\u00e1vez<\/p><a\n                            href=\"https:\/\/teatrounam.com.mx\/fitu27\/venta-de-libros-especializados\/\"\n                            class=\"eael-post-elements-readmore-btn\"\n                            \n                            \n                            >Leer m\u00e1s<\/a><\/div>\n                    <\/div><\/div><\/div>\n        <\/div>\n    <\/article><\/div>\n            <div class=\"clearfix\"><\/div>\n        <\/div>\t\t<\/div>\n\t\t\t\t<\/div>\n\t\t\t\t\t\t<\/div>\n\t\t\t\t\t<\/div>\n\t\t<\/div>\n\t\t\t\t\t\t\t\t<\/div>\n\t\t\t\t\t<\/div>\n\t\t<\/section>\n\t\t\t\t\t\t<\/div>\n\t\t\t\t\t\t<\/div>\n\t\t\t\t\t<\/div>\n\t\t","protected":false},"excerpt":{"rendered":"<p>Presentaci\u00f3n editorial \u201cEscribir teatro para ni\u00f1os, una conquista de la libertad\u201d de Suzanne Lebeau \u201cEscribir teatro para ni\u00f1os, una conquista de la libertad\u201d de Suzanne Lebeau. Con: Suzanne Lebeau, Amaranta &hellip; <\/p>\n","protected":false},"author":1,"featured_media":0,"parent":0,"menu_order":0,"comment_status":"closed","ping_status":"closed","template":"","meta":{"spay_email":""},"yoast_head":"<!-- This site is optimized with the Yoast SEO plugin v16.1.1 - https:\/\/yoast.com\/wordpress\/plugins\/seo\/ -->\n<title>Presentaciones editoriales - 27 Festival Internacional de Teatro Universitario<\/title>\n<meta property=\"og:locale\" content=\"es_MX\" \/>\n<meta property=\"og:type\" content=\"article\" \/>\n<meta property=\"og:title\" content=\"Presentaciones editoriales - 27 Festival Internacional de Teatro Universitario\" \/>\n<meta property=\"og:description\" content=\"Presentaci\u00f3n editorial \u201cEscribir teatro para ni\u00f1os, una conquista de la libertad\u201d de Suzanne Lebeau \u201cEscribir teatro para ni\u00f1os, una conquista de la libertad\u201d de Suzanne Lebeau. Con: Suzanne Lebeau, Amaranta &hellip;\" \/>\n<meta property=\"og:url\" content=\"https:\/\/teatrounam.com.mx\/fitu27\/presentaciones-editoriales\/\" \/>\n<meta property=\"og:site_name\" content=\"27 Festival Internacional de Teatro Universitario\" \/>\n<meta property=\"article:modified_time\" content=\"2020-02-05T00:29:13+00:00\" \/>\n<meta property=\"og:image\" content=\"http:\/\/teatrounam.com.mx\/fitu29\/wp-content\/uploads\/2020\/01\/escribir-para-publcios-jovenes-1.png\" \/>\n<meta name=\"twitter:card\" content=\"summary_large_image\" \/>\n<meta name=\"twitter:label1\" content=\"Tiempo de lectura\">\n\t<meta name=\"twitter:data1\" content=\"1 minuto\">\n<script type=\"application\/ld+json\" class=\"yoast-schema-graph\">{\"@context\":\"https:\/\/schema.org\",\"@graph\":[{\"@type\":\"WebSite\",\"@id\":\"http:\/\/teatrounam.com.mx\/fitu27\/#website\",\"url\":\"http:\/\/teatrounam.com.mx\/fitu27\/\",\"name\":\"27 Festival Internacional de Teatro Universitario\",\"description\":\"Del 7 al 16 de febrero 2020\",\"potentialAction\":[{\"@type\":\"SearchAction\",\"target\":\"http:\/\/teatrounam.com.mx\/fitu27\/?s={search_term_string}\",\"query-input\":\"required name=search_term_string\"}],\"inLanguage\":\"es-MX\"},{\"@type\":\"ImageObject\",\"@id\":\"https:\/\/teatrounam.com.mx\/fitu27\/presentaciones-editoriales\/#primaryimage\",\"inLanguage\":\"es-MX\",\"url\":\"http:\/\/teatrounam.com.mx\/fitu29\/wp-content\/uploads\/2020\/01\/escribir-para-publcios-jovenes-1.png\",\"contentUrl\":\"http:\/\/teatrounam.com.mx\/fitu29\/wp-content\/uploads\/2020\/01\/escribir-para-publcios-jovenes-1.png\"},{\"@type\":\"WebPage\",\"@id\":\"https:\/\/teatrounam.com.mx\/fitu27\/presentaciones-editoriales\/#webpage\",\"url\":\"https:\/\/teatrounam.com.mx\/fitu27\/presentaciones-editoriales\/\",\"name\":\"Presentaciones editoriales - 27 Festival Internacional de Teatro Universitario\",\"isPartOf\":{\"@id\":\"http:\/\/teatrounam.com.mx\/fitu27\/#website\"},\"primaryImageOfPage\":{\"@id\":\"https:\/\/teatrounam.com.mx\/fitu27\/presentaciones-editoriales\/#primaryimage\"},\"datePublished\":\"2020-02-05T00:25:53+00:00\",\"dateModified\":\"2020-02-05T00:29:13+00:00\",\"breadcrumb\":{\"@id\":\"https:\/\/teatrounam.com.mx\/fitu27\/presentaciones-editoriales\/#breadcrumb\"},\"inLanguage\":\"es-MX\",\"potentialAction\":[{\"@type\":\"ReadAction\",\"target\":[\"https:\/\/teatrounam.com.mx\/fitu27\/presentaciones-editoriales\/\"]}]},{\"@type\":\"BreadcrumbList\",\"@id\":\"https:\/\/teatrounam.com.mx\/fitu27\/presentaciones-editoriales\/#breadcrumb\",\"itemListElement\":[{\"@type\":\"ListItem\",\"position\":1,\"item\":{\"@type\":\"WebPage\",\"@id\":\"http:\/\/teatrounam.com.mx\/fitu27\/\",\"url\":\"http:\/\/teatrounam.com.mx\/fitu27\/\",\"name\":\"Home\"}},{\"@type\":\"ListItem\",\"position\":2,\"item\":{\"@type\":\"WebPage\",\"@id\":\"https:\/\/teatrounam.com.mx\/fitu27\/presentaciones-editoriales\/\",\"url\":\"https:\/\/teatrounam.com.mx\/fitu27\/presentaciones-editoriales\/\",\"name\":\"Presentaciones editoriales\"}}]}]}<\/script>\n<!-- \/ Yoast SEO plugin. -->","_links":{"self":[{"href":"https:\/\/teatrounam.com.mx\/fitu27\/wp-json\/wp\/v2\/pages\/1726"}],"collection":[{"href":"https:\/\/teatrounam.com.mx\/fitu27\/wp-json\/wp\/v2\/pages"}],"about":[{"href":"https:\/\/teatrounam.com.mx\/fitu27\/wp-json\/wp\/v2\/types\/page"}],"author":[{"embeddable":true,"href":"https:\/\/teatrounam.com.mx\/fitu27\/wp-json\/wp\/v2\/users\/1"}],"replies":[{"embeddable":true,"href":"https:\/\/teatrounam.com.mx\/fitu27\/wp-json\/wp\/v2\/comments?post=1726"}],"version-history":[{"count":3,"href":"https:\/\/teatrounam.com.mx\/fitu27\/wp-json\/wp\/v2\/pages\/1726\/revisions"}],"predecessor-version":[{"id":1735,"href":"https:\/\/teatrounam.com.mx\/fitu27\/wp-json\/wp\/v2\/pages\/1726\/revisions\/1735"}],"wp:attachment":[{"href":"https:\/\/teatrounam.com.mx\/fitu27\/wp-json\/wp\/v2\/media?parent=1726"}],"curies":[{"name":"wp","href":"https:\/\/api.w.org\/{rel}","templated":true}]}}