{"id":1279,"date":"2020-01-31T01:14:55","date_gmt":"2020-01-31T01:14:55","guid":{"rendered":"http:\/\/teatrounam.com.mx\/fitu29\/?page_id=1279"},"modified":"2020-02-05T00:29:48","modified_gmt":"2020-02-05T00:29:48","slug":"lecturas-dramatizadas","status":"publish","type":"page","link":"https:\/\/teatrounam.com.mx\/fitu27\/lecturas-dramatizadas\/","title":{"rendered":"Lecturas dramatizadas"},"content":{"rendered":"\t\t<div data-elementor-type=\"wp-page\" data-elementor-id=\"1279\" class=\"elementor elementor-1279\" data-elementor-settings=\"[]\">\n\t\t\t\t\t\t<div class=\"elementor-inner\">\n\t\t\t\t\t\t\t<div class=\"elementor-section-wrap\">\n\t\t\t\t\t\t\t<section class=\"elementor-section elementor-top-section elementor-element elementor-element-959dc3e elementor-section-boxed elementor-section-height-default elementor-section-height-default\" data-id=\"959dc3e\" data-element_type=\"section\">\n\t\t\t\t\t\t<div class=\"elementor-container elementor-column-gap-default\">\n\t\t\t\t\t\t\t<div class=\"elementor-row\">\n\t\t\t\t\t<div class=\"elementor-column elementor-col-100 elementor-top-column elementor-element elementor-element-cad903e\" data-id=\"cad903e\" data-element_type=\"column\">\n\t\t\t<div class=\"elementor-column-wrap elementor-element-populated\">\n\t\t\t\t\t\t\t<div class=\"elementor-widget-wrap\">\n\t\t\t\t\t\t<div class=\"elementor-element elementor-element-20678c4 elementor-grid-eael-col-3 elementor-grid-tablet-eael-col-2 elementor-grid-mobile-eael-col-1 elementor-widget elementor-widget-eael-post-grid\" data-id=\"20678c4\" data-element_type=\"widget\" data-settings=\"{&quot;eael_post_grid_columns&quot;:&quot;eael-col-3&quot;,&quot;eael_post_grid_columns_tablet&quot;:&quot;eael-col-2&quot;,&quot;eael_post_grid_columns_mobile&quot;:&quot;eael-col-1&quot;}\" data-widget_type=\"eael-post-grid.default\">\n\t\t\t\t<div class=\"elementor-widget-container\">\n\t\t\t<div id=\"eael-post-grid-20678c4\" class=\"eael-post-grid-container\">\n            <div class=\"eael-post-grid eael-post-appender eael-post-appender-20678c4 eael-post-grid-style-default\" data-layout-mode=\"masonry\"><article class=\"eael-grid-post eael-post-grid-column\" data-id=\"1297\">\n        <div class=\"eael-grid-post-holder\">\n            <div class=\"eael-grid-post-holder-inner\"><div class=\"eael-entry-media\"><div class=\"eael-entry-overlay fade-in\"><i class=\"fas fa-long-arrow-alt-right\" aria-hidden=\"true\"><\/i><a\n                            href=\"https:\/\/teatrounam.com.mx\/fitu27\/nadie-podra-decir-que-no-lo-intentamos-2\/\"\n                            \n                            \n                        ><\/a><\/div><div class=\"eael-entry-thumbnail\">\n                                <img src=\"https:\/\/teatrounam.com.mx\/fitu27\/wp-content\/uploads\/2020\/01\/ligachico-300x128.jpg\" alt=\"\">\n                            <\/div><\/div><div class=\"eael-entry-wrapper\"><header class=\"eael-entry-header\"><h2 class=\"eael-entry-title\"><a\n                        class=\"eael-grid-post-link\"\n                        href=\"https:\/\/teatrounam.com.mx\/fitu27\/nadie-podra-decir-que-no-lo-intentamos-2\/\"\n                        title=\"Nadie podr\u00e1 decir que no lo intentamos\"\n                        \n                        \n                        >Nadie podr\u00e1 decir que no lo intentamos<\/a><\/h2><\/header><div class=\"eael-entry-content\">\n                        <div class=\"eael-grid-post-excerpt\"><p>Lectura de las obras surgidas del taller presencial y a distancia entre la Universidad de Buenos Aires (UBA), Argentina y la Universidad (UNAM), M\u00e9xico en el 26 FITU. Docentes: Tito &hellip;<\/p><a\n                            href=\"https:\/\/teatrounam.com.mx\/fitu27\/nadie-podra-decir-que-no-lo-intentamos-2\/\"\n                            class=\"eael-post-elements-readmore-btn\"\n                            \n                            \n                            >Leer m\u00e1s<\/a><\/div>\n                    <\/div><\/div><\/div>\n        <\/div>\n    <\/article><article class=\"eael-grid-post eael-post-grid-column\" data-id=\"1298\">\n        <div class=\"eael-grid-post-holder\">\n            <div class=\"eael-grid-post-holder-inner\"><div class=\"eael-entry-media\"><div class=\"eael-entry-overlay fade-in\"><i class=\"fas fa-long-arrow-alt-right\" aria-hidden=\"true\"><\/i><a\n                            href=\"https:\/\/teatrounam.com.mx\/fitu27\/ajo-tomate-y-cebolla\/\"\n                            \n                            \n                        ><\/a><\/div><div class=\"eael-entry-thumbnail\">\n                                <img src=\"https:\/\/teatrounam.com.mx\/fitu27\/wp-content\/uploads\/2020\/01\/lectura.dramatizada_2-1.png\" alt=\"\">\n                            <\/div><\/div><div class=\"eael-entry-wrapper\"><header class=\"eael-entry-header\"><h2 class=\"eael-entry-title\"><a\n                        class=\"eael-grid-post-link\"\n                        href=\"https:\/\/teatrounam.com.mx\/fitu27\/ajo-tomate-y-cebolla\/\"\n                        title=\"Ajo, tomate y cebolla\"\n                        \n                        \n                        >Ajo, tomate y cebolla<\/a><\/h2><\/header><div class=\"eael-entry-content\">\n                        <div class=\"eael-grid-post-excerpt\"><p>De Alejandra Anzorena. Direccio\u0301n Ana Chiquete. En febrero del a\u00f1o pasado, en el marco del 26 FITU y en colaboraci\u00f3n con C\u00e1tedra Bergman, dramaturgas, dramaturgos y los docentes argentinos Tito &hellip;<\/p><a\n                            href=\"https:\/\/teatrounam.com.mx\/fitu27\/ajo-tomate-y-cebolla\/\"\n                            class=\"eael-post-elements-readmore-btn\"\n                            \n                            \n                            >Leer m\u00e1s<\/a><\/div>\n                    <\/div><\/div><\/div>\n        <\/div>\n    <\/article><article class=\"eael-grid-post eael-post-grid-column\" data-id=\"1294\">\n        <div class=\"eael-grid-post-holder\">\n            <div class=\"eael-grid-post-holder-inner\"><div class=\"eael-entry-media\"><div class=\"eael-entry-overlay fade-in\"><i class=\"fas fa-long-arrow-alt-right\" aria-hidden=\"true\"><\/i><a\n                            href=\"https:\/\/teatrounam.com.mx\/fitu27\/equipulas\/\"\n                            \n                            \n                        ><\/a><\/div><div class=\"eael-entry-thumbnail\">\n                                <img src=\"https:\/\/teatrounam.com.mx\/fitu27\/wp-content\/uploads\/2020\/01\/lectura.dramatizada3.png\" alt=\"\">\n                            <\/div><\/div><div class=\"eael-entry-wrapper\"><header class=\"eael-entry-header\"><h2 class=\"eael-entry-title\"><a\n                        class=\"eael-grid-post-link\"\n                        href=\"https:\/\/teatrounam.com.mx\/fitu27\/equipulas\/\"\n                        title=\"Esquipulas\"\n                        \n                        \n                        >Esquipulas<\/a><\/h2><\/header><div class=\"eael-entry-content\">\n                        <div class=\"eael-grid-post-excerpt\"><p>De Pablo Retana. Direccio\u0301n Valeria Di Totto y Juan Carlos Dall\u2019Occhio. En febrero del a\u00f1o pasado, en el marco del 26 FITU y en colaboraci\u00f3n con C\u00e1tedra Bergman, dramaturgas, dramaturgos &hellip;<\/p><a\n                            href=\"https:\/\/teatrounam.com.mx\/fitu27\/equipulas\/\"\n                            class=\"eael-post-elements-readmore-btn\"\n                            \n                            \n                            >Leer m\u00e1s<\/a><\/div>\n                    <\/div><\/div><\/div>\n        <\/div>\n    <\/article><article class=\"eael-grid-post eael-post-grid-column\" data-id=\"1292\">\n        <div class=\"eael-grid-post-holder\">\n            <div class=\"eael-grid-post-holder-inner\"><div class=\"eael-entry-media\"><div class=\"eael-entry-overlay fade-in\"><i class=\"fas fa-long-arrow-alt-right\" aria-hidden=\"true\"><\/i><a\n                            href=\"https:\/\/teatrounam.com.mx\/fitu27\/la-cicatriz\/\"\n                            \n                            \n                        ><\/a><\/div><div class=\"eael-entry-thumbnail\">\n                                <img src=\"https:\/\/teatrounam.com.mx\/fitu27\/wp-content\/uploads\/2020\/01\/lectura.dramatizada4.png\" alt=\"\">\n                            <\/div><\/div><div class=\"eael-entry-wrapper\"><header class=\"eael-entry-header\"><h2 class=\"eael-entry-title\"><a\n                        class=\"eael-grid-post-link\"\n                        href=\"https:\/\/teatrounam.com.mx\/fitu27\/la-cicatriz\/\"\n                        title=\"La cicatriz\"\n                        \n                        \n                        >La cicatriz<\/a><\/h2><\/header><div class=\"eael-entry-content\">\n                        <div class=\"eael-grid-post-excerpt\"><p>De Mariana Arenal. Direccio\u0301n Alejandra Aguilar. En febrero del a\u00f1o pasado, en el marco del 26 FITU y en colaboraci\u00f3n con C\u00e1tedra Bergman, dramaturgas, dramaturgos y los docentes argentinos Tito &hellip;<\/p><a\n                            href=\"https:\/\/teatrounam.com.mx\/fitu27\/la-cicatriz\/\"\n                            class=\"eael-post-elements-readmore-btn\"\n                            \n                            \n                            >Leer m\u00e1s<\/a><\/div>\n                    <\/div><\/div><\/div>\n        <\/div>\n    <\/article><article class=\"eael-grid-post eael-post-grid-column\" data-id=\"1290\">\n        <div class=\"eael-grid-post-holder\">\n            <div class=\"eael-grid-post-holder-inner\"><div class=\"eael-entry-media\"><div class=\"eael-entry-overlay fade-in\"><i class=\"fas fa-long-arrow-alt-right\" aria-hidden=\"true\"><\/i><a\n                            href=\"https:\/\/teatrounam.com.mx\/fitu27\/nadie-podra-decir-que-no-lo-intentamos\/\"\n                            \n                            \n                        ><\/a><\/div><div class=\"eael-entry-thumbnail\">\n                                <img src=\"https:\/\/teatrounam.com.mx\/fitu27\/wp-content\/uploads\/2020\/01\/lectura-dramatizada_1-1.png\" alt=\"\">\n                            <\/div><\/div><div class=\"eael-entry-wrapper\"><header class=\"eael-entry-header\"><h2 class=\"eael-entry-title\"><a\n                        class=\"eael-grid-post-link\"\n                        href=\"https:\/\/teatrounam.com.mx\/fitu27\/nadie-podra-decir-que-no-lo-intentamos\/\"\n                        title=\"Nadie podr\u00e1 decir que no lo intentamos\"\n                        \n                        \n                        >Nadie podr\u00e1 decir que no lo intentamos<\/a><\/h2><\/header><div class=\"eael-entry-content\">\n                        <div class=\"eael-grid-post-excerpt\"><p>De Rau\u0301l Villegas. Direccio\u0301n Luis A\u0301ngel Go\u0301mez. En febrero del a\u00f1o pasado, en el marco del 26 FITU y en colaboraci\u00f3n con C\u00e1tedra Bergman, dramaturgas, dramaturgos y los docentes argentinos &hellip;<\/p><a\n                            href=\"https:\/\/teatrounam.com.mx\/fitu27\/nadie-podra-decir-que-no-lo-intentamos\/\"\n                            class=\"eael-post-elements-readmore-btn\"\n                            \n                            \n                            >Leer m\u00e1s<\/a><\/div>\n                    <\/div><\/div><\/div>\n        <\/div>\n    <\/article><article class=\"eael-grid-post eael-post-grid-column\" data-id=\"609\">\n        <div class=\"eael-grid-post-holder\">\n            <div class=\"eael-grid-post-holder-inner\"><div class=\"eael-entry-media\"><div class=\"eael-entry-overlay fade-in\"><i class=\"fas fa-long-arrow-alt-right\" aria-hidden=\"true\"><\/i><a\n                            href=\"https:\/\/teatrounam.com.mx\/fitu27\/utopia-colectivo-macramemacrame\/\"\n                            \n                            \n                        ><\/a><\/div><div class=\"eael-entry-thumbnail\">\n                                <img src=\"https:\/\/teatrounam.com.mx\/fitu27\/wp-content\/uploads\/2020\/02\/utopia-bueno-2.png\" alt=\"\">\n                            <\/div><\/div><div class=\"eael-entry-wrapper\"><header class=\"eael-entry-header\"><h2 class=\"eael-entry-title\"><a\n                        class=\"eael-grid-post-link\"\n                        href=\"https:\/\/teatrounam.com.mx\/fitu27\/utopia-colectivo-macramemacrame\/\"\n                        title=\"Utop\u00eda | Colectivo Macram\u00e9\"\n                        \n                        \n                        >Utop\u00eda | Colectivo Macram\u00e9<\/a><\/h2><\/header><div class=\"eael-entry-content\">\n                        <div class=\"eael-grid-post-excerpt\"><p>El presente es decepcionante y el futuro no existe. Qu\u00e9 l\u00e1stima. Lo necesitamos tanto. Esa idea. La hermosa noci\u00f3n del porvenir. Lo que a\u00fan no ha ocurrido. Lo que podr\u00eda &hellip;<\/p><a\n                            href=\"https:\/\/teatrounam.com.mx\/fitu27\/utopia-colectivo-macramemacrame\/\"\n                            class=\"eael-post-elements-readmore-btn\"\n                            \n                            \n                            >Leer m\u00e1s<\/a><\/div>\n                    <\/div><\/div><\/div>\n        <\/div>\n    <\/article><article class=\"eael-grid-post eael-post-grid-column\" data-id=\"589\">\n        <div class=\"eael-grid-post-holder\">\n            <div class=\"eael-grid-post-holder-inner\"><div class=\"eael-entry-wrapper\"><header class=\"eael-entry-header\"><h2 class=\"eael-entry-title\"><a\n                        class=\"eael-grid-post-link\"\n                        href=\"https:\/\/teatrounam.com.mx\/fitu27\/ciclo-dramaturgia-territorial\/\"\n                        title=\"Ciclo Dramaturgia Territorial\"\n                        \n                        \n                        >Ciclo Dramaturgia Territorial<\/a><\/h2><\/header><div class=\"eael-entry-content\">\n                        <div class=\"eael-grid-post-excerpt\"><p>Autores\/as: Alejandra Anzorena, Antonio Arango, Cinthia Mariel, Jorge Alberto Guadarrama, Mariana Arenal, Olivia Bravo Arvizu, Pablo Retana, Ra\u00fal Villegas, Shad\u00e9 R\u00edos Guti\u00e9rrez y V\u00edctor Hugo D\u00edaz Xolalpa. Docentes: Tito Dall\u2019Occhio &hellip;<\/p><a\n                            href=\"https:\/\/teatrounam.com.mx\/fitu27\/ciclo-dramaturgia-territorial\/\"\n                            class=\"eael-post-elements-readmore-btn\"\n                            \n                            \n                            >Leer m\u00e1s<\/a><\/div>\n                    <\/div><\/div><\/div>\n        <\/div>\n    <\/article><\/div>\n            <div class=\"clearfix\"><\/div>\n        <\/div>\t\t<\/div>\n\t\t\t\t<\/div>\n\t\t\t\t\t\t<\/div>\n\t\t\t\t\t<\/div>\n\t\t<\/div>\n\t\t\t\t\t\t\t\t<\/div>\n\t\t\t\t\t<\/div>\n\t\t<\/section>\n\t\t\t\t\t\t<\/div>\n\t\t\t\t\t\t<\/div>\n\t\t\t\t\t<\/div>\n\t\t","protected":false},"excerpt":{"rendered":"<p>Nadie podr\u00e1 decir que no lo intentamos Lectura de las obras surgidas del taller presencial y a distancia entre la Universidad de Buenos Aires (UBA), Argentina y la Universidad (UNAM), &hellip; <\/p>\n","protected":false},"author":1,"featured_media":0,"parent":0,"menu_order":0,"comment_status":"closed","ping_status":"closed","template":"","meta":{"spay_email":""},"yoast_head":"<!-- This site is optimized with the Yoast SEO plugin v16.1.1 - https:\/\/yoast.com\/wordpress\/plugins\/seo\/ -->\n<title>Lecturas dramatizadas - 27 Festival Internacional de Teatro Universitario<\/title>\n<meta property=\"og:locale\" content=\"es_MX\" \/>\n<meta property=\"og:type\" content=\"article\" \/>\n<meta property=\"og:title\" content=\"Lecturas dramatizadas - 27 Festival Internacional de Teatro Universitario\" \/>\n<meta property=\"og:description\" content=\"Nadie podr\u00e1 decir que no lo intentamos Lectura de las obras surgidas del taller presencial y a distancia entre la Universidad de Buenos Aires (UBA), Argentina y la Universidad (UNAM), &hellip;\" \/>\n<meta property=\"og:url\" content=\"https:\/\/teatrounam.com.mx\/fitu27\/lecturas-dramatizadas\/\" \/>\n<meta property=\"og:site_name\" content=\"27 Festival Internacional de Teatro Universitario\" \/>\n<meta property=\"article:modified_time\" content=\"2020-02-05T00:29:48+00:00\" \/>\n<meta property=\"og:image\" content=\"http:\/\/teatrounam.com.mx\/fitu29\/wp-content\/uploads\/2020\/01\/ligachico-300x128.jpg\" \/>\n<meta name=\"twitter:card\" content=\"summary_large_image\" \/>\n<meta name=\"twitter:label1\" content=\"Tiempo de lectura\">\n\t<meta name=\"twitter:data1\" content=\"2 minutos\">\n<script type=\"application\/ld+json\" class=\"yoast-schema-graph\">{\"@context\":\"https:\/\/schema.org\",\"@graph\":[{\"@type\":\"WebSite\",\"@id\":\"http:\/\/teatrounam.com.mx\/fitu27\/#website\",\"url\":\"http:\/\/teatrounam.com.mx\/fitu27\/\",\"name\":\"27 Festival Internacional de Teatro Universitario\",\"description\":\"Del 7 al 16 de febrero 2020\",\"potentialAction\":[{\"@type\":\"SearchAction\",\"target\":\"http:\/\/teatrounam.com.mx\/fitu27\/?s={search_term_string}\",\"query-input\":\"required name=search_term_string\"}],\"inLanguage\":\"es-MX\"},{\"@type\":\"ImageObject\",\"@id\":\"https:\/\/teatrounam.com.mx\/fitu27\/lecturas-dramatizadas\/#primaryimage\",\"inLanguage\":\"es-MX\",\"url\":\"http:\/\/teatrounam.com.mx\/fitu29\/wp-content\/uploads\/2020\/01\/ligachico-300x128.jpg\",\"contentUrl\":\"http:\/\/teatrounam.com.mx\/fitu29\/wp-content\/uploads\/2020\/01\/ligachico-300x128.jpg\"},{\"@type\":\"WebPage\",\"@id\":\"https:\/\/teatrounam.com.mx\/fitu27\/lecturas-dramatizadas\/#webpage\",\"url\":\"https:\/\/teatrounam.com.mx\/fitu27\/lecturas-dramatizadas\/\",\"name\":\"Lecturas dramatizadas - 27 Festival Internacional de Teatro Universitario\",\"isPartOf\":{\"@id\":\"http:\/\/teatrounam.com.mx\/fitu27\/#website\"},\"primaryImageOfPage\":{\"@id\":\"https:\/\/teatrounam.com.mx\/fitu27\/lecturas-dramatizadas\/#primaryimage\"},\"datePublished\":\"2020-01-31T01:14:55+00:00\",\"dateModified\":\"2020-02-05T00:29:48+00:00\",\"breadcrumb\":{\"@id\":\"https:\/\/teatrounam.com.mx\/fitu27\/lecturas-dramatizadas\/#breadcrumb\"},\"inLanguage\":\"es-MX\",\"potentialAction\":[{\"@type\":\"ReadAction\",\"target\":[\"https:\/\/teatrounam.com.mx\/fitu27\/lecturas-dramatizadas\/\"]}]},{\"@type\":\"BreadcrumbList\",\"@id\":\"https:\/\/teatrounam.com.mx\/fitu27\/lecturas-dramatizadas\/#breadcrumb\",\"itemListElement\":[{\"@type\":\"ListItem\",\"position\":1,\"item\":{\"@type\":\"WebPage\",\"@id\":\"http:\/\/teatrounam.com.mx\/fitu27\/\",\"url\":\"http:\/\/teatrounam.com.mx\/fitu27\/\",\"name\":\"Home\"}},{\"@type\":\"ListItem\",\"position\":2,\"item\":{\"@type\":\"WebPage\",\"@id\":\"https:\/\/teatrounam.com.mx\/fitu27\/lecturas-dramatizadas\/\",\"url\":\"https:\/\/teatrounam.com.mx\/fitu27\/lecturas-dramatizadas\/\",\"name\":\"Lecturas dramatizadas\"}}]}]}<\/script>\n<!-- \/ Yoast SEO plugin. -->","_links":{"self":[{"href":"https:\/\/teatrounam.com.mx\/fitu27\/wp-json\/wp\/v2\/pages\/1279"}],"collection":[{"href":"https:\/\/teatrounam.com.mx\/fitu27\/wp-json\/wp\/v2\/pages"}],"about":[{"href":"https:\/\/teatrounam.com.mx\/fitu27\/wp-json\/wp\/v2\/types\/page"}],"author":[{"embeddable":true,"href":"https:\/\/teatrounam.com.mx\/fitu27\/wp-json\/wp\/v2\/users\/1"}],"replies":[{"embeddable":true,"href":"https:\/\/teatrounam.com.mx\/fitu27\/wp-json\/wp\/v2\/comments?post=1279"}],"version-history":[{"count":5,"href":"https:\/\/teatrounam.com.mx\/fitu27\/wp-json\/wp\/v2\/pages\/1279\/revisions"}],"predecessor-version":[{"id":1736,"href":"https:\/\/teatrounam.com.mx\/fitu27\/wp-json\/wp\/v2\/pages\/1279\/revisions\/1736"}],"wp:attachment":[{"href":"https:\/\/teatrounam.com.mx\/fitu27\/wp-json\/wp\/v2\/media?parent=1279"}],"curies":[{"name":"wp","href":"https:\/\/api.w.org\/{rel}","templated":true}]}}