{"id":403,"date":"2020-01-25T00:14:33","date_gmt":"2020-01-25T00:14:33","guid":{"rendered":"http:\/\/teatrounam.com.mx\/fitu29\/?page_id=403"},"modified":"2020-02-04T23:49:08","modified_gmt":"2020-02-04T23:49:08","slug":"teatro-para-ninos-ninas-y-jovenes-audiencias","status":"publish","type":"page","link":"http:\/\/teatrounam.com.mx\/fitu27\/teatro-para-ninos-ninas-y-jovenes-audiencias\/","title":{"rendered":"Teatro para ni\u00f1os, ni\u00f1as y j\u00f3venes audiencias"},"content":{"rendered":"\t\t<div data-elementor-type=\"wp-page\" data-elementor-id=\"403\" class=\"elementor elementor-403\" data-elementor-settings=\"[]\">\n\t\t\t\t\t\t<div class=\"elementor-inner\">\n\t\t\t\t\t\t\t<div class=\"elementor-section-wrap\">\n\t\t\t\t\t\t\t<section class=\"elementor-section elementor-top-section elementor-element elementor-element-2bda5cc elementor-section-boxed elementor-section-height-default elementor-section-height-default\" data-id=\"2bda5cc\" data-element_type=\"section\">\n\t\t\t\t\t\t<div class=\"elementor-container elementor-column-gap-default\">\n\t\t\t\t\t\t\t<div class=\"elementor-row\">\n\t\t\t\t\t<div class=\"elementor-column elementor-col-100 elementor-top-column elementor-element elementor-element-1ca655b\" data-id=\"1ca655b\" data-element_type=\"column\">\n\t\t\t<div class=\"elementor-column-wrap elementor-element-populated\">\n\t\t\t\t\t\t\t<div class=\"elementor-widget-wrap\">\n\t\t\t\t\t\t<div class=\"elementor-element elementor-element-39513f3 elementor-widget elementor-widget-heading\" data-id=\"39513f3\" data-element_type=\"widget\" data-widget_type=\"heading.default\">\n\t\t\t\t<div class=\"elementor-widget-container\">\n\t\t\t<h2 class=\"elementor-heading-title elementor-size-default\">Eventos para ni\u00f1os, ni\u00f1as y j\u00f3venes audiencias<\/h2>\t\t<\/div>\n\t\t\t\t<\/div>\n\t\t\t\t\t\t<\/div>\n\t\t\t\t\t<\/div>\n\t\t<\/div>\n\t\t\t\t\t\t\t\t<\/div>\n\t\t\t\t\t<\/div>\n\t\t<\/section>\n\t\t\t\t<section class=\"elementor-section elementor-top-section elementor-element elementor-element-959dc3e elementor-section-boxed elementor-section-height-default elementor-section-height-default\" data-id=\"959dc3e\" data-element_type=\"section\">\n\t\t\t\t\t\t<div class=\"elementor-container elementor-column-gap-default\">\n\t\t\t\t\t\t\t<div class=\"elementor-row\">\n\t\t\t\t\t<div class=\"elementor-column elementor-col-100 elementor-top-column elementor-element elementor-element-cad903e\" data-id=\"cad903e\" data-element_type=\"column\">\n\t\t\t<div class=\"elementor-column-wrap elementor-element-populated\">\n\t\t\t\t\t\t\t<div class=\"elementor-widget-wrap\">\n\t\t\t\t\t\t<div class=\"elementor-element elementor-element-20678c4 elementor-grid-eael-col-3 elementor-grid-tablet-eael-col-2 elementor-grid-mobile-eael-col-1 elementor-widget elementor-widget-eael-post-grid\" data-id=\"20678c4\" data-element_type=\"widget\" data-settings=\"{&quot;eael_post_grid_columns&quot;:&quot;eael-col-3&quot;,&quot;eael_post_grid_columns_tablet&quot;:&quot;eael-col-2&quot;,&quot;eael_post_grid_columns_mobile&quot;:&quot;eael-col-1&quot;}\" data-widget_type=\"eael-post-grid.default\">\n\t\t\t\t<div class=\"elementor-widget-container\">\n\t\t\t<div id=\"eael-post-grid-20678c4\" class=\"eael-post-grid-container\">\n            <div class=\"eael-post-grid eael-post-appender eael-post-appender-20678c4 eael-post-grid-style-default\" data-layout-mode=\"masonry\"><article class=\"eael-grid-post eael-post-grid-column\" data-id=\"651\">\n        <div class=\"eael-grid-post-holder\">\n            <div class=\"eael-grid-post-holder-inner\"><div class=\"eael-entry-media\"><div class=\"eael-entry-overlay fade-in\"><i class=\"fas fa-long-arrow-alt-right\" aria-hidden=\"true\"><\/i><a\n                            href=\"http:\/\/teatrounam.com.mx\/fitu27\/presentacion-del-libro-escribir-teatro-para-ninos-una-conquista-de-la-libertad-de-suzanne-lebeau\/\"\n                            \n                            \n                        ><\/a><\/div><div class=\"eael-entry-thumbnail\">\n                                <img src=\"http:\/\/teatrounam.com.mx\/fitu27\/wp-content\/uploads\/2020\/01\/escribir-para-publcios-jovenes-1.png\" alt=\"\">\n                            <\/div><\/div><div class=\"eael-entry-wrapper\"><header class=\"eael-entry-header\"><h2 class=\"eael-entry-title\"><a\n                        class=\"eael-grid-post-link\"\n                        href=\"http:\/\/teatrounam.com.mx\/fitu27\/presentacion-del-libro-escribir-teatro-para-ninos-una-conquista-de-la-libertad-de-suzanne-lebeau\/\"\n                        title=\"Presentaci\u00f3n editorial \u201cEscribir teatro para j\u00f3venes, una conquista de la libertad\u201d de Suzanne Lebeau\"\n                        \n                        \n                        >Presentaci\u00f3n editorial \u201cEscribir teatro para j\u00f3venes, una conquista de la libertad\u201d de Suzanne Lebeau<\/a><\/h2><\/header><div class=\"eael-entry-content\">\n                        <div class=\"eael-grid-post-excerpt\"><p>\u201cEscribir teatro para ni\u00f1os, una conquista de la libertad\u201d de Suzanne Lebeau. Con: Suzanne Lebeau, Amaranta Leyva y Luisa Huertas. Modera: Jaime Chabaud. Al inicio de su carrera, Suzanne Lebeau &hellip;<\/p><a\n                            href=\"http:\/\/teatrounam.com.mx\/fitu27\/presentacion-del-libro-escribir-teatro-para-ninos-una-conquista-de-la-libertad-de-suzanne-lebeau\/\"\n                            class=\"eael-post-elements-readmore-btn\"\n                            \n                            \n                            >Leer m\u00e1s<\/a><\/div>\n                    <\/div><\/div><\/div>\n        <\/div>\n    <\/article><article class=\"eael-grid-post eael-post-grid-column\" data-id=\"647\">\n        <div class=\"eael-grid-post-holder\">\n            <div class=\"eael-grid-post-holder-inner\"><div class=\"eael-entry-media\"><div class=\"eael-entry-overlay fade-in\"><i class=\"fas fa-long-arrow-alt-right\" aria-hidden=\"true\"><\/i><a\n                            href=\"http:\/\/teatrounam.com.mx\/fitu27\/escribir-teatro-para-ninos-una-conquista-de-la-libertad\/\"\n                            \n                            \n                        ><\/a><\/div><div class=\"eael-entry-thumbnail\">\n                                <img src=\"http:\/\/teatrounam.com.mx\/fitu27\/wp-content\/uploads\/2020\/01\/Escribir-teatro-para-nin\u0303os.png\" alt=\"\">\n                            <\/div><\/div><div class=\"eael-entry-wrapper\"><header class=\"eael-entry-header\"><h2 class=\"eael-entry-title\"><a\n                        class=\"eael-grid-post-link\"\n                        href=\"http:\/\/teatrounam.com.mx\/fitu27\/escribir-teatro-para-ninos-una-conquista-de-la-libertad\/\"\n                        title=\"Escribir teatro para j\u00f3venes, una conquista de la libertad\"\n                        \n                        \n                        >Escribir teatro para j\u00f3venes, una conquista de la libertad<\/a><\/h2><\/header><div class=\"eael-entry-content\">\n                        <div class=\"eael-grid-post-excerpt\"><p>Conferencia de Suzanne Lebeau. Suzanne Lebeau empez\u00f3 a escribir teatro para ni\u00f1os como todo lo que hacemos: con muy buenas intenciones y un conocimiento m\u00ednimo de qui\u00e9nes son los ni\u00f1os. &hellip;<\/p><a\n                            href=\"http:\/\/teatrounam.com.mx\/fitu27\/escribir-teatro-para-ninos-una-conquista-de-la-libertad\/\"\n                            class=\"eael-post-elements-readmore-btn\"\n                            \n                            \n                            >Leer m\u00e1s<\/a><\/div>\n                    <\/div><\/div><\/div>\n        <\/div>\n    <\/article><article class=\"eael-grid-post eael-post-grid-column\" data-id=\"642\">\n        <div class=\"eael-grid-post-holder\">\n            <div class=\"eael-grid-post-holder-inner\"><div class=\"eael-entry-media\"><div class=\"eael-entry-overlay fade-in\"><i class=\"fas fa-long-arrow-alt-right\" aria-hidden=\"true\"><\/i><a\n                            href=\"http:\/\/teatrounam.com.mx\/fitu27\/alina-vida-de-una-mujer-mixteca\/\"\n                            \n                            \n                        ><\/a><\/div><div class=\"eael-entry-thumbnail\">\n                                <img src=\"http:\/\/teatrounam.com.mx\/fitu27\/wp-content\/uploads\/2020\/01\/ALINA-vida-de-una-mujer.png\" alt=\"\">\n                            <\/div><\/div><div class=\"eael-entry-wrapper\"><header class=\"eael-entry-header\"><h2 class=\"eael-entry-title\"><a\n                        class=\"eael-grid-post-link\"\n                        href=\"http:\/\/teatrounam.com.mx\/fitu27\/alina-vida-de-una-mujer-mixteca\/\"\n                        title=\"Alina. Vida de una mujer mixteca.\"\n                        \n                        \n                        >Alina. Vida de una mujer mixteca.<\/a><\/h2><\/header><div class=\"eael-entry-content\">\n                        <div class=\"eael-grid-post-excerpt\"><p>Dramaturgia y direcci\u00f3n: Luisa Pardo. Acompa\u00f1amiento: L\u00e1zaro Gabino Rodr\u00edguez Alina es una puesta en escena que combina cortas creaciones esc\u00e9nicas propuestas por las ni\u00f1as y los ni\u00f1os del taller de &hellip;<\/p><a\n                            href=\"http:\/\/teatrounam.com.mx\/fitu27\/alina-vida-de-una-mujer-mixteca\/\"\n                            class=\"eael-post-elements-readmore-btn\"\n                            \n                            \n                            >Leer m\u00e1s<\/a><\/div>\n                    <\/div><\/div><\/div>\n        <\/div>\n    <\/article><article class=\"eael-grid-post eael-post-grid-column\" data-id=\"639\">\n        <div class=\"eael-grid-post-holder\">\n            <div class=\"eael-grid-post-holder-inner\"><div class=\"eael-entry-media\"><div class=\"eael-entry-overlay fade-in\"><i class=\"fas fa-long-arrow-alt-right\" aria-hidden=\"true\"><\/i><a\n                            href=\"http:\/\/teatrounam.com.mx\/fitu27\/tum\/\"\n                            \n                            \n                        ><\/a><\/div><div class=\"eael-entry-thumbnail\">\n                                <img src=\"http:\/\/teatrounam.com.mx\/fitu27\/wp-content\/uploads\/2020\/01\/TUM.png\" alt=\"\">\n                            <\/div><\/div><div class=\"eael-entry-wrapper\"><header class=\"eael-entry-header\"><h2 class=\"eael-entry-title\"><a\n                        class=\"eael-grid-post-link\"\n                        href=\"http:\/\/teatrounam.com.mx\/fitu27\/tum\/\"\n                        title=\"TUM\"\n                        \n                        \n                        >TUM<\/a><\/h2><\/header><div class=\"eael-entry-content\">\n                        <div class=\"eael-grid-post-excerpt\"><p>TUM. Teatro y m\u00fasica para la primera infancia. Direcci\u00f3n: Tita Iacobelli Delpiano Tres hermanos nos cuentan la historia de su patio, el lugar donde jugaron, crecieron y exploraron. Entra\u00f1ables personajes &hellip;<\/p><a\n                            href=\"http:\/\/teatrounam.com.mx\/fitu27\/tum\/\"\n                            class=\"eael-post-elements-readmore-btn\"\n                            \n                            \n                            >Leer m\u00e1s<\/a><\/div>\n                    <\/div><\/div><\/div>\n        <\/div>\n    <\/article><article class=\"eael-grid-post eael-post-grid-column\" data-id=\"301\">\n        <div class=\"eael-grid-post-holder\">\n            <div class=\"eael-grid-post-holder-inner\"><div class=\"eael-entry-media\"><div class=\"eael-entry-overlay fade-in\"><i class=\"fas fa-long-arrow-alt-right\" aria-hidden=\"true\"><\/i><a\n                            href=\"http:\/\/teatrounam.com.mx\/fitu27\/taller-salvaje\/\"\n                            \n                            \n                        ><\/a><\/div><div class=\"eael-entry-thumbnail\">\n                                <img src=\"http:\/\/teatrounam.com.mx\/fitu27\/wp-content\/uploads\/2020\/01\/ligachico-300x128.jpg\" alt=\"\">\n                            <\/div><\/div><div class=\"eael-entry-wrapper\"><header class=\"eael-entry-header\"><h2 class=\"eael-entry-title\"><a\n                        class=\"eael-grid-post-link\"\n                        href=\"http:\/\/teatrounam.com.mx\/fitu27\/taller-salvaje\/\"\n                        title=\"Taller salvaje\"\n                        \n                        \n                        >Taller salvaje<\/a><\/h2><\/header><div class=\"eael-entry-content\">\n                        <div class=\"eael-grid-post-excerpt\"><p>CDMX| La Liga Teatro El\u00e1stico. Taller impartido por Jacqueline Seraf\u00edn,&nbsp;Iker Vicente y Humberto Galicia, integrantes de La Liga Teatro El\u00e1stico. En este espacio de juego desde el arte, los ni\u00f1os &hellip;<\/p><a\n                            href=\"http:\/\/teatrounam.com.mx\/fitu27\/taller-salvaje\/\"\n                            class=\"eael-post-elements-readmore-btn\"\n                            \n                            \n                            >Leer m\u00e1s<\/a><\/div>\n                    <\/div><\/div><\/div>\n        <\/div>\n    <\/article><\/div>\n            <div class=\"clearfix\"><\/div>\n        <\/div>\t\t<\/div>\n\t\t\t\t<\/div>\n\t\t\t\t\t\t<\/div>\n\t\t\t\t\t<\/div>\n\t\t<\/div>\n\t\t\t\t\t\t\t\t<\/div>\n\t\t\t\t\t<\/div>\n\t\t<\/section>\n\t\t\t\t\t\t<\/div>\n\t\t\t\t\t\t<\/div>\n\t\t\t\t\t<\/div>\n\t\t","protected":false},"excerpt":{"rendered":"<p>Eventos para ni\u00f1os, ni\u00f1as y j\u00f3venes audiencias No posts found!<\/p>\n","protected":false},"author":1,"featured_media":0,"parent":0,"menu_order":0,"comment_status":"closed","ping_status":"closed","template":"","meta":{"spay_email":""},"yoast_head":"<!-- This site is optimized with the Yoast SEO plugin v16.1.1 - https:\/\/yoast.com\/wordpress\/plugins\/seo\/ -->\n<title>Teatro para ni\u00f1os, ni\u00f1as y j\u00f3venes audiencias - 27 Festival Internacional de Teatro Universitario<\/title>\n<meta property=\"og:locale\" content=\"es_MX\" \/>\n<meta property=\"og:type\" content=\"article\" \/>\n<meta property=\"og:title\" content=\"Teatro para ni\u00f1os, ni\u00f1as y j\u00f3venes audiencias - 27 Festival Internacional de Teatro Universitario\" \/>\n<meta property=\"og:description\" content=\"Eventos para ni\u00f1os, ni\u00f1as y j\u00f3venes audiencias No posts found!\" \/>\n<meta property=\"og:url\" content=\"https:\/\/teatrounam.com.mx\/fitu27\/teatro-para-ninos-ninas-y-jovenes-audiencias\/\" \/>\n<meta property=\"og:site_name\" content=\"27 Festival Internacional de Teatro Universitario\" \/>\n<meta property=\"article:modified_time\" content=\"2020-02-04T23:49:08+00:00\" \/>\n<meta name=\"twitter:card\" content=\"summary_large_image\" \/>\n<script type=\"application\/ld+json\" class=\"yoast-schema-graph\">{\"@context\":\"https:\/\/schema.org\",\"@graph\":[{\"@type\":\"WebSite\",\"@id\":\"http:\/\/teatrounam.com.mx\/fitu27\/#website\",\"url\":\"http:\/\/teatrounam.com.mx\/fitu27\/\",\"name\":\"27 Festival Internacional de Teatro Universitario\",\"description\":\"Del 7 al 16 de febrero 2020\",\"potentialAction\":[{\"@type\":\"SearchAction\",\"target\":\"http:\/\/teatrounam.com.mx\/fitu27\/?s={search_term_string}\",\"query-input\":\"required name=search_term_string\"}],\"inLanguage\":\"es-MX\"},{\"@type\":\"WebPage\",\"@id\":\"https:\/\/teatrounam.com.mx\/fitu27\/teatro-para-ninos-ninas-y-jovenes-audiencias\/#webpage\",\"url\":\"https:\/\/teatrounam.com.mx\/fitu27\/teatro-para-ninos-ninas-y-jovenes-audiencias\/\",\"name\":\"Teatro para ni\\u00f1os, ni\\u00f1as y j\\u00f3venes audiencias - 27 Festival Internacional de Teatro Universitario\",\"isPartOf\":{\"@id\":\"http:\/\/teatrounam.com.mx\/fitu27\/#website\"},\"datePublished\":\"2020-01-25T00:14:33+00:00\",\"dateModified\":\"2020-02-04T23:49:08+00:00\",\"breadcrumb\":{\"@id\":\"https:\/\/teatrounam.com.mx\/fitu27\/teatro-para-ninos-ninas-y-jovenes-audiencias\/#breadcrumb\"},\"inLanguage\":\"es-MX\",\"potentialAction\":[{\"@type\":\"ReadAction\",\"target\":[\"https:\/\/teatrounam.com.mx\/fitu27\/teatro-para-ninos-ninas-y-jovenes-audiencias\/\"]}]},{\"@type\":\"BreadcrumbList\",\"@id\":\"https:\/\/teatrounam.com.mx\/fitu27\/teatro-para-ninos-ninas-y-jovenes-audiencias\/#breadcrumb\",\"itemListElement\":[{\"@type\":\"ListItem\",\"position\":1,\"item\":{\"@type\":\"WebPage\",\"@id\":\"http:\/\/teatrounam.com.mx\/fitu27\/\",\"url\":\"http:\/\/teatrounam.com.mx\/fitu27\/\",\"name\":\"Home\"}},{\"@type\":\"ListItem\",\"position\":2,\"item\":{\"@type\":\"WebPage\",\"@id\":\"https:\/\/teatrounam.com.mx\/fitu27\/teatro-para-ninos-ninas-y-jovenes-audiencias\/\",\"url\":\"https:\/\/teatrounam.com.mx\/fitu27\/teatro-para-ninos-ninas-y-jovenes-audiencias\/\",\"name\":\"Teatro para ni\\u00f1os, ni\\u00f1as y j\\u00f3venes audiencias\"}}]}]}<\/script>\n<!-- \/ Yoast SEO plugin. -->","_links":{"self":[{"href":"http:\/\/teatrounam.com.mx\/fitu27\/wp-json\/wp\/v2\/pages\/403"}],"collection":[{"href":"http:\/\/teatrounam.com.mx\/fitu27\/wp-json\/wp\/v2\/pages"}],"about":[{"href":"http:\/\/teatrounam.com.mx\/fitu27\/wp-json\/wp\/v2\/types\/page"}],"author":[{"embeddable":true,"href":"http:\/\/teatrounam.com.mx\/fitu27\/wp-json\/wp\/v2\/users\/1"}],"replies":[{"embeddable":true,"href":"http:\/\/teatrounam.com.mx\/fitu27\/wp-json\/wp\/v2\/comments?post=403"}],"version-history":[{"count":5,"href":"http:\/\/teatrounam.com.mx\/fitu27\/wp-json\/wp\/v2\/pages\/403\/revisions"}],"predecessor-version":[{"id":1670,"href":"http:\/\/teatrounam.com.mx\/fitu27\/wp-json\/wp\/v2\/pages\/403\/revisions\/1670"}],"wp:attachment":[{"href":"http:\/\/teatrounam.com.mx\/fitu27\/wp-json\/wp\/v2\/media?parent=403"}],"curies":[{"name":"wp","href":"https:\/\/api.w.org\/{rel}","templated":true}]}}