{"id":1262,"date":"2020-01-31T00:52:21","date_gmt":"2020-01-31T00:52:21","guid":{"rendered":"http:\/\/teatrounam.com.mx\/fitu29\/?page_id=1262"},"modified":"2020-02-04T23:48:46","modified_gmt":"2020-02-04T23:48:46","slug":"categoria-c2","status":"publish","type":"page","link":"http:\/\/teatrounam.com.mx\/fitu27\/categoria-c2\/","title":{"rendered":"Categor\u00eda C2"},"content":{"rendered":"\t\t<div data-elementor-type=\"wp-page\" data-elementor-id=\"1262\" class=\"elementor elementor-1262\" data-elementor-settings=\"[]\">\n\t\t\t\t\t\t<div class=\"elementor-inner\">\n\t\t\t\t\t\t\t<div class=\"elementor-section-wrap\">\n\t\t\t\t\t\t\t<section class=\"elementor-section elementor-top-section elementor-element elementor-element-2bda5cc elementor-section-boxed elementor-section-height-default elementor-section-height-default\" data-id=\"2bda5cc\" data-element_type=\"section\">\n\t\t\t\t\t\t<div class=\"elementor-container elementor-column-gap-default\">\n\t\t\t\t\t\t\t<div class=\"elementor-row\">\n\t\t\t\t\t<div class=\"elementor-column elementor-col-100 elementor-top-column elementor-element elementor-element-1ca655b\" data-id=\"1ca655b\" data-element_type=\"column\">\n\t\t\t<div class=\"elementor-column-wrap elementor-element-populated\">\n\t\t\t\t\t\t\t<div class=\"elementor-widget-wrap\">\n\t\t\t\t\t\t<div class=\"elementor-element elementor-element-39513f3 elementor-widget elementor-widget-heading\" data-id=\"39513f3\" data-element_type=\"widget\" data-widget_type=\"heading.default\">\n\t\t\t\t<div class=\"elementor-widget-container\">\n\t\t\t<h2 class=\"elementor-heading-title elementor-size-default\">Obras de la Categor\u00eda C2 Montajes de estudiantes dirigidos o asesorados por maestros<\/h2>\t\t<\/div>\n\t\t\t\t<\/div>\n\t\t\t\t\t\t<\/div>\n\t\t\t\t\t<\/div>\n\t\t<\/div>\n\t\t\t\t\t\t\t\t<\/div>\n\t\t\t\t\t<\/div>\n\t\t<\/section>\n\t\t\t\t<section class=\"elementor-section elementor-top-section elementor-element elementor-element-959dc3e elementor-section-boxed elementor-section-height-default elementor-section-height-default\" data-id=\"959dc3e\" data-element_type=\"section\">\n\t\t\t\t\t\t<div class=\"elementor-container elementor-column-gap-default\">\n\t\t\t\t\t\t\t<div class=\"elementor-row\">\n\t\t\t\t\t<div class=\"elementor-column elementor-col-100 elementor-top-column elementor-element elementor-element-cad903e\" data-id=\"cad903e\" data-element_type=\"column\">\n\t\t\t<div class=\"elementor-column-wrap elementor-element-populated\">\n\t\t\t\t\t\t\t<div class=\"elementor-widget-wrap\">\n\t\t\t\t\t\t<div class=\"elementor-element elementor-element-20678c4 elementor-grid-eael-col-2 elementor-grid-tablet-eael-col-2 elementor-grid-mobile-eael-col-1 elementor-widget elementor-widget-eael-post-grid\" data-id=\"20678c4\" data-element_type=\"widget\" data-settings=\"{&quot;eael_post_grid_columns&quot;:&quot;eael-col-2&quot;,&quot;eael_post_grid_columns_tablet&quot;:&quot;eael-col-2&quot;,&quot;eael_post_grid_columns_mobile&quot;:&quot;eael-col-1&quot;}\" data-widget_type=\"eael-post-grid.default\">\n\t\t\t\t<div class=\"elementor-widget-container\">\n\t\t\t<div id=\"eael-post-grid-20678c4\" class=\"eael-post-grid-container\">\n            <div class=\"eael-post-grid eael-post-appender eael-post-appender-20678c4 eael-post-grid-style-default\" data-layout-mode=\"masonry\"><article class=\"eael-grid-post eael-post-grid-column\" data-id=\"871\">\n        <div class=\"eael-grid-post-holder\">\n            <div class=\"eael-grid-post-holder-inner\"><div class=\"eael-entry-media\"><div class=\"eael-entry-overlay fade-in\"><i class=\"fas fa-long-arrow-alt-right\" aria-hidden=\"true\"><\/i><a\n                            href=\"http:\/\/teatrounam.com.mx\/fitu27\/los-signos-del-zodiaco-2\/\"\n                            \n                            \n                        ><\/a><\/div><div class=\"eael-entry-thumbnail\">\n                                <img src=\"http:\/\/teatrounam.com.mx\/fitu27\/wp-content\/uploads\/2020\/01\/Los-signos-del.png\" alt=\"\">\n                            <\/div><\/div><div class=\"eael-entry-wrapper\"><header class=\"eael-entry-header\"><h2 class=\"eael-entry-title\"><a\n                        class=\"eael-grid-post-link\"\n                        href=\"http:\/\/teatrounam.com.mx\/fitu27\/los-signos-del-zodiaco-2\/\"\n                        title=\"Los signos del zodiaco\"\n                        \n                        \n                        >Los signos del zodiaco<\/a><\/h2><\/header><div class=\"eael-entry-content\">\n                        <div class=\"eael-grid-post-excerpt\"><p>De: Sergio Maga\u00f1a. Adaptaci\u00f3n y direcci\u00f3n: Paco Silva. La obra nos traslada a una vecindad del centro de la Ciudad de M\u00e9xico en el a\u00f1o 1944. En ella conocemos la &hellip;<\/p><a\n                            href=\"http:\/\/teatrounam.com.mx\/fitu27\/los-signos-del-zodiaco-2\/\"\n                            class=\"eael-post-elements-readmore-btn\"\n                            \n                            \n                            >Leer m\u00e1s<\/a><\/div>\n                    <\/div><\/div><\/div>\n        <\/div>\n    <\/article><article class=\"eael-grid-post eael-post-grid-column\" data-id=\"877\">\n        <div class=\"eael-grid-post-holder\">\n            <div class=\"eael-grid-post-holder-inner\"><div class=\"eael-entry-media\"><div class=\"eael-entry-overlay fade-in\"><i class=\"fas fa-long-arrow-alt-right\" aria-hidden=\"true\"><\/i><a\n                            href=\"http:\/\/teatrounam.com.mx\/fitu27\/ella-miro-un-pajaro-blanco-cruzar-el-cielo-y-penso-que-podia-ser-una-gaviota\/\"\n                            \n                            \n                        ><\/a><\/div><div class=\"eael-entry-thumbnail\">\n                                <img src=\"http:\/\/teatrounam.com.mx\/fitu27\/wp-content\/uploads\/2020\/01\/Ella-miro.png\" alt=\"\">\n                            <\/div><\/div><div class=\"eael-entry-wrapper\"><header class=\"eael-entry-header\"><h2 class=\"eael-entry-title\"><a\n                        class=\"eael-grid-post-link\"\n                        href=\"http:\/\/teatrounam.com.mx\/fitu27\/ella-miro-un-pajaro-blanco-cruzar-el-cielo-y-penso-que-podia-ser-una-gaviota\/\"\n                        title=\"Ella mir\u00f3 un p\u00e1jaro blanco cruzar el cielo y pens\u00f3 que pod\u00eda ser una gaviota\"\n                        \n                        \n                        >Ella mir\u00f3 un p\u00e1jaro blanco cruzar el cielo y pens\u00f3 que pod\u00eda ser una gaviota<\/a><\/h2><\/header><div class=\"eael-entry-content\">\n                        <div class=\"eael-grid-post-excerpt\"><p>De: Juan Carlos Franco. Direcci\u00f3n: Sixto Felipe Castro Santill\u00e1n. En la Rusia septentrional en 1898 o en alg\u00fan punto del inicio del siglo XXI. Treplev es un escritor apasionado por &hellip;<\/p><a\n                            href=\"http:\/\/teatrounam.com.mx\/fitu27\/ella-miro-un-pajaro-blanco-cruzar-el-cielo-y-penso-que-podia-ser-una-gaviota\/\"\n                            class=\"eael-post-elements-readmore-btn\"\n                            \n                            \n                            >Leer m\u00e1s<\/a><\/div>\n                    <\/div><\/div><\/div>\n        <\/div>\n    <\/article><article class=\"eael-grid-post eael-post-grid-column\" data-id=\"872\">\n        <div class=\"eael-grid-post-holder\">\n            <div class=\"eael-grid-post-holder-inner\"><div class=\"eael-entry-media\"><div class=\"eael-entry-overlay fade-in\"><i class=\"fas fa-long-arrow-alt-right\" aria-hidden=\"true\"><\/i><a\n                            href=\"http:\/\/teatrounam.com.mx\/fitu27\/alphonse\/\"\n                            \n                            \n                        ><\/a><\/div><div class=\"eael-entry-thumbnail\">\n                                <img src=\"http:\/\/teatrounam.com.mx\/fitu27\/wp-content\/uploads\/2020\/01\/alphonse.png\" alt=\"\">\n                            <\/div><\/div><div class=\"eael-entry-wrapper\"><header class=\"eael-entry-header\"><h2 class=\"eael-entry-title\"><a\n                        class=\"eael-grid-post-link\"\n                        href=\"http:\/\/teatrounam.com.mx\/fitu27\/alphonse\/\"\n                        title=\"Alphonse\"\n                        \n                        \n                        >Alphonse<\/a><\/h2><\/header><div class=\"eael-entry-content\">\n                        <div class=\"eael-grid-post-excerpt\"><p>De: Wajdi Mouawad. Traducci\u00f3n: Boris Schoemann. Direcci\u00f3n: David Jim\u00e9nez S\u00e1nchez. Crecer es un combate en el que te pueden transformar en palomita de ma\u00edz. Alphonse es creador de mundos, los &hellip;<\/p><a\n                            href=\"http:\/\/teatrounam.com.mx\/fitu27\/alphonse\/\"\n                            class=\"eael-post-elements-readmore-btn\"\n                            \n                            \n                            >Leer m\u00e1s<\/a><\/div>\n                    <\/div><\/div><\/div>\n        <\/div>\n    <\/article><article class=\"eael-grid-post eael-post-grid-column\" data-id=\"859\">\n        <div class=\"eael-grid-post-holder\">\n            <div class=\"eael-grid-post-holder-inner\"><div class=\"eael-entry-media\"><div class=\"eael-entry-overlay fade-in\"><i class=\"fas fa-long-arrow-alt-right\" aria-hidden=\"true\"><\/i><a\n                            href=\"http:\/\/teatrounam.com.mx\/fitu27\/othello\/\"\n                            \n                            \n                        ><\/a><\/div><div class=\"eael-entry-thumbnail\">\n                                <img src=\"http:\/\/teatrounam.com.mx\/fitu27\/wp-content\/uploads\/2020\/01\/Otelleo.png\" alt=\"\">\n                            <\/div><\/div><div class=\"eael-entry-wrapper\"><header class=\"eael-entry-header\"><h2 class=\"eael-entry-title\"><a\n                        class=\"eael-grid-post-link\"\n                        href=\"http:\/\/teatrounam.com.mx\/fitu27\/othello\/\"\n                        title=\"Othello\"\n                        \n                        \n                        >Othello<\/a><\/h2><\/header><div class=\"eael-entry-content\">\n                        <div class=\"eael-grid-post-excerpt\"><p>De: William Shakespeare. Adaptaci\u00f3n: Alumnos del grupo 1121 generaci\u00f3n 2019 y Tania Yabel Mayr\u00e9n. Direcci\u00f3n: Tania Y. Mayr\u00e9n. Collage esc\u00e9nico a partir de Othello de William Shakespeare. Una lupa que &hellip;<\/p><a\n                            href=\"http:\/\/teatrounam.com.mx\/fitu27\/othello\/\"\n                            class=\"eael-post-elements-readmore-btn\"\n                            \n                            \n                            >Leer m\u00e1s<\/a><\/div>\n                    <\/div><\/div><\/div>\n        <\/div>\n    <\/article><\/div>\n            <div class=\"clearfix\"><\/div>\n        <\/div>\t\t<\/div>\n\t\t\t\t<\/div>\n\t\t\t\t\t\t<\/div>\n\t\t\t\t\t<\/div>\n\t\t<\/div>\n\t\t\t\t\t\t\t\t<\/div>\n\t\t\t\t\t<\/div>\n\t\t<\/section>\n\t\t\t\t\t\t<\/div>\n\t\t\t\t\t\t<\/div>\n\t\t\t\t\t<\/div>\n\t\t","protected":false},"excerpt":{"rendered":"<p>Obras de la Categor\u00eda C2 Montajes de estudiantes dirigidos o asesorados por maestros No posts found!<\/p>\n","protected":false},"author":1,"featured_media":0,"parent":0,"menu_order":0,"comment_status":"closed","ping_status":"closed","template":"","meta":{"spay_email":""},"yoast_head":"<!-- This site is optimized with the Yoast SEO plugin v16.1.1 - https:\/\/yoast.com\/wordpress\/plugins\/seo\/ -->\n<title>Categor\u00eda C2 - 27 Festival Internacional de Teatro Universitario<\/title>\n<meta property=\"og:locale\" content=\"es_MX\" \/>\n<meta property=\"og:type\" content=\"article\" \/>\n<meta property=\"og:title\" content=\"Categor\u00eda C2 - 27 Festival Internacional de Teatro Universitario\" \/>\n<meta property=\"og:description\" content=\"Obras de la Categor\u00eda C2 Montajes de estudiantes dirigidos o asesorados por maestros No posts found!\" \/>\n<meta property=\"og:url\" content=\"http:\/\/teatrounam.com.mx\/fitu27\/categoria-c2\/\" \/>\n<meta property=\"og:site_name\" content=\"27 Festival Internacional de Teatro Universitario\" \/>\n<meta property=\"article:modified_time\" content=\"2020-02-04T23:48:46+00:00\" \/>\n<meta name=\"twitter:card\" content=\"summary_large_image\" \/>\n<script type=\"application\/ld+json\" class=\"yoast-schema-graph\">{\"@context\":\"https:\/\/schema.org\",\"@graph\":[{\"@type\":\"WebSite\",\"@id\":\"https:\/\/teatrounam.com.mx\/fitu27\/#website\",\"url\":\"https:\/\/teatrounam.com.mx\/fitu27\/\",\"name\":\"27 Festival Internacional de Teatro Universitario\",\"description\":\"Del 7 al 16 de febrero 2020\",\"potentialAction\":[{\"@type\":\"SearchAction\",\"target\":\"https:\/\/teatrounam.com.mx\/fitu27\/?s={search_term_string}\",\"query-input\":\"required name=search_term_string\"}],\"inLanguage\":\"es-MX\"},{\"@type\":\"WebPage\",\"@id\":\"http:\/\/teatrounam.com.mx\/fitu27\/categoria-c2\/#webpage\",\"url\":\"http:\/\/teatrounam.com.mx\/fitu27\/categoria-c2\/\",\"name\":\"Categor\\u00eda C2 - 27 Festival Internacional de Teatro Universitario\",\"isPartOf\":{\"@id\":\"https:\/\/teatrounam.com.mx\/fitu27\/#website\"},\"datePublished\":\"2020-01-31T00:52:21+00:00\",\"dateModified\":\"2020-02-04T23:48:46+00:00\",\"breadcrumb\":{\"@id\":\"http:\/\/teatrounam.com.mx\/fitu27\/categoria-c2\/#breadcrumb\"},\"inLanguage\":\"es-MX\",\"potentialAction\":[{\"@type\":\"ReadAction\",\"target\":[\"http:\/\/teatrounam.com.mx\/fitu27\/categoria-c2\/\"]}]},{\"@type\":\"BreadcrumbList\",\"@id\":\"http:\/\/teatrounam.com.mx\/fitu27\/categoria-c2\/#breadcrumb\",\"itemListElement\":[{\"@type\":\"ListItem\",\"position\":1,\"item\":{\"@type\":\"WebPage\",\"@id\":\"https:\/\/teatrounam.com.mx\/fitu27\/\",\"url\":\"https:\/\/teatrounam.com.mx\/fitu27\/\",\"name\":\"Home\"}},{\"@type\":\"ListItem\",\"position\":2,\"item\":{\"@type\":\"WebPage\",\"@id\":\"http:\/\/teatrounam.com.mx\/fitu27\/categoria-c2\/\",\"url\":\"http:\/\/teatrounam.com.mx\/fitu27\/categoria-c2\/\",\"name\":\"Categor\\u00eda C2\"}}]}]}<\/script>\n<!-- \/ Yoast SEO plugin. -->","_links":{"self":[{"href":"http:\/\/teatrounam.com.mx\/fitu27\/wp-json\/wp\/v2\/pages\/1262"}],"collection":[{"href":"http:\/\/teatrounam.com.mx\/fitu27\/wp-json\/wp\/v2\/pages"}],"about":[{"href":"http:\/\/teatrounam.com.mx\/fitu27\/wp-json\/wp\/v2\/types\/page"}],"author":[{"embeddable":true,"href":"http:\/\/teatrounam.com.mx\/fitu27\/wp-json\/wp\/v2\/users\/1"}],"replies":[{"embeddable":true,"href":"http:\/\/teatrounam.com.mx\/fitu27\/wp-json\/wp\/v2\/comments?post=1262"}],"version-history":[{"count":4,"href":"http:\/\/teatrounam.com.mx\/fitu27\/wp-json\/wp\/v2\/pages\/1262\/revisions"}],"predecessor-version":[{"id":1629,"href":"http:\/\/teatrounam.com.mx\/fitu27\/wp-json\/wp\/v2\/pages\/1262\/revisions\/1629"}],"wp:attachment":[{"href":"http:\/\/teatrounam.com.mx\/fitu27\/wp-json\/wp\/v2\/media?parent=1262"}],"curies":[{"name":"wp","href":"https:\/\/api.w.org\/{rel}","templated":true}]}}