{"id":1214,"date":"2020-01-31T00:08:26","date_gmt":"2020-01-31T00:08:26","guid":{"rendered":"http:\/\/teatrounam.com.mx\/fitu29\/?page_id=1214"},"modified":"2020-02-07T17:36:03","modified_gmt":"2020-02-07T17:36:03","slug":"domingo-9","status":"publish","type":"page","link":"http:\/\/teatrounam.com.mx\/fitu27\/domingo-9\/","title":{"rendered":"Domingo 9"},"content":{"rendered":"\t\t<div data-elementor-type=\"wp-page\" data-elementor-id=\"1214\" class=\"elementor elementor-1214\" data-elementor-settings=\"[]\">\n\t\t\t\t\t\t<div class=\"elementor-inner\">\n\t\t\t\t\t\t\t<div class=\"elementor-section-wrap\">\n\t\t\t\t\t\t\t<section class=\"elementor-section elementor-top-section elementor-element elementor-element-c8ac62a elementor-section-boxed elementor-section-height-default elementor-section-height-default\" data-id=\"c8ac62a\" data-element_type=\"section\">\n\t\t\t\t\t\t<div class=\"elementor-container elementor-column-gap-default\">\n\t\t\t\t\t\t\t<div class=\"elementor-row\">\n\t\t\t\t\t<div class=\"elementor-column elementor-col-100 elementor-top-column elementor-element elementor-element-88d430d\" data-id=\"88d430d\" data-element_type=\"column\">\n\t\t\t<div class=\"elementor-column-wrap elementor-element-populated\">\n\t\t\t\t\t\t\t<div class=\"elementor-widget-wrap\">\n\t\t\t\t\t\t<div class=\"elementor-element elementor-element-763b990 elementor-grid-eael-col-3 elementor-grid-tablet-eael-col-2 elementor-grid-mobile-eael-col-1 elementor-widget elementor-widget-eael-post-grid\" data-id=\"763b990\" data-element_type=\"widget\" data-settings=\"{&quot;eael_post_grid_columns&quot;:&quot;eael-col-3&quot;,&quot;eael_post_grid_columns_tablet&quot;:&quot;eael-col-2&quot;,&quot;eael_post_grid_columns_mobile&quot;:&quot;eael-col-1&quot;}\" data-widget_type=\"eael-post-grid.default\">\n\t\t\t\t<div class=\"elementor-widget-container\">\n\t\t\t<div id=\"eael-post-grid-763b990\" class=\"eael-post-grid-container\">\n            <div class=\"eael-post-grid eael-post-appender eael-post-appender-763b990 eael-post-grid-style-default\" data-layout-mode=\"masonry\"><article class=\"eael-grid-post eael-post-grid-column\" data-id=\"1571\">\n        <div class=\"eael-grid-post-holder\">\n            <div class=\"eael-grid-post-holder-inner\"><div class=\"eael-entry-media\"><div class=\"eael-entry-overlay fade-in\"><i class=\"fas fa-long-arrow-alt-right\" aria-hidden=\"true\"><\/i><a\n                            href=\"http:\/\/teatrounam.com.mx\/fitu27\/reflejos-acto-coral\/\"\n                            \n                            \n                        ><\/a><\/div><div class=\"eael-entry-thumbnail\">\n                                <img src=\"http:\/\/teatrounam.com.mx\/fitu27\/wp-content\/uploads\/2020\/01\/Reflejos-bueno.png\" alt=\"\">\n                            <\/div><\/div><div class=\"eael-entry-wrapper\"><header class=\"eael-entry-header\"><h2 class=\"eael-entry-title\"><a\n                        class=\"eael-grid-post-link\"\n                        href=\"http:\/\/teatrounam.com.mx\/fitu27\/reflejos-acto-coral\/\"\n                        title=\"Reflejos. Acto Coral\"\n                        \n                        \n                        >Reflejos. Acto Coral<\/a><\/h2><\/header><div class=\"eael-entry-content\">\n                        <div class=\"eael-grid-post-excerpt\"><a\n                            href=\"http:\/\/teatrounam.com.mx\/fitu27\/reflejos-acto-coral\/\"\n                            class=\"eael-post-elements-readmore-btn\"\n                            \n                            \n                            >Leer m\u00e1s<\/a><\/div>\n                    <\/div><\/div><\/div>\n        <\/div>\n    <\/article><article class=\"eael-grid-post eael-post-grid-column\" data-id=\"893\">\n        <div class=\"eael-grid-post-holder\">\n            <div class=\"eael-grid-post-holder-inner\"><div class=\"eael-entry-media\"><div class=\"eael-entry-overlay fade-in\"><i class=\"fas fa-long-arrow-alt-right\" aria-hidden=\"true\"><\/i><a\n                            href=\"http:\/\/teatrounam.com.mx\/fitu27\/el-exilio-de-la-palabra\/\"\n                            \n                            \n                        ><\/a><\/div><div class=\"eael-entry-thumbnail\">\n                                <img src=\"http:\/\/teatrounam.com.mx\/fitu27\/wp-content\/uploads\/2020\/01\/El-exilio-de-la-palabra.png\" alt=\"\">\n                            <\/div><\/div><div class=\"eael-entry-wrapper\"><header class=\"eael-entry-header\"><h2 class=\"eael-entry-title\"><a\n                        class=\"eael-grid-post-link\"\n                        href=\"http:\/\/teatrounam.com.mx\/fitu27\/el-exilio-de-la-palabra\/\"\n                        title=\"El exilio de la palabra\"\n                        \n                        \n                        >El exilio de la palabra<\/a><\/h2><\/header><div class=\"eael-entry-content\">\n                        <div class=\"eael-grid-post-excerpt\"><a\n                            href=\"http:\/\/teatrounam.com.mx\/fitu27\/el-exilio-de-la-palabra\/\"\n                            class=\"eael-post-elements-readmore-btn\"\n                            \n                            \n                            >Leer m\u00e1s<\/a><\/div>\n                    <\/div><\/div><\/div>\n        <\/div>\n    <\/article><article class=\"eael-grid-post eael-post-grid-column\" data-id=\"888\">\n        <div class=\"eael-grid-post-holder\">\n            <div class=\"eael-grid-post-holder-inner\"><div class=\"eael-entry-media\"><div class=\"eael-entry-overlay fade-in\"><i class=\"fas fa-long-arrow-alt-right\" aria-hidden=\"true\"><\/i><a\n                            href=\"http:\/\/teatrounam.com.mx\/fitu27\/sobre-como-no-ser-un-deseo-estupido\/\"\n                            \n                            \n                        ><\/a><\/div><div class=\"eael-entry-thumbnail\">\n                                <img src=\"http:\/\/teatrounam.com.mx\/fitu27\/wp-content\/uploads\/2020\/01\/sobre-como-1.png\" alt=\"\">\n                            <\/div><\/div><div class=\"eael-entry-wrapper\"><header class=\"eael-entry-header\"><h2 class=\"eael-entry-title\"><a\n                        class=\"eael-grid-post-link\"\n                        href=\"http:\/\/teatrounam.com.mx\/fitu27\/sobre-como-no-ser-un-deseo-estupido\/\"\n                        title=\"Sobre c\u00f3mo no ser un deseo est\u00fapido\"\n                        \n                        \n                        >Sobre c\u00f3mo no ser un deseo est\u00fapido<\/a><\/h2><\/header><div class=\"eael-entry-content\">\n                        <div class=\"eael-grid-post-excerpt\"><a\n                            href=\"http:\/\/teatrounam.com.mx\/fitu27\/sobre-como-no-ser-un-deseo-estupido\/\"\n                            class=\"eael-post-elements-readmore-btn\"\n                            \n                            \n                            >Leer m\u00e1s<\/a><\/div>\n                    <\/div><\/div><\/div>\n        <\/div>\n    <\/article><article class=\"eael-grid-post eael-post-grid-column\" data-id=\"844\">\n        <div class=\"eael-grid-post-holder\">\n            <div class=\"eael-grid-post-holder-inner\"><div class=\"eael-entry-media\"><div class=\"eael-entry-overlay fade-in\"><i class=\"fas fa-long-arrow-alt-right\" aria-hidden=\"true\"><\/i><a\n                            href=\"http:\/\/teatrounam.com.mx\/fitu27\/esta-no-es-una-obra-de-ionesco\/\"\n                            \n                            \n                        ><\/a><\/div><div class=\"eael-entry-thumbnail\">\n                                <img src=\"http:\/\/teatrounam.com.mx\/fitu27\/wp-content\/uploads\/2020\/01\/Esta-no-es.png\" alt=\"\">\n                            <\/div><\/div><div class=\"eael-entry-wrapper\"><header class=\"eael-entry-header\"><h2 class=\"eael-entry-title\"><a\n                        class=\"eael-grid-post-link\"\n                        href=\"http:\/\/teatrounam.com.mx\/fitu27\/esta-no-es-una-obra-de-ionesco\/\"\n                        title=\"\u00c9sta no es una obra de Ionesco\"\n                        \n                        \n                        >\u00c9sta no es una obra de Ionesco<\/a><\/h2><\/header><div class=\"eael-entry-content\">\n                        <div class=\"eael-grid-post-excerpt\"><a\n                            href=\"http:\/\/teatrounam.com.mx\/fitu27\/esta-no-es-una-obra-de-ionesco\/\"\n                            class=\"eael-post-elements-readmore-btn\"\n                            \n                            \n                            >Leer m\u00e1s<\/a><\/div>\n                    <\/div><\/div><\/div>\n        <\/div>\n    <\/article><article class=\"eael-grid-post eael-post-grid-column\" data-id=\"672\">\n        <div class=\"eael-grid-post-holder\">\n            <div class=\"eael-grid-post-holder-inner\"><div class=\"eael-entry-media\"><div class=\"eael-entry-overlay fade-in\"><i class=\"fas fa-long-arrow-alt-right\" aria-hidden=\"true\"><\/i><a\n                            href=\"http:\/\/teatrounam.com.mx\/fitu27\/conejo-401\/\"\n                            \n                            \n                        ><\/a><\/div><div class=\"eael-entry-thumbnail\">\n                                <img src=\"http:\/\/teatrounam.com.mx\/fitu27\/wp-content\/uploads\/2020\/01\/conejo-1.png\" alt=\"\">\n                            <\/div><\/div><div class=\"eael-entry-wrapper\"><header class=\"eael-entry-header\"><h2 class=\"eael-entry-title\"><a\n                        class=\"eael-grid-post-link\"\n                        href=\"http:\/\/teatrounam.com.mx\/fitu27\/conejo-401\/\"\n                        title=\"Conejo 401\"\n                        \n                        \n                        >Conejo 401<\/a><\/h2><\/header><div class=\"eael-entry-content\">\n                        <div class=\"eael-grid-post-excerpt\"><a\n                            href=\"http:\/\/teatrounam.com.mx\/fitu27\/conejo-401\/\"\n                            class=\"eael-post-elements-readmore-btn\"\n                            \n                            \n                            >Leer m\u00e1s<\/a><\/div>\n                    <\/div><\/div><\/div>\n        <\/div>\n    <\/article><article class=\"eael-grid-post eael-post-grid-column\" data-id=\"663\">\n        <div class=\"eael-grid-post-holder\">\n            <div class=\"eael-grid-post-holder-inner\"><div class=\"eael-entry-media\"><div class=\"eael-entry-overlay fade-in\"><i class=\"fas fa-long-arrow-alt-right\" aria-hidden=\"true\"><\/i><a\n                            href=\"http:\/\/teatrounam.com.mx\/fitu27\/el-cielo-en-la-piel\/\"\n                            \n                            \n                        ><\/a><\/div><div class=\"eael-entry-thumbnail\">\n                                <img src=\"http:\/\/teatrounam.com.mx\/fitu27\/wp-content\/uploads\/2020\/01\/el-cielo-en-la-1.png\" alt=\"\">\n                            <\/div><\/div><div class=\"eael-entry-wrapper\"><header class=\"eael-entry-header\"><h2 class=\"eael-entry-title\"><a\n                        class=\"eael-grid-post-link\"\n                        href=\"http:\/\/teatrounam.com.mx\/fitu27\/el-cielo-en-la-piel\/\"\n                        title=\"El cielo en la piel\"\n                        \n                        \n                        >El cielo en la piel<\/a><\/h2><\/header><div class=\"eael-entry-content\">\n                        <div class=\"eael-grid-post-excerpt\"><a\n                            href=\"http:\/\/teatrounam.com.mx\/fitu27\/el-cielo-en-la-piel\/\"\n                            class=\"eael-post-elements-readmore-btn\"\n                            \n                            \n                            >Leer m\u00e1s<\/a><\/div>\n                    <\/div><\/div><\/div>\n        <\/div>\n    <\/article><article class=\"eael-grid-post eael-post-grid-column\" data-id=\"654\">\n        <div class=\"eael-grid-post-holder\">\n            <div class=\"eael-grid-post-holder-inner\"><div class=\"eael-entry-media\"><div class=\"eael-entry-overlay fade-in\"><i class=\"fas fa-long-arrow-alt-right\" aria-hidden=\"true\"><\/i><a\n                            href=\"http:\/\/teatrounam.com.mx\/fitu27\/el-cornudo-imaginario\/\"\n                            \n                            \n                        ><\/a><\/div><div class=\"eael-entry-thumbnail\">\n                                <img src=\"http:\/\/teatrounam.com.mx\/fitu27\/wp-content\/uploads\/2020\/01\/cornudo.jpg\" alt=\"\">\n                            <\/div><\/div><div class=\"eael-entry-wrapper\"><header class=\"eael-entry-header\"><h2 class=\"eael-entry-title\"><a\n                        class=\"eael-grid-post-link\"\n                        href=\"http:\/\/teatrounam.com.mx\/fitu27\/el-cornudo-imaginario\/\"\n                        title=\"El cornudo imaginario\"\n                        \n                        \n                        >El cornudo imaginario<\/a><\/h2><\/header><div class=\"eael-entry-content\">\n                        <div class=\"eael-grid-post-excerpt\"><a\n                            href=\"http:\/\/teatrounam.com.mx\/fitu27\/el-cornudo-imaginario\/\"\n                            class=\"eael-post-elements-readmore-btn\"\n                            \n                            \n                            >Leer m\u00e1s<\/a><\/div>\n                    <\/div><\/div><\/div>\n        <\/div>\n    <\/article><article class=\"eael-grid-post eael-post-grid-column\" data-id=\"639\">\n        <div class=\"eael-grid-post-holder\">\n            <div class=\"eael-grid-post-holder-inner\"><div class=\"eael-entry-media\"><div class=\"eael-entry-overlay fade-in\"><i class=\"fas fa-long-arrow-alt-right\" aria-hidden=\"true\"><\/i><a\n                            href=\"http:\/\/teatrounam.com.mx\/fitu27\/tum\/\"\n                            \n                            \n                        ><\/a><\/div><div class=\"eael-entry-thumbnail\">\n                                <img src=\"http:\/\/teatrounam.com.mx\/fitu27\/wp-content\/uploads\/2020\/01\/TUM.png\" alt=\"\">\n                            <\/div><\/div><div class=\"eael-entry-wrapper\"><header class=\"eael-entry-header\"><h2 class=\"eael-entry-title\"><a\n                        class=\"eael-grid-post-link\"\n                        href=\"http:\/\/teatrounam.com.mx\/fitu27\/tum\/\"\n                        title=\"TUM\"\n                        \n                        \n                        >TUM<\/a><\/h2><\/header><div class=\"eael-entry-content\">\n                        <div class=\"eael-grid-post-excerpt\"><a\n                            href=\"http:\/\/teatrounam.com.mx\/fitu27\/tum\/\"\n                            class=\"eael-post-elements-readmore-btn\"\n                            \n                            \n                            >Leer m\u00e1s<\/a><\/div>\n                    <\/div><\/div><\/div>\n        <\/div>\n    <\/article><article class=\"eael-grid-post eael-post-grid-column\" data-id=\"603\">\n        <div class=\"eael-grid-post-holder\">\n            <div class=\"eael-grid-post-holder-inner\"><div class=\"eael-entry-media\"><div class=\"eael-entry-overlay fade-in\"><i class=\"fas fa-long-arrow-alt-right\" aria-hidden=\"true\"><\/i><a\n                            href=\"http:\/\/teatrounam.com.mx\/fitu27\/del-susurro-al-grito-jovenes-creadoras-de-la-escena-actual\/\"\n                            \n                            \n                        ><\/a><\/div><div class=\"eael-entry-thumbnail\">\n                                <img src=\"http:\/\/teatrounam.com.mx\/fitu27\/wp-content\/uploads\/2020\/01\/Del-susurro-1.png\" alt=\"\">\n                            <\/div><\/div><div class=\"eael-entry-wrapper\"><header class=\"eael-entry-header\"><h2 class=\"eael-entry-title\"><a\n                        class=\"eael-grid-post-link\"\n                        href=\"http:\/\/teatrounam.com.mx\/fitu27\/del-susurro-al-grito-jovenes-creadoras-de-la-escena-actual\/\"\n                        title=\"Del susurro al grito. J\u00f3venes creadoras de la escena actual\"\n                        \n                        \n                        >Del susurro al grito. J\u00f3venes creadoras de la escena actual<\/a><\/h2><\/header><div class=\"eael-entry-content\">\n                        <div class=\"eael-grid-post-excerpt\"><a\n                            href=\"http:\/\/teatrounam.com.mx\/fitu27\/del-susurro-al-grito-jovenes-creadoras-de-la-escena-actual\/\"\n                            class=\"eael-post-elements-readmore-btn\"\n                            \n                            \n                            >Leer m\u00e1s<\/a><\/div>\n                    <\/div><\/div><\/div>\n        <\/div>\n    <\/article><article class=\"eael-grid-post eael-post-grid-column\" data-id=\"592\">\n        <div class=\"eael-grid-post-holder\">\n            <div class=\"eael-grid-post-holder-inner\"><div class=\"eael-entry-media\"><div class=\"eael-entry-overlay fade-in\"><i class=\"fas fa-long-arrow-alt-right\" aria-hidden=\"true\"><\/i><a\n                            href=\"http:\/\/teatrounam.com.mx\/fitu27\/venta-de-libros-especializados\/\"\n                            \n                            \n                        ><\/a><\/div><div class=\"eael-entry-thumbnail\">\n                                <img src=\"http:\/\/teatrounam.com.mx\/fitu27\/wp-content\/uploads\/2020\/01\/venta-de-libros-especializados.png\" alt=\"\">\n                            <\/div><\/div><div class=\"eael-entry-wrapper\"><header class=\"eael-entry-header\"><h2 class=\"eael-entry-title\"><a\n                        class=\"eael-grid-post-link\"\n                        href=\"http:\/\/teatrounam.com.mx\/fitu27\/venta-de-libros-especializados\/\"\n                        title=\"Venta de libros especializados\"\n                        \n                        \n                        >Venta de libros especializados<\/a><\/h2><\/header><div class=\"eael-entry-content\">\n                        <div class=\"eael-grid-post-excerpt\"><a\n                            href=\"http:\/\/teatrounam.com.mx\/fitu27\/venta-de-libros-especializados\/\"\n                            class=\"eael-post-elements-readmore-btn\"\n                            \n                            \n                            >Leer m\u00e1s<\/a><\/div>\n                    <\/div><\/div><\/div>\n        <\/div>\n    <\/article><article class=\"eael-grid-post eael-post-grid-column\" data-id=\"536\">\n        <div class=\"eael-grid-post-holder\">\n            <div class=\"eael-grid-post-holder-inner\"><div class=\"eael-entry-media\"><div class=\"eael-entry-overlay fade-in\"><i class=\"fas fa-long-arrow-alt-right\" aria-hidden=\"true\"><\/i><a\n                            href=\"http:\/\/teatrounam.com.mx\/fitu27\/jardin-sonoro\/\"\n                            \n                            \n                        ><\/a><\/div><div class=\"eael-entry-thumbnail\">\n                                <img src=\"http:\/\/teatrounam.com.mx\/fitu27\/wp-content\/uploads\/2020\/01\/jardin_sonoro.png\" alt=\"\">\n                            <\/div><\/div><div class=\"eael-entry-wrapper\"><header class=\"eael-entry-header\"><h2 class=\"eael-entry-title\"><a\n                        class=\"eael-grid-post-link\"\n                        href=\"http:\/\/teatrounam.com.mx\/fitu27\/jardin-sonoro\/\"\n                        title=\"Jard\u00edn Sonoro\"\n                        \n                        \n                        >Jard\u00edn Sonoro<\/a><\/h2><\/header><div class=\"eael-entry-content\">\n                        <div class=\"eael-grid-post-excerpt\"><a\n                            href=\"http:\/\/teatrounam.com.mx\/fitu27\/jardin-sonoro\/\"\n                            class=\"eael-post-elements-readmore-btn\"\n                            \n                            \n                            >Leer m\u00e1s<\/a><\/div>\n                    <\/div><\/div><\/div>\n        <\/div>\n    <\/article><\/div>\n            <div class=\"clearfix\"><\/div>\n        <\/div>\t\t<\/div>\n\t\t\t\t<\/div>\n\t\t\t\t\t\t<\/div>\n\t\t\t\t\t<\/div>\n\t\t<\/div>\n\t\t\t\t\t\t\t\t<\/div>\n\t\t\t\t\t<\/div>\n\t\t<\/section>\n\t\t\t\t<section class=\"elementor-section elementor-top-section elementor-element elementor-element-05eb649 elementor-section-boxed elementor-section-height-default elementor-section-height-default\" data-id=\"05eb649\" data-element_type=\"section\">\n\t\t\t\t\t\t<div class=\"elementor-container elementor-column-gap-default\">\n\t\t\t\t\t\t\t<div class=\"elementor-row\">\n\t\t\t\t\t<div class=\"elementor-column elementor-col-100 elementor-top-column elementor-element elementor-element-a1d7f73\" data-id=\"a1d7f73\" data-element_type=\"column\">\n\t\t\t<div class=\"elementor-column-wrap\">\n\t\t\t\t\t\t\t<div class=\"elementor-widget-wrap\">\n\t\t\t\t\t\t\t\t<\/div>\n\t\t\t\t\t<\/div>\n\t\t<\/div>\n\t\t\t\t\t\t\t\t<\/div>\n\t\t\t\t\t<\/div>\n\t\t<\/section>\n\t\t\t\t\t\t<\/div>\n\t\t\t\t\t\t<\/div>\n\t\t\t\t\t<\/div>\n\t\t","protected":false},"excerpt":{"rendered":"<p>Estas son la actividades que el FITU ha preparado para este d\u00eda, acomp\u00e1\u00f1anos\u2026.<\/p>\n","protected":false},"author":1,"featured_media":1927,"parent":0,"menu_order":0,"comment_status":"closed","ping_status":"closed","template":"","meta":{"spay_email":""},"yoast_head":"<!-- This site is optimized with the Yoast SEO plugin v16.1.1 - https:\/\/yoast.com\/wordpress\/plugins\/seo\/ -->\n<title>Domingo 9 - 27 Festival Internacional de Teatro Universitario<\/title>\n<meta property=\"og:locale\" content=\"es_MX\" \/>\n<meta property=\"og:type\" content=\"article\" \/>\n<meta property=\"og:title\" content=\"Domingo 9 - 27 Festival Internacional de Teatro Universitario\" \/>\n<meta property=\"og:description\" content=\"Estas son la actividades que el FITU ha preparado para este d\u00eda, acomp\u00e1\u00f1anos\u2026.\" \/>\n<meta property=\"og:url\" content=\"http:\/\/teatrounam.com.mx\/fitu27\/domingo-9\/\" \/>\n<meta property=\"og:site_name\" content=\"27 Festival Internacional de Teatro Universitario\" \/>\n<meta property=\"article:modified_time\" content=\"2020-02-07T17:36:03+00:00\" \/>\n<meta property=\"og:image\" content=\"http:\/\/teatrounam.com.mx\/fitu27\/wp-content\/uploads\/2020\/02\/car_domingo9.png\" \/>\n\t<meta property=\"og:image:width\" content=\"846\" \/>\n\t<meta property=\"og:image:height\" content=\"499\" \/>\n<meta name=\"twitter:card\" content=\"summary_large_image\" \/>\n<script type=\"application\/ld+json\" class=\"yoast-schema-graph\">{\"@context\":\"https:\/\/schema.org\",\"@graph\":[{\"@type\":\"WebSite\",\"@id\":\"http:\/\/teatrounam.com.mx\/fitu27\/#website\",\"url\":\"http:\/\/teatrounam.com.mx\/fitu27\/\",\"name\":\"27 Festival Internacional de Teatro Universitario\",\"description\":\"Del 7 al 16 de febrero 2020\",\"potentialAction\":[{\"@type\":\"SearchAction\",\"target\":\"http:\/\/teatrounam.com.mx\/fitu27\/?s={search_term_string}\",\"query-input\":\"required name=search_term_string\"}],\"inLanguage\":\"es-MX\"},{\"@type\":\"ImageObject\",\"@id\":\"http:\/\/teatrounam.com.mx\/fitu27\/domingo-9\/#primaryimage\",\"inLanguage\":\"es-MX\",\"url\":\"http:\/\/teatrounam.com.mx\/fitu27\/wp-content\/uploads\/2020\/02\/car_domingo9.png\",\"contentUrl\":\"http:\/\/teatrounam.com.mx\/fitu27\/wp-content\/uploads\/2020\/02\/car_domingo9.png\",\"width\":846,\"height\":499},{\"@type\":\"WebPage\",\"@id\":\"http:\/\/teatrounam.com.mx\/fitu27\/domingo-9\/#webpage\",\"url\":\"http:\/\/teatrounam.com.mx\/fitu27\/domingo-9\/\",\"name\":\"Domingo 9 - 27 Festival Internacional de Teatro Universitario\",\"isPartOf\":{\"@id\":\"http:\/\/teatrounam.com.mx\/fitu27\/#website\"},\"primaryImageOfPage\":{\"@id\":\"http:\/\/teatrounam.com.mx\/fitu27\/domingo-9\/#primaryimage\"},\"datePublished\":\"2020-01-31T00:08:26+00:00\",\"dateModified\":\"2020-02-07T17:36:03+00:00\",\"breadcrumb\":{\"@id\":\"http:\/\/teatrounam.com.mx\/fitu27\/domingo-9\/#breadcrumb\"},\"inLanguage\":\"es-MX\",\"potentialAction\":[{\"@type\":\"ReadAction\",\"target\":[\"http:\/\/teatrounam.com.mx\/fitu27\/domingo-9\/\"]}]},{\"@type\":\"BreadcrumbList\",\"@id\":\"http:\/\/teatrounam.com.mx\/fitu27\/domingo-9\/#breadcrumb\",\"itemListElement\":[{\"@type\":\"ListItem\",\"position\":1,\"item\":{\"@type\":\"WebPage\",\"@id\":\"http:\/\/teatrounam.com.mx\/fitu27\/\",\"url\":\"http:\/\/teatrounam.com.mx\/fitu27\/\",\"name\":\"Home\"}},{\"@type\":\"ListItem\",\"position\":2,\"item\":{\"@type\":\"WebPage\",\"@id\":\"http:\/\/teatrounam.com.mx\/fitu27\/domingo-9\/\",\"url\":\"http:\/\/teatrounam.com.mx\/fitu27\/domingo-9\/\",\"name\":\"Domingo 9\"}}]}]}<\/script>\n<!-- \/ Yoast SEO plugin. -->","_links":{"self":[{"href":"http:\/\/teatrounam.com.mx\/fitu27\/wp-json\/wp\/v2\/pages\/1214"}],"collection":[{"href":"http:\/\/teatrounam.com.mx\/fitu27\/wp-json\/wp\/v2\/pages"}],"about":[{"href":"http:\/\/teatrounam.com.mx\/fitu27\/wp-json\/wp\/v2\/types\/page"}],"author":[{"embeddable":true,"href":"http:\/\/teatrounam.com.mx\/fitu27\/wp-json\/wp\/v2\/users\/1"}],"replies":[{"embeddable":true,"href":"http:\/\/teatrounam.com.mx\/fitu27\/wp-json\/wp\/v2\/comments?post=1214"}],"version-history":[{"count":6,"href":"http:\/\/teatrounam.com.mx\/fitu27\/wp-json\/wp\/v2\/pages\/1214\/revisions"}],"predecessor-version":[{"id":1960,"href":"http:\/\/teatrounam.com.mx\/fitu27\/wp-json\/wp\/v2\/pages\/1214\/revisions\/1960"}],"wp:featuredmedia":[{"embeddable":true,"href":"http:\/\/teatrounam.com.mx\/fitu27\/wp-json\/wp\/v2\/media\/1927"}],"wp:attachment":[{"href":"http:\/\/teatrounam.com.mx\/fitu27\/wp-json\/wp\/v2\/media?parent=1214"}],"curies":[{"name":"wp","href":"https:\/\/api.w.org\/{rel}","templated":true}]}}