{"id":1212,"date":"2020-01-31T00:07:50","date_gmt":"2020-01-31T00:07:50","guid":{"rendered":"http:\/\/teatrounam.com.mx\/fitu29\/?page_id=1212"},"modified":"2020-02-07T10:07:02","modified_gmt":"2020-02-07T10:07:02","slug":"sabado-8","status":"publish","type":"page","link":"http:\/\/teatrounam.com.mx\/fitu27\/sabado-8\/","title":{"rendered":"S\u00e1bado 8"},"content":{"rendered":"\t\t<div data-elementor-type=\"wp-page\" data-elementor-id=\"1212\" class=\"elementor elementor-1212\" data-elementor-settings=\"[]\">\n\t\t\t\t\t\t<div class=\"elementor-inner\">\n\t\t\t\t\t\t\t<div class=\"elementor-section-wrap\">\n\t\t\t\t\t\t\t<section class=\"elementor-section elementor-top-section elementor-element elementor-element-f3b989e elementor-section-boxed elementor-section-height-default elementor-section-height-default\" data-id=\"f3b989e\" data-element_type=\"section\">\n\t\t\t\t\t\t<div class=\"elementor-container elementor-column-gap-default\">\n\t\t\t\t\t\t\t<div class=\"elementor-row\">\n\t\t\t\t\t<div class=\"elementor-column elementor-col-100 elementor-top-column elementor-element elementor-element-19b5b18\" data-id=\"19b5b18\" data-element_type=\"column\">\n\t\t\t<div class=\"elementor-column-wrap elementor-element-populated\">\n\t\t\t\t\t\t\t<div class=\"elementor-widget-wrap\">\n\t\t\t\t\t\t<div class=\"elementor-element elementor-element-4fb8b3b elementor-grid-eael-col-3 elementor-grid-tablet-eael-col-2 elementor-grid-mobile-eael-col-1 elementor-widget elementor-widget-eael-post-grid\" data-id=\"4fb8b3b\" data-element_type=\"widget\" data-settings=\"{&quot;eael_post_grid_columns&quot;:&quot;eael-col-3&quot;,&quot;eael_post_grid_columns_tablet&quot;:&quot;eael-col-2&quot;,&quot;eael_post_grid_columns_mobile&quot;:&quot;eael-col-1&quot;}\" data-widget_type=\"eael-post-grid.default\">\n\t\t\t\t<div class=\"elementor-widget-container\">\n\t\t\t<div id=\"eael-post-grid-4fb8b3b\" class=\"eael-post-grid-container\">\n            <div class=\"eael-post-grid eael-post-appender eael-post-appender-4fb8b3b eael-post-grid-style-default\" data-layout-mode=\"masonry\"><article class=\"eael-grid-post eael-post-grid-column\" data-id=\"882\">\n        <div class=\"eael-grid-post-holder\">\n            <div class=\"eael-grid-post-holder-inner\"><div class=\"eael-entry-media\"><div class=\"eael-entry-overlay fade-in\"><i class=\"fas fa-long-arrow-alt-right\" aria-hidden=\"true\"><\/i><a\n                            href=\"http:\/\/teatrounam.com.mx\/fitu27\/teatro-para-aliens\/\"\n                            \n                            \n                        ><\/a><\/div><div class=\"eael-entry-thumbnail\">\n                                <img src=\"http:\/\/teatrounam.com.mx\/fitu27\/wp-content\/uploads\/2020\/01\/Teatro-para-aliens.png\" alt=\"\">\n                            <\/div><\/div><div class=\"eael-entry-wrapper\"><header class=\"eael-entry-header\"><h2 class=\"eael-entry-title\"><a\n                        class=\"eael-grid-post-link\"\n                        href=\"http:\/\/teatrounam.com.mx\/fitu27\/teatro-para-aliens\/\"\n                        title=\"Teatro para aliens\"\n                        \n                        \n                        >Teatro para aliens<\/a><\/h2><\/header><div class=\"eael-entry-content\">\n                        <div class=\"eael-grid-post-excerpt\"><a\n                            href=\"http:\/\/teatrounam.com.mx\/fitu27\/teatro-para-aliens\/\"\n                            class=\"eael-post-elements-readmore-btn\"\n                            \n                            \n                            >Leer m\u00e1s<\/a><\/div>\n                    <\/div><\/div><\/div>\n        <\/div>\n    <\/article><article class=\"eael-grid-post eael-post-grid-column\" data-id=\"877\">\n        <div class=\"eael-grid-post-holder\">\n            <div class=\"eael-grid-post-holder-inner\"><div class=\"eael-entry-media\"><div class=\"eael-entry-overlay fade-in\"><i class=\"fas fa-long-arrow-alt-right\" aria-hidden=\"true\"><\/i><a\n                            href=\"http:\/\/teatrounam.com.mx\/fitu27\/ella-miro-un-pajaro-blanco-cruzar-el-cielo-y-penso-que-podia-ser-una-gaviota\/\"\n                            \n                            \n                        ><\/a><\/div><div class=\"eael-entry-thumbnail\">\n                                <img src=\"http:\/\/teatrounam.com.mx\/fitu27\/wp-content\/uploads\/2020\/01\/Ella-miro.png\" alt=\"\">\n                            <\/div><\/div><div class=\"eael-entry-wrapper\"><header class=\"eael-entry-header\"><h2 class=\"eael-entry-title\"><a\n                        class=\"eael-grid-post-link\"\n                        href=\"http:\/\/teatrounam.com.mx\/fitu27\/ella-miro-un-pajaro-blanco-cruzar-el-cielo-y-penso-que-podia-ser-una-gaviota\/\"\n                        title=\"Ella mir\u00f3 un p\u00e1jaro blanco cruzar el cielo y pens\u00f3 que pod\u00eda ser una gaviota\"\n                        \n                        \n                        >Ella mir\u00f3 un p\u00e1jaro blanco cruzar el cielo y pens\u00f3 que pod\u00eda ser una gaviota<\/a><\/h2><\/header><div class=\"eael-entry-content\">\n                        <div class=\"eael-grid-post-excerpt\"><a\n                            href=\"http:\/\/teatrounam.com.mx\/fitu27\/ella-miro-un-pajaro-blanco-cruzar-el-cielo-y-penso-que-podia-ser-una-gaviota\/\"\n                            class=\"eael-post-elements-readmore-btn\"\n                            \n                            \n                            >Leer m\u00e1s<\/a><\/div>\n                    <\/div><\/div><\/div>\n        <\/div>\n    <\/article><article class=\"eael-grid-post eael-post-grid-column\" data-id=\"872\">\n        <div class=\"eael-grid-post-holder\">\n            <div class=\"eael-grid-post-holder-inner\"><div class=\"eael-entry-media\"><div class=\"eael-entry-overlay fade-in\"><i class=\"fas fa-long-arrow-alt-right\" aria-hidden=\"true\"><\/i><a\n                            href=\"http:\/\/teatrounam.com.mx\/fitu27\/alphonse\/\"\n                            \n                            \n                        ><\/a><\/div><div class=\"eael-entry-thumbnail\">\n                                <img src=\"http:\/\/teatrounam.com.mx\/fitu27\/wp-content\/uploads\/2020\/01\/alphonse.png\" alt=\"\">\n                            <\/div><\/div><div class=\"eael-entry-wrapper\"><header class=\"eael-entry-header\"><h2 class=\"eael-entry-title\"><a\n                        class=\"eael-grid-post-link\"\n                        href=\"http:\/\/teatrounam.com.mx\/fitu27\/alphonse\/\"\n                        title=\"Alphonse\"\n                        \n                        \n                        >Alphonse<\/a><\/h2><\/header><div class=\"eael-entry-content\">\n                        <div class=\"eael-grid-post-excerpt\"><a\n                            href=\"http:\/\/teatrounam.com.mx\/fitu27\/alphonse\/\"\n                            class=\"eael-post-elements-readmore-btn\"\n                            \n                            \n                            >Leer m\u00e1s<\/a><\/div>\n                    <\/div><\/div><\/div>\n        <\/div>\n    <\/article><article class=\"eael-grid-post eael-post-grid-column\" data-id=\"668\">\n        <div class=\"eael-grid-post-holder\">\n            <div class=\"eael-grid-post-holder-inner\"><div class=\"eael-entry-media\"><div class=\"eael-entry-overlay fade-in\"><i class=\"fas fa-long-arrow-alt-right\" aria-hidden=\"true\"><\/i><a\n                            href=\"http:\/\/teatrounam.com.mx\/fitu27\/mujeres-de-arena\/\"\n                            \n                            \n                        ><\/a><\/div><div class=\"eael-entry-thumbnail\">\n                                <img src=\"http:\/\/teatrounam.com.mx\/fitu27\/wp-content\/uploads\/2020\/01\/Mujeres-de-arena-1.png\" alt=\"\">\n                            <\/div><\/div><div class=\"eael-entry-wrapper\"><header class=\"eael-entry-header\"><h2 class=\"eael-entry-title\"><a\n                        class=\"eael-grid-post-link\"\n                        href=\"http:\/\/teatrounam.com.mx\/fitu27\/mujeres-de-arena\/\"\n                        title=\"Mujeres de arena\"\n                        \n                        \n                        >Mujeres de arena<\/a><\/h2><\/header><div class=\"eael-entry-content\">\n                        <div class=\"eael-grid-post-excerpt\"><a\n                            href=\"http:\/\/teatrounam.com.mx\/fitu27\/mujeres-de-arena\/\"\n                            class=\"eael-post-elements-readmore-btn\"\n                            \n                            \n                            >Leer m\u00e1s<\/a><\/div>\n                    <\/div><\/div><\/div>\n        <\/div>\n    <\/article><article class=\"eael-grid-post eael-post-grid-column\" data-id=\"654\">\n        <div class=\"eael-grid-post-holder\">\n            <div class=\"eael-grid-post-holder-inner\"><div class=\"eael-entry-media\"><div class=\"eael-entry-overlay fade-in\"><i class=\"fas fa-long-arrow-alt-right\" aria-hidden=\"true\"><\/i><a\n                            href=\"http:\/\/teatrounam.com.mx\/fitu27\/el-cornudo-imaginario\/\"\n                            \n                            \n                        ><\/a><\/div><div class=\"eael-entry-thumbnail\">\n                                <img src=\"http:\/\/teatrounam.com.mx\/fitu27\/wp-content\/uploads\/2020\/01\/cornudo.jpg\" alt=\"\">\n                            <\/div><\/div><div class=\"eael-entry-wrapper\"><header class=\"eael-entry-header\"><h2 class=\"eael-entry-title\"><a\n                        class=\"eael-grid-post-link\"\n                        href=\"http:\/\/teatrounam.com.mx\/fitu27\/el-cornudo-imaginario\/\"\n                        title=\"El cornudo imaginario\"\n                        \n                        \n                        >El cornudo imaginario<\/a><\/h2><\/header><div class=\"eael-entry-content\">\n                        <div class=\"eael-grid-post-excerpt\"><a\n                            href=\"http:\/\/teatrounam.com.mx\/fitu27\/el-cornudo-imaginario\/\"\n                            class=\"eael-post-elements-readmore-btn\"\n                            \n                            \n                            >Leer m\u00e1s<\/a><\/div>\n                    <\/div><\/div><\/div>\n        <\/div>\n    <\/article><article class=\"eael-grid-post eael-post-grid-column\" data-id=\"639\">\n        <div class=\"eael-grid-post-holder\">\n            <div class=\"eael-grid-post-holder-inner\"><div class=\"eael-entry-media\"><div class=\"eael-entry-overlay fade-in\"><i class=\"fas fa-long-arrow-alt-right\" aria-hidden=\"true\"><\/i><a\n                            href=\"http:\/\/teatrounam.com.mx\/fitu27\/tum\/\"\n                            \n                            \n                        ><\/a><\/div><div class=\"eael-entry-thumbnail\">\n                                <img src=\"http:\/\/teatrounam.com.mx\/fitu27\/wp-content\/uploads\/2020\/01\/TUM.png\" alt=\"\">\n                            <\/div><\/div><div class=\"eael-entry-wrapper\"><header class=\"eael-entry-header\"><h2 class=\"eael-entry-title\"><a\n                        class=\"eael-grid-post-link\"\n                        href=\"http:\/\/teatrounam.com.mx\/fitu27\/tum\/\"\n                        title=\"TUM\"\n                        \n                        \n                        >TUM<\/a><\/h2><\/header><div class=\"eael-entry-content\">\n                        <div class=\"eael-grid-post-excerpt\"><a\n                            href=\"http:\/\/teatrounam.com.mx\/fitu27\/tum\/\"\n                            class=\"eael-post-elements-readmore-btn\"\n                            \n                            \n                            >Leer m\u00e1s<\/a><\/div>\n                    <\/div><\/div><\/div>\n        <\/div>\n    <\/article><article class=\"eael-grid-post eael-post-grid-column\" data-id=\"613\">\n        <div class=\"eael-grid-post-holder\">\n            <div class=\"eael-grid-post-holder-inner\"><div class=\"eael-entry-media\"><div class=\"eael-entry-overlay fade-in\"><i class=\"fas fa-long-arrow-alt-right\" aria-hidden=\"true\"><\/i><a\n                            href=\"http:\/\/teatrounam.com.mx\/fitu27\/abyeccion-3-salud-publica-compania-cromagnon\/\"\n                            \n                            \n                        ><\/a><\/div><div class=\"eael-entry-thumbnail\">\n                                <img src=\"http:\/\/teatrounam.com.mx\/fitu27\/wp-content\/uploads\/2020\/01\/Abyeccion-bueno.png\" alt=\"\">\n                            <\/div><\/div><div class=\"eael-entry-wrapper\"><header class=\"eael-entry-header\"><h2 class=\"eael-entry-title\"><a\n                        class=\"eael-grid-post-link\"\n                        href=\"http:\/\/teatrounam.com.mx\/fitu27\/abyeccion-3-salud-publica-compania-cromagnon\/\"\n                        title=\"Abyecci\u00f3n 3: Salud P\u00fablica \/ Compa\u00f1\u00eda CroMagnon\"\n                        \n                        \n                        >Abyecci\u00f3n 3: Salud P\u00fablica \/ Compa\u00f1\u00eda CroMagnon<\/a><\/h2><\/header><div class=\"eael-entry-content\">\n                        <div class=\"eael-grid-post-excerpt\"><a\n                            href=\"http:\/\/teatrounam.com.mx\/fitu27\/abyeccion-3-salud-publica-compania-cromagnon\/\"\n                            class=\"eael-post-elements-readmore-btn\"\n                            \n                            \n                            >Leer m\u00e1s<\/a><\/div>\n                    <\/div><\/div><\/div>\n        <\/div>\n    <\/article><article class=\"eael-grid-post eael-post-grid-column\" data-id=\"603\">\n        <div class=\"eael-grid-post-holder\">\n            <div class=\"eael-grid-post-holder-inner\"><div class=\"eael-entry-media\"><div class=\"eael-entry-overlay fade-in\"><i class=\"fas fa-long-arrow-alt-right\" aria-hidden=\"true\"><\/i><a\n                            href=\"http:\/\/teatrounam.com.mx\/fitu27\/del-susurro-al-grito-jovenes-creadoras-de-la-escena-actual\/\"\n                            \n                            \n                        ><\/a><\/div><div class=\"eael-entry-thumbnail\">\n                                <img src=\"http:\/\/teatrounam.com.mx\/fitu27\/wp-content\/uploads\/2020\/01\/Del-susurro-1.png\" alt=\"\">\n                            <\/div><\/div><div class=\"eael-entry-wrapper\"><header class=\"eael-entry-header\"><h2 class=\"eael-entry-title\"><a\n                        class=\"eael-grid-post-link\"\n                        href=\"http:\/\/teatrounam.com.mx\/fitu27\/del-susurro-al-grito-jovenes-creadoras-de-la-escena-actual\/\"\n                        title=\"Del susurro al grito. J\u00f3venes creadoras de la escena actual\"\n                        \n                        \n                        >Del susurro al grito. J\u00f3venes creadoras de la escena actual<\/a><\/h2><\/header><div class=\"eael-entry-content\">\n                        <div class=\"eael-grid-post-excerpt\"><a\n                            href=\"http:\/\/teatrounam.com.mx\/fitu27\/del-susurro-al-grito-jovenes-creadoras-de-la-escena-actual\/\"\n                            class=\"eael-post-elements-readmore-btn\"\n                            \n                            \n                            >Leer m\u00e1s<\/a><\/div>\n                    <\/div><\/div><\/div>\n        <\/div>\n    <\/article><article class=\"eael-grid-post eael-post-grid-column\" data-id=\"592\">\n        <div class=\"eael-grid-post-holder\">\n            <div class=\"eael-grid-post-holder-inner\"><div class=\"eael-entry-media\"><div class=\"eael-entry-overlay fade-in\"><i class=\"fas fa-long-arrow-alt-right\" aria-hidden=\"true\"><\/i><a\n                            href=\"http:\/\/teatrounam.com.mx\/fitu27\/venta-de-libros-especializados\/\"\n                            \n                            \n                        ><\/a><\/div><div class=\"eael-entry-thumbnail\">\n                                <img src=\"http:\/\/teatrounam.com.mx\/fitu27\/wp-content\/uploads\/2020\/01\/venta-de-libros-especializados.png\" alt=\"\">\n                            <\/div><\/div><div class=\"eael-entry-wrapper\"><header class=\"eael-entry-header\"><h2 class=\"eael-entry-title\"><a\n                        class=\"eael-grid-post-link\"\n                        href=\"http:\/\/teatrounam.com.mx\/fitu27\/venta-de-libros-especializados\/\"\n                        title=\"Venta de libros especializados\"\n                        \n                        \n                        >Venta de libros especializados<\/a><\/h2><\/header><div class=\"eael-entry-content\">\n                        <div class=\"eael-grid-post-excerpt\"><a\n                            href=\"http:\/\/teatrounam.com.mx\/fitu27\/venta-de-libros-especializados\/\"\n                            class=\"eael-post-elements-readmore-btn\"\n                            \n                            \n                            >Leer m\u00e1s<\/a><\/div>\n                    <\/div><\/div><\/div>\n        <\/div>\n    <\/article><article class=\"eael-grid-post eael-post-grid-column\" data-id=\"536\">\n        <div class=\"eael-grid-post-holder\">\n            <div class=\"eael-grid-post-holder-inner\"><div class=\"eael-entry-media\"><div class=\"eael-entry-overlay fade-in\"><i class=\"fas fa-long-arrow-alt-right\" aria-hidden=\"true\"><\/i><a\n                            href=\"http:\/\/teatrounam.com.mx\/fitu27\/jardin-sonoro\/\"\n                            \n                            \n                        ><\/a><\/div><div class=\"eael-entry-thumbnail\">\n                                <img src=\"http:\/\/teatrounam.com.mx\/fitu27\/wp-content\/uploads\/2020\/01\/jardin_sonoro.png\" alt=\"\">\n                            <\/div><\/div><div class=\"eael-entry-wrapper\"><header class=\"eael-entry-header\"><h2 class=\"eael-entry-title\"><a\n                        class=\"eael-grid-post-link\"\n                        href=\"http:\/\/teatrounam.com.mx\/fitu27\/jardin-sonoro\/\"\n                        title=\"Jard\u00edn Sonoro\"\n                        \n                        \n                        >Jard\u00edn Sonoro<\/a><\/h2><\/header><div class=\"eael-entry-content\">\n                        <div class=\"eael-grid-post-excerpt\"><a\n                            href=\"http:\/\/teatrounam.com.mx\/fitu27\/jardin-sonoro\/\"\n                            class=\"eael-post-elements-readmore-btn\"\n                            \n                            \n                            >Leer m\u00e1s<\/a><\/div>\n                    <\/div><\/div><\/div>\n        <\/div>\n    <\/article><\/div>\n            <div class=\"clearfix\"><\/div>\n        <\/div>\t\t<\/div>\n\t\t\t\t<\/div>\n\t\t\t\t\t\t<\/div>\n\t\t\t\t\t<\/div>\n\t\t<\/div>\n\t\t\t\t\t\t\t\t<\/div>\n\t\t\t\t\t<\/div>\n\t\t<\/section>\n\t\t\t\t<section class=\"elementor-section elementor-top-section elementor-element elementor-element-05eb649 elementor-section-boxed elementor-section-height-default elementor-section-height-default\" data-id=\"05eb649\" data-element_type=\"section\">\n\t\t\t\t\t\t<div class=\"elementor-container elementor-column-gap-default\">\n\t\t\t\t\t\t\t<div class=\"elementor-row\">\n\t\t\t\t\t<div class=\"elementor-column elementor-col-100 elementor-top-column elementor-element elementor-element-a1d7f73\" data-id=\"a1d7f73\" data-element_type=\"column\">\n\t\t\t<div class=\"elementor-column-wrap\">\n\t\t\t\t\t\t\t<div class=\"elementor-widget-wrap\">\n\t\t\t\t\t\t\t\t<\/div>\n\t\t\t\t\t<\/div>\n\t\t<\/div>\n\t\t\t\t\t\t\t\t<\/div>\n\t\t\t\t\t<\/div>\n\t\t<\/section>\n\t\t\t\t\t\t<\/div>\n\t\t\t\t\t\t<\/div>\n\t\t\t\t\t<\/div>\n\t\t","protected":false},"excerpt":{"rendered":"<p>Estas son la actividades que elFitu ha preparado para este d\u00eda, acomp\u00e1\u00f1anos\u2026.<\/p>\n","protected":false},"author":1,"featured_media":1929,"parent":0,"menu_order":0,"comment_status":"closed","ping_status":"closed","template":"","meta":{"spay_email":""},"yoast_head":"<!-- This site is optimized with the Yoast SEO plugin v16.1.1 - https:\/\/yoast.com\/wordpress\/plugins\/seo\/ -->\n<title>S\u00e1bado 8 - 27 Festival Internacional de Teatro Universitario<\/title>\n<meta property=\"og:locale\" content=\"es_MX\" \/>\n<meta property=\"og:type\" content=\"article\" \/>\n<meta property=\"og:title\" content=\"S\u00e1bado 8 - 27 Festival Internacional de Teatro Universitario\" \/>\n<meta property=\"og:description\" content=\"Estas son la actividades que elFitu ha preparado para este d\u00eda, acomp\u00e1\u00f1anos\u2026.\" \/>\n<meta property=\"og:url\" content=\"http:\/\/teatrounam.com.mx\/fitu27\/sabado-8\/\" \/>\n<meta property=\"og:site_name\" content=\"27 Festival Internacional de Teatro Universitario\" \/>\n<meta property=\"article:modified_time\" content=\"2020-02-07T10:07:02+00:00\" \/>\n<meta property=\"og:image\" content=\"http:\/\/teatrounam.com.mx\/fitu27\/wp-content\/uploads\/2020\/02\/cartelera_sab_8.png\" \/>\n\t<meta property=\"og:image:width\" content=\"846\" \/>\n\t<meta property=\"og:image:height\" content=\"499\" \/>\n<meta name=\"twitter:card\" content=\"summary_large_image\" \/>\n<script type=\"application\/ld+json\" class=\"yoast-schema-graph\">{\"@context\":\"https:\/\/schema.org\",\"@graph\":[{\"@type\":\"WebSite\",\"@id\":\"http:\/\/teatrounam.com.mx\/fitu27\/#website\",\"url\":\"http:\/\/teatrounam.com.mx\/fitu27\/\",\"name\":\"27 Festival Internacional de Teatro Universitario\",\"description\":\"Del 7 al 16 de febrero 2020\",\"potentialAction\":[{\"@type\":\"SearchAction\",\"target\":\"http:\/\/teatrounam.com.mx\/fitu27\/?s={search_term_string}\",\"query-input\":\"required name=search_term_string\"}],\"inLanguage\":\"es-MX\"},{\"@type\":\"ImageObject\",\"@id\":\"http:\/\/teatrounam.com.mx\/fitu27\/sabado-8\/#primaryimage\",\"inLanguage\":\"es-MX\",\"url\":\"http:\/\/teatrounam.com.mx\/fitu27\/wp-content\/uploads\/2020\/02\/cartelera_sab_8.png\",\"contentUrl\":\"http:\/\/teatrounam.com.mx\/fitu27\/wp-content\/uploads\/2020\/02\/cartelera_sab_8.png\",\"width\":846,\"height\":499},{\"@type\":\"WebPage\",\"@id\":\"http:\/\/teatrounam.com.mx\/fitu27\/sabado-8\/#webpage\",\"url\":\"http:\/\/teatrounam.com.mx\/fitu27\/sabado-8\/\",\"name\":\"S\\u00e1bado 8 - 27 Festival Internacional de Teatro Universitario\",\"isPartOf\":{\"@id\":\"http:\/\/teatrounam.com.mx\/fitu27\/#website\"},\"primaryImageOfPage\":{\"@id\":\"http:\/\/teatrounam.com.mx\/fitu27\/sabado-8\/#primaryimage\"},\"datePublished\":\"2020-01-31T00:07:50+00:00\",\"dateModified\":\"2020-02-07T10:07:02+00:00\",\"breadcrumb\":{\"@id\":\"http:\/\/teatrounam.com.mx\/fitu27\/sabado-8\/#breadcrumb\"},\"inLanguage\":\"es-MX\",\"potentialAction\":[{\"@type\":\"ReadAction\",\"target\":[\"http:\/\/teatrounam.com.mx\/fitu27\/sabado-8\/\"]}]},{\"@type\":\"BreadcrumbList\",\"@id\":\"http:\/\/teatrounam.com.mx\/fitu27\/sabado-8\/#breadcrumb\",\"itemListElement\":[{\"@type\":\"ListItem\",\"position\":1,\"item\":{\"@type\":\"WebPage\",\"@id\":\"https:\/\/teatrounam.com.mx\/fitu27\/\",\"url\":\"https:\/\/teatrounam.com.mx\/fitu27\/\",\"name\":\"Home\"}},{\"@type\":\"ListItem\",\"position\":2,\"item\":{\"@type\":\"WebPage\",\"@id\":\"http:\/\/teatrounam.com.mx\/fitu27\/sabado-8\/\",\"url\":\"http:\/\/teatrounam.com.mx\/fitu27\/sabado-8\/\",\"name\":\"S\\u00e1bado 8\"}}]}]}<\/script>\n<!-- \/ Yoast SEO plugin. -->","_links":{"self":[{"href":"http:\/\/teatrounam.com.mx\/fitu27\/wp-json\/wp\/v2\/pages\/1212"}],"collection":[{"href":"http:\/\/teatrounam.com.mx\/fitu27\/wp-json\/wp\/v2\/pages"}],"about":[{"href":"http:\/\/teatrounam.com.mx\/fitu27\/wp-json\/wp\/v2\/types\/page"}],"author":[{"embeddable":true,"href":"http:\/\/teatrounam.com.mx\/fitu27\/wp-json\/wp\/v2\/users\/1"}],"replies":[{"embeddable":true,"href":"http:\/\/teatrounam.com.mx\/fitu27\/wp-json\/wp\/v2\/comments?post=1212"}],"version-history":[{"count":6,"href":"http:\/\/teatrounam.com.mx\/fitu27\/wp-json\/wp\/v2\/pages\/1212\/revisions"}],"predecessor-version":[{"id":1932,"href":"http:\/\/teatrounam.com.mx\/fitu27\/wp-json\/wp\/v2\/pages\/1212\/revisions\/1932"}],"wp:featuredmedia":[{"embeddable":true,"href":"http:\/\/teatrounam.com.mx\/fitu27\/wp-json\/wp\/v2\/media\/1929"}],"wp:attachment":[{"href":"http:\/\/teatrounam.com.mx\/fitu27\/wp-json\/wp\/v2\/media?parent=1212"}],"curies":[{"name":"wp","href":"https:\/\/api.w.org\/{rel}","templated":true}]}}